{"id":1381,"date":"2024-01-12T15:41:58","date_gmt":"2024-01-12T15:41:58","guid":{"rendered":"https:\/\/informedeactividesfesi.iztacala.unam.mx\/?page_id=1381"},"modified":"2024-01-12T15:42:01","modified_gmt":"2024-01-12T15:42:01","slug":"introduccion","status":"publish","type":"page","link":"https:\/\/informedeactividesfesi.iztacala.unam.mx\/index.php\/introduccion\/","title":{"rendered":"Introducci\u00f3n"},"content":{"rendered":"<div class=\"wp-block-image\">\n<figure class=\"wp-duotone-unset-1 alignleft size-large is-resized\"><img decoding=\"async\" loading=\"lazy\" src=\"https:\/\/informedeactividesfesi.iztacala.unam.mx\/wp-content\/uploads\/2023\/12\/IMG_3348-edited.jpg\" alt=\"\" class=\"wp-image-1478\" width=\"306\" height=\"190\"\/><\/figure><\/div>\n\n\n<p>Este informe de actividades incluye un an\u00e1lisis especial que considera, no s\u00f3lo los resultados del a\u00f1o 2023, sino tambi\u00e9n de los \u00faltimos cuatro a\u00f1os que he estado como responsable de la direcci\u00f3n de la Facultad de Estudios Superiores Iztacala.<\/p>\n\n\n\n<p>Resulta reiterativo pero necesario el recordar que dentro de dicho periodo vivimos bajo condiciones extraordinarias a raz\u00f3n de la emergencia sanitaria, lo que no solo afect\u00f3 nuestras actividades acad\u00e9micas y profesionales, sino las personales, nuestro estado de salud f\u00edsica y mental y con cuyas consecuencias a\u00fan lidiamos, principalmente con las afectaciones que tienen y sufren en estos momentos nuestros alumnos y alumnas.<\/p>\n\n\n\n<p>La actitud y sobre todo la acci\u00f3n de nuestra instituci\u00f3n, represent\u00f3 un basti\u00f3n incansable y muy necesario ante dicha situaci\u00f3n y me siento profundamente orgullosa de que, desde la FES Iztacala, lejos de convertirse en la perfecta justificaci\u00f3n, result\u00f3 en una motivaci\u00f3n para que el d\u00eda de hoy podamos entregar resultados puntuales que nos contin\u00faen posicionando como una multidisciplinaria s\u00f3lida, que da resultados producto del trabajo constante y comprometido de una comunidad consciente del compromiso social que tenemos. Aprovecho la oportunidad para agradecerles y reconocer su trabajo y esfuerzo.<\/p>\n\n\n\n<p>El proceso definitivamente no ha sido sencillo, nuestras \u00e1reas de oportunidad se han mostrado y hoy continuamos trabajando para subsanarlas, con el firme prop\u00f3sito de mejorar las condiciones en las que nos encontr\u00e1bamos hace cuatro a\u00f1os.<\/p>\n\n\n\n<p>Hemos aprendido a prescindir de las aulas, pero a valorar nuestros espacios y aprovecharlos ahora que los tenemos de vuelta. Nos dimos cuenta de que todas y todos debemos priorizar nuestra salud mental. Reconocemos y aprovechamos las ventajas de los formatos digitales que permiten el trabajo a distancia y tambi\u00e9n mejoramos los procesos presenciales para ser m\u00e1s pr\u00e1cticos y sobre todo eficientes. Hemos reiterado y comprobado que la investigaci\u00f3n, la ciencia y el conocimiento son la base para la soluci\u00f3n de problemas y el beneficio de todas y todos; es decir, hemos evolucionado y encontrado la manera de construir en positivo ante una situaci\u00f3n cr\u00edtica, lamentable y profundamente triste.&nbsp;<\/p>\n\n\n\n<p>La Facultad de Estudios Superiores Iztacala hoy ostenta madurez y estabilidad y ser\u00eda injusto e incorrecto el pensar que es exclusivamente producto del trabajo que presento el d\u00eda de hoy; es un c\u00famulo de esfuerzos de personas que a trav\u00e9s de distintas generaciones, han dedicado su labor profesional a la evoluci\u00f3n de Iztacala, encabezados por mujeres y hombres a quienes les agradezco su presencia el d\u00eda de hoy: nuestras y nuestros ex directores, a quienes reconozco y agradezco por permitir que los resultados de su servidora y del equipo que encabezo, tenga las bases firmes en las que hemos podido construir lo que el d\u00eda de hoy compilo de manera poco justa en este informe y que pongo a consideraci\u00f3n del Sr. Rector, Dr. Leonardo Lomel\u00ed Vanegas, pero sobre todo, de mi comunidad.<\/p>\n\n\n\n<p>Presento este cuarto informe de las actividades realizadas durante el a\u00f1o 2023 conforme lo establece el Art\u00edculo 9 del Reglamento de Planeaci\u00f3n de la UNAM y las directrices establecidas por el Plan de Desarrollo de la Universidad, encabezado por el Sr. Rector y en apego con el Plan de Desarrollo Institucional de la FES Iztacala 2020-2024, este informe se puede consultar en la p\u00e1gina de internet de nuestra Facultad.<\/p>\n\n\n\n<h2 class=\"wp-block-heading has-text-align-center has-text-color\" style=\"color:#539590\"><strong>Plan de Desarrollo Institucional 2020-2024<\/strong><\/h2>\n\n\n\n<p>Al t\u00e9rmino de mi gesti\u00f3n al frente de la FES Iztacala en 2023 se tiene un avance del 93.5% del Plan de Desarrollo Institucional que comprende 7 programas, 22 subprogramas y 68 proyectos estrat\u00e9gicos que engloban las funciones sustanciales de la Facultad.<\/p>\n\n\n<div class=\"wp-block-image\">\n<figure class=\"aligncenter size-full is-resized\"><img decoding=\"async\" src=\"https:\/\/informedeactividesfesi.iztacala.unam.mx\/wp-content\/uploads\/2023\/12\/1.0.png\" alt=\"\" class=\"wp-image-1947\" width=\"820\" srcset=\"https:\/\/informedeactividesfesi.iztacala.unam.mx\/wp-content\/uploads\/2023\/12\/1.0.png 1090w, https:\/\/informedeactividesfesi.iztacala.unam.mx\/wp-content\/uploads\/2023\/12\/1.0-300x291.png 300w, https:\/\/informedeactividesfesi.iztacala.unam.mx\/wp-content\/uploads\/2023\/12\/1.0-1024x992.png 1024w, https:\/\/informedeactividesfesi.iztacala.unam.mx\/wp-content\/uploads\/2023\/12\/1.0-768x744.png 768w\" sizes=\"(max-width: 1090px) 100vw, 1090px\" \/><\/figure><\/div>\n\n\n<figure class=\"wp-block-image alignfull size-full\"><img decoding=\"async\" loading=\"lazy\" width=\"2333\" height=\"316\" src=\"https:\/\/informedeactividesfesi.iztacala.unam.mx\/wp-content\/uploads\/2023\/12\/2023_textura.png\" alt=\"\" class=\"wp-image-1453\" srcset=\"https:\/\/informedeactividesfesi.iztacala.unam.mx\/wp-content\/uploads\/2023\/12\/2023_textura.png 2333w, https:\/\/informedeactividesfesi.iztacala.unam.mx\/wp-content\/uploads\/2023\/12\/2023_textura-300x41.png 300w, https:\/\/informedeactividesfesi.iztacala.unam.mx\/wp-content\/uploads\/2023\/12\/2023_textura-1024x139.png 1024w, https:\/\/informedeactividesfesi.iztacala.unam.mx\/wp-content\/uploads\/2023\/12\/2023_textura-768x104.png 768w, https:\/\/informedeactividesfesi.iztacala.unam.mx\/wp-content\/uploads\/2023\/12\/2023_textura-1536x208.png 1536w, https:\/\/informedeactividesfesi.iztacala.unam.mx\/wp-content\/uploads\/2023\/12\/2023_textura-2048x277.png 2048w\" sizes=\"(max-width: 2333px) 100vw, 2333px\" \/><\/figure>\n\n\n\n<p><\/p>\n\n\n\n<div class=\"wp-block-buttons is-content-justification-center is-layout-flex wp-container-2\" style=\"letter-spacing:1px\">\n<div class=\"wp-block-button\" style=\"font-style:normal;font-weight:600\"><a class=\"wp-block-button__link has-nv-text-dark-bg-color has-text-color has-background wp-element-button\" href=\"informedeactividesfesi.iztacala.unam.mx\/index.php\/cuarto-informe\/\" style=\"border-radius:100px;background-color:#4a4f80\">&lt;<\/a><\/div>\n\n\n\n<div class=\"wp-block-button has-custom-font-size\" style=\"font-size:18px\"><a class=\"wp-block-button__link has-nv-light-bg-background-color has-text-color has-background wp-element-button\" href=\"informedeactividesfesi.iztacala.unam.mx\/index.php\/cuarto-informe\/\" style=\"border-radius:100px;color:#4a4f80\">MEN\u00da PRINCIPAL<\/a><\/div>\n\n\n\n<div class=\"wp-block-button\" style=\"font-style:normal;font-weight:600\"><a class=\"wp-block-button__link has-nv-text-dark-bg-color has-text-color has-background wp-element-button\" href=\"informedeactividesfesi.iztacala.unam.mx\/index.php\/fortalecimiento-academico-2\/\" style=\"border-radius:100px;background-color:#4a4f80\">&gt;<\/a><\/div>\n<\/div>\n","protected":false},"excerpt":{"rendered":"<p>Este informe de actividades incluye un an\u00e1lisis especial que considera, no s\u00f3lo los resultados del a\u00f1o 2023, sino tambi\u00e9n de los \u00faltimos cuatro a\u00f1os que he estado como responsable de la direcci\u00f3n de la Facultad de Estudios Superiores Iztacala. Resulta reiterativo pero necesario el recordar que dentro de dicho periodo vivimos bajo condiciones extraordinarias a&hellip;&nbsp;<a href=\"https:\/\/informedeactividesfesi.iztacala.unam.mx\/index.php\/introduccion\/\" class=\"\" rel=\"bookmark\">Leer m\u00e1s &raquo;<span class=\"screen-reader-text\">Introducci\u00f3n<\/span><\/a><\/p>\n","protected":false},"author":8,"featured_media":0,"parent":0,"menu_order":0,"comment_status":"closed","ping_status":"closed","template":"","meta":{"neve_meta_sidebar":"full-width","neve_meta_container":"","neve_meta_enable_content_width":"on","neve_meta_content_width":100,"neve_meta_title_alignment":"","neve_meta_author_avatar":"","neve_post_elements_order":"","neve_meta_disable_header":"","neve_meta_disable_footer":"","neve_meta_disable_title":"","spay_email":""},"_links":{"self":[{"href":"https:\/\/informedeactividesfesi.iztacala.unam.mx\/index.php\/wp-json\/wp\/v2\/pages\/1381"}],"collection":[{"href":"https:\/\/informedeactividesfesi.iztacala.unam.mx\/index.php\/wp-json\/wp\/v2\/pages"}],"about":[{"href":"https:\/\/informedeactividesfesi.iztacala.unam.mx\/index.php\/wp-json\/wp\/v2\/types\/page"}],"author":[{"embeddable":true,"href":"https:\/\/informedeactividesfesi.iztacala.unam.mx\/index.php\/wp-json\/wp\/v2\/users\/8"}],"replies":[{"embeddable":true,"href":"https:\/\/informedeactividesfesi.iztacala.unam.mx\/index.php\/wp-json\/wp\/v2\/comments?post=1381"}],"version-history":[{"count":34,"href":"https:\/\/informedeactividesfesi.iztacala.unam.mx\/index.php\/wp-json\/wp\/v2\/pages\/1381\/revisions"}],"predecessor-version":[{"id":1948,"href":"https:\/\/informedeactividesfesi.iztacala.unam.mx\/index.php\/wp-json\/wp\/v2\/pages\/1381\/revisions\/1948"}],"wp:attachment":[{"href":"https:\/\/informedeactividesfesi.iztacala.unam.mx\/index.php\/wp-json\/wp\/v2\/media?parent=1381"}],"curies":[{"name":"wp","href":"https:\/\/api.w.org\/{rel}","templated":true}]}}