{"id":1843,"date":"2024-01-11T21:33:13","date_gmt":"2024-01-11T21:33:13","guid":{"rendered":"https:\/\/informedeactividesfesi.iztacala.unam.mx\/?page_id=1843"},"modified":"2025-04-11T20:39:28","modified_gmt":"2025-04-11T20:39:28","slug":"cuarto-informe","status":"publish","type":"page","link":"https:\/\/informedeactividesfesi.iztacala.unam.mx\/index.php\/cuarto-informe\/","title":{"rendered":"Cuarto Informe"},"content":{"rendered":"\n<p class=\"has-text-align-center\">Presento este cuarto informe de las actividades realizadas durante el a\u00f1o 2023 conforme lo establece el Art\u00edculo 9 del Reglamento de Planeaci\u00f3n de la UNAM y las directrices establecidas por el Plan de Desarrollo de la Universidad, encabezado por el Sr. Rector, el Dr. Leonardo Lomel\u00ed Vanegas y en apego con el Plan de Desarrollo Institucional de la FES Iztacala 2020-2024.<\/p>\n\n\n<div class=\"wp-block-image\">\n<figure class=\"aligncenter size-full is-resized\"><img decoding=\"async\" src=\"https:\/\/informedeactividesfesi.iztacala.unam.mx\/wp-content\/uploads\/2023\/12\/Logo-Informe2022_portada.png\" alt=\"\" class=\"wp-image-1885\" width=\"1300\" srcset=\"https:\/\/informedeactividesfesi.iztacala.unam.mx\/wp-content\/uploads\/2023\/12\/Logo-Informe2022_portada.png 2846w, https:\/\/informedeactividesfesi.iztacala.unam.mx\/wp-content\/uploads\/2023\/12\/Logo-Informe2022_portada-300x169.png 300w, https:\/\/informedeactividesfesi.iztacala.unam.mx\/wp-content\/uploads\/2023\/12\/Logo-Informe2022_portada-1024x576.png 1024w, https:\/\/informedeactividesfesi.iztacala.unam.mx\/wp-content\/uploads\/2023\/12\/Logo-Informe2022_portada-768x432.png 768w, https:\/\/informedeactividesfesi.iztacala.unam.mx\/wp-content\/uploads\/2023\/12\/Logo-Informe2022_portada-1536x864.png 1536w, https:\/\/informedeactividesfesi.iztacala.unam.mx\/wp-content\/uploads\/2023\/12\/Logo-Informe2022_portada-2048x1151.png 2048w\" sizes=\"(max-width: 2846px) 100vw, 2846px\" \/><\/figure><\/div>\n\n\n<div class=\"wp-block-columns is-layout-flex wp-container-4\">\n<div class=\"wp-block-column is-layout-flow\"><div class=\"wp-block-image\">\n<figure class=\"aligncenter size-full is-resized\"><a href=\"https:\/\/informedeactividesfesi.iztacala.unam.mx\/index.php\/introduccion\/\"><img decoding=\"async\" src=\"https:\/\/informedeactividesfesi.iztacala.unam.mx\/wp-content\/uploads\/2023\/12\/Boton_1.png\" alt=\"\" class=\"wp-image-1844\" width=\"280\" srcset=\"https:\/\/informedeactividesfesi.iztacala.unam.mx\/wp-content\/uploads\/2023\/12\/Boton_1.png 3125w, https:\/\/informedeactividesfesi.iztacala.unam.mx\/wp-content\/uploads\/2023\/12\/Boton_1-300x200.png 300w, https:\/\/informedeactividesfesi.iztacala.unam.mx\/wp-content\/uploads\/2023\/12\/Boton_1-1024x683.png 1024w, https:\/\/informedeactividesfesi.iztacala.unam.mx\/wp-content\/uploads\/2023\/12\/Boton_1-768x512.png 768w, https:\/\/informedeactividesfesi.iztacala.unam.mx\/wp-content\/uploads\/2023\/12\/Boton_1-1536x1024.png 1536w, https:\/\/informedeactividesfesi.iztacala.unam.mx\/wp-content\/uploads\/2023\/12\/Boton_1-2048x1366.png 2048w, https:\/\/informedeactividesfesi.iztacala.unam.mx\/wp-content\/uploads\/2023\/12\/Boton_1-930x620.png 930w\" sizes=\"(max-width: 3125px) 100vw, 3125px\" \/><\/a><\/figure><\/div><\/div>\n\n\n\n<div class=\"wp-block-column is-layout-flow\"><div class=\"wp-block-image\">\n<figure class=\"aligncenter size-full is-resized\"><a href=\"informedeactividesfesi.iztacala.unam.mx\/index.php\/fortalecimiento-academico-2\/\"><img decoding=\"async\" src=\"https:\/\/informedeactividesfesi.iztacala.unam.mx\/wp-content\/uploads\/2023\/12\/Boton_2.png\" alt=\"\" class=\"wp-image-1845\" width=\"280\" srcset=\"https:\/\/informedeactividesfesi.iztacala.unam.mx\/wp-content\/uploads\/2023\/12\/Boton_2.png 3125w, https:\/\/informedeactividesfesi.iztacala.unam.mx\/wp-content\/uploads\/2023\/12\/Boton_2-300x200.png 300w, https:\/\/informedeactividesfesi.iztacala.unam.mx\/wp-content\/uploads\/2023\/12\/Boton_2-1024x683.png 1024w, https:\/\/informedeactividesfesi.iztacala.unam.mx\/wp-content\/uploads\/2023\/12\/Boton_2-768x512.png 768w, https:\/\/informedeactividesfesi.iztacala.unam.mx\/wp-content\/uploads\/2023\/12\/Boton_2-1536x1024.png 1536w, https:\/\/informedeactividesfesi.iztacala.unam.mx\/wp-content\/uploads\/2023\/12\/Boton_2-2048x1366.png 2048w, https:\/\/informedeactividesfesi.iztacala.unam.mx\/wp-content\/uploads\/2023\/12\/Boton_2-930x620.png 930w\" sizes=\"(max-width: 3125px) 100vw, 3125px\" \/><\/a><\/figure><\/div><\/div>\n\n\n\n<div class=\"wp-block-column is-layout-flow\"><div class=\"wp-block-image\">\n<figure class=\"aligncenter size-full is-resized\"><a href=\"informedeactividesfesi.iztacala.unam.mx\/index.php\/licenciatura-2\/\"><img decoding=\"async\" src=\"https:\/\/informedeactividesfesi.iztacala.unam.mx\/wp-content\/uploads\/2023\/12\/Boton_3.png\" alt=\"\" class=\"wp-image-1846\" width=\"280\" srcset=\"https:\/\/informedeactividesfesi.iztacala.unam.mx\/wp-content\/uploads\/2023\/12\/Boton_3.png 3125w, https:\/\/informedeactividesfesi.iztacala.unam.mx\/wp-content\/uploads\/2023\/12\/Boton_3-300x200.png 300w, https:\/\/informedeactividesfesi.iztacala.unam.mx\/wp-content\/uploads\/2023\/12\/Boton_3-1024x683.png 1024w, https:\/\/informedeactividesfesi.iztacala.unam.mx\/wp-content\/uploads\/2023\/12\/Boton_3-768x512.png 768w, https:\/\/informedeactividesfesi.iztacala.unam.mx\/wp-content\/uploads\/2023\/12\/Boton_3-1536x1024.png 1536w, https:\/\/informedeactividesfesi.iztacala.unam.mx\/wp-content\/uploads\/2023\/12\/Boton_3-2048x1366.png 2048w, https:\/\/informedeactividesfesi.iztacala.unam.mx\/wp-content\/uploads\/2023\/12\/Boton_3-930x620.png 930w\" sizes=\"(max-width: 3125px) 100vw, 3125px\" \/><\/a><\/figure><\/div><\/div>\n<\/div>\n\n\n\n<div class=\"wp-block-columns is-layout-flex wp-container-8\">\n<div class=\"wp-block-column is-layout-flow\"><div class=\"wp-block-image\">\n<figure class=\"aligncenter size-full is-resized\"><a href=\"informedeactividesfesi.iztacala.unam.mx\/index.php\/posgrado-2\/\"><img decoding=\"async\" src=\"https:\/\/informedeactividesfesi.iztacala.unam.mx\/wp-content\/uploads\/2023\/12\/Boton_4.png\" alt=\"\" class=\"wp-image-1865\" width=\"280\" srcset=\"https:\/\/informedeactividesfesi.iztacala.unam.mx\/wp-content\/uploads\/2023\/12\/Boton_4.png 3125w, https:\/\/informedeactividesfesi.iztacala.unam.mx\/wp-content\/uploads\/2023\/12\/Boton_4-300x200.png 300w, https:\/\/informedeactividesfesi.iztacala.unam.mx\/wp-content\/uploads\/2023\/12\/Boton_4-1024x683.png 1024w, https:\/\/informedeactividesfesi.iztacala.unam.mx\/wp-content\/uploads\/2023\/12\/Boton_4-768x512.png 768w, https:\/\/informedeactividesfesi.iztacala.unam.mx\/wp-content\/uploads\/2023\/12\/Boton_4-1536x1024.png 1536w, https:\/\/informedeactividesfesi.iztacala.unam.mx\/wp-content\/uploads\/2023\/12\/Boton_4-2048x1366.png 2048w, https:\/\/informedeactividesfesi.iztacala.unam.mx\/wp-content\/uploads\/2023\/12\/Boton_4-930x620.png 930w\" sizes=\"(max-width: 3125px) 100vw, 3125px\" \/><\/a><\/figure><\/div><\/div>\n\n\n\n<div class=\"wp-block-column is-layout-flow\"><div class=\"wp-block-image\">\n<figure class=\"aligncenter size-full is-resized\"><a href=\"informedeactividesfesi.iztacala.unam.mx\/index.php\/investigacion-2\/\"><img decoding=\"async\" src=\"https:\/\/informedeactividesfesi.iztacala.unam.mx\/wp-content\/uploads\/2023\/12\/Boton_5.png\" alt=\"\" class=\"wp-image-1866\" width=\"280\" srcset=\"https:\/\/informedeactividesfesi.iztacala.unam.mx\/wp-content\/uploads\/2023\/12\/Boton_5.png 3125w, https:\/\/informedeactividesfesi.iztacala.unam.mx\/wp-content\/uploads\/2023\/12\/Boton_5-300x200.png 300w, https:\/\/informedeactividesfesi.iztacala.unam.mx\/wp-content\/uploads\/2023\/12\/Boton_5-1024x683.png 1024w, https:\/\/informedeactividesfesi.iztacala.unam.mx\/wp-content\/uploads\/2023\/12\/Boton_5-768x512.png 768w, https:\/\/informedeactividesfesi.iztacala.unam.mx\/wp-content\/uploads\/2023\/12\/Boton_5-1536x1024.png 1536w, https:\/\/informedeactividesfesi.iztacala.unam.mx\/wp-content\/uploads\/2023\/12\/Boton_5-2048x1366.png 2048w, https:\/\/informedeactividesfesi.iztacala.unam.mx\/wp-content\/uploads\/2023\/12\/Boton_5-930x620.png 930w\" sizes=\"(max-width: 3125px) 100vw, 3125px\" \/><\/a><\/figure><\/div><\/div>\n\n\n\n<div class=\"wp-block-column is-layout-flow\"><div class=\"wp-block-image\">\n<figure class=\"aligncenter size-full is-resized\"><a href=\"informedeactividesfesi.iztacala.unam.mx\/index.php\/coordinacion-de-diseno-y-evaluacion-curricular-codec\/\"><img decoding=\"async\" src=\"https:\/\/informedeactividesfesi.iztacala.unam.mx\/wp-content\/uploads\/2023\/12\/Boton_6.png\" alt=\"\" class=\"wp-image-1867\" width=\"280\" srcset=\"https:\/\/informedeactividesfesi.iztacala.unam.mx\/wp-content\/uploads\/2023\/12\/Boton_6.png 3125w, https:\/\/informedeactividesfesi.iztacala.unam.mx\/wp-content\/uploads\/2023\/12\/Boton_6-300x200.png 300w, https:\/\/informedeactividesfesi.iztacala.unam.mx\/wp-content\/uploads\/2023\/12\/Boton_6-1024x683.png 1024w, https:\/\/informedeactividesfesi.iztacala.unam.mx\/wp-content\/uploads\/2023\/12\/Boton_6-768x512.png 768w, https:\/\/informedeactividesfesi.iztacala.unam.mx\/wp-content\/uploads\/2023\/12\/Boton_6-1536x1024.png 1536w, https:\/\/informedeactividesfesi.iztacala.unam.mx\/wp-content\/uploads\/2023\/12\/Boton_6-2048x1366.png 2048w, https:\/\/informedeactividesfesi.iztacala.unam.mx\/wp-content\/uploads\/2023\/12\/Boton_6-930x620.png 930w\" sizes=\"(max-width: 3125px) 100vw, 3125px\" \/><\/a><\/figure><\/div><\/div>\n<\/div>\n\n\n\n<div class=\"wp-block-columns is-layout-flex wp-container-12\">\n<div class=\"wp-block-column is-layout-flow\"><div class=\"wp-block-image\">\n<figure class=\"aligncenter size-full is-resized\"><a href=\"informedeactividesfesi.iztacala.unam.mx\/index.php\/servicios-administrativos-2\/\"><img decoding=\"async\" src=\"https:\/\/informedeactividesfesi.iztacala.unam.mx\/wp-content\/uploads\/2023\/12\/Boton_7.png\" alt=\"\" class=\"wp-image-1868\" width=\"280\" srcset=\"https:\/\/informedeactividesfesi.iztacala.unam.mx\/wp-content\/uploads\/2023\/12\/Boton_7.png 3125w, https:\/\/informedeactividesfesi.iztacala.unam.mx\/wp-content\/uploads\/2023\/12\/Boton_7-300x200.png 300w, https:\/\/informedeactividesfesi.iztacala.unam.mx\/wp-content\/uploads\/2023\/12\/Boton_7-1024x683.png 1024w, https:\/\/informedeactividesfesi.iztacala.unam.mx\/wp-content\/uploads\/2023\/12\/Boton_7-768x512.png 768w, https:\/\/informedeactividesfesi.iztacala.unam.mx\/wp-content\/uploads\/2023\/12\/Boton_7-1536x1024.png 1536w, https:\/\/informedeactividesfesi.iztacala.unam.mx\/wp-content\/uploads\/2023\/12\/Boton_7-2048x1366.png 2048w, https:\/\/informedeactividesfesi.iztacala.unam.mx\/wp-content\/uploads\/2023\/12\/Boton_7-930x620.png 930w\" sizes=\"(max-width: 3125px) 100vw, 3125px\" \/><\/a><\/figure><\/div><\/div>\n\n\n\n<div class=\"wp-block-column is-layout-flow\"><div class=\"wp-block-image\">\n<figure class=\"aligncenter size-full is-resized\"><a href=\"informedeactividesfesi.iztacala.unam.mx\/index.php\/educacion-continua-y-extension-universitaria-2\/\"><img decoding=\"async\" src=\"https:\/\/informedeactividesfesi.iztacala.unam.mx\/wp-content\/uploads\/2023\/12\/Boton_8-1.png\" alt=\"\" class=\"wp-image-1945\" width=\"280\" srcset=\"https:\/\/informedeactividesfesi.iztacala.unam.mx\/wp-content\/uploads\/2023\/12\/Boton_8-1.png 3125w, https:\/\/informedeactividesfesi.iztacala.unam.mx\/wp-content\/uploads\/2023\/12\/Boton_8-1-300x200.png 300w, https:\/\/informedeactividesfesi.iztacala.unam.mx\/wp-content\/uploads\/2023\/12\/Boton_8-1-1024x683.png 1024w, https:\/\/informedeactividesfesi.iztacala.unam.mx\/wp-content\/uploads\/2023\/12\/Boton_8-1-768x512.png 768w, https:\/\/informedeactividesfesi.iztacala.unam.mx\/wp-content\/uploads\/2023\/12\/Boton_8-1-1536x1024.png 1536w, https:\/\/informedeactividesfesi.iztacala.unam.mx\/wp-content\/uploads\/2023\/12\/Boton_8-1-2048x1366.png 2048w, https:\/\/informedeactividesfesi.iztacala.unam.mx\/wp-content\/uploads\/2023\/12\/Boton_8-1-930x620.png 930w\" sizes=\"(max-width: 3125px) 100vw, 3125px\" \/><\/a><\/figure><\/div><\/div>\n\n\n\n<div class=\"wp-block-column is-layout-flow\"><div class=\"wp-block-image\">\n<figure class=\"aligncenter size-full is-resized\"><a href=\"informedeactividesfesi.iztacala.unam.mx\/index.php\/actividades-editoriales-2\/\"><img decoding=\"async\" src=\"https:\/\/informedeactividesfesi.iztacala.unam.mx\/wp-content\/uploads\/2023\/12\/Boton_9-1.png\" alt=\"\" class=\"wp-image-1874\" width=\"280\" srcset=\"https:\/\/informedeactividesfesi.iztacala.unam.mx\/wp-content\/uploads\/2023\/12\/Boton_9-1.png 3125w, https:\/\/informedeactividesfesi.iztacala.unam.mx\/wp-content\/uploads\/2023\/12\/Boton_9-1-300x200.png 300w, https:\/\/informedeactividesfesi.iztacala.unam.mx\/wp-content\/uploads\/2023\/12\/Boton_9-1-1024x683.png 1024w, https:\/\/informedeactividesfesi.iztacala.unam.mx\/wp-content\/uploads\/2023\/12\/Boton_9-1-768x512.png 768w, https:\/\/informedeactividesfesi.iztacala.unam.mx\/wp-content\/uploads\/2023\/12\/Boton_9-1-1536x1024.png 1536w, https:\/\/informedeactividesfesi.iztacala.unam.mx\/wp-content\/uploads\/2023\/12\/Boton_9-1-2048x1366.png 2048w, https:\/\/informedeactividesfesi.iztacala.unam.mx\/wp-content\/uploads\/2023\/12\/Boton_9-1-930x620.png 930w\" sizes=\"(max-width: 3125px) 100vw, 3125px\" \/><\/a><\/figure><\/div><\/div>\n<\/div>\n\n\n\n<div class=\"wp-block-columns is-layout-flex wp-container-16\">\n<div class=\"wp-block-column is-layout-flow\"><div class=\"wp-block-image\">\n<figure class=\"aligncenter size-full is-resized\"><a href=\"informedeactividesfesi.iztacala.unam.mx\/index.php\/actividades-deportivas-2\/\"><img decoding=\"async\" src=\"https:\/\/informedeactividesfesi.iztacala.unam.mx\/wp-content\/uploads\/2023\/12\/Boton_10-1.png\" alt=\"\" class=\"wp-image-1875\" width=\"280\" srcset=\"https:\/\/informedeactividesfesi.iztacala.unam.mx\/wp-content\/uploads\/2023\/12\/Boton_10-1.png 3125w, https:\/\/informedeactividesfesi.iztacala.unam.mx\/wp-content\/uploads\/2023\/12\/Boton_10-1-300x200.png 300w, https:\/\/informedeactividesfesi.iztacala.unam.mx\/wp-content\/uploads\/2023\/12\/Boton_10-1-1024x683.png 1024w, https:\/\/informedeactividesfesi.iztacala.unam.mx\/wp-content\/uploads\/2023\/12\/Boton_10-1-768x512.png 768w, https:\/\/informedeactividesfesi.iztacala.unam.mx\/wp-content\/uploads\/2023\/12\/Boton_10-1-1536x1024.png 1536w, https:\/\/informedeactividesfesi.iztacala.unam.mx\/wp-content\/uploads\/2023\/12\/Boton_10-1-2048x1366.png 2048w, https:\/\/informedeactividesfesi.iztacala.unam.mx\/wp-content\/uploads\/2023\/12\/Boton_10-1-930x620.png 930w\" sizes=\"(max-width: 3125px) 100vw, 3125px\" \/><\/a><\/figure><\/div><\/div>\n\n\n\n<div class=\"wp-block-column is-layout-flow\"><div class=\"wp-block-image\">\n<figure class=\"aligncenter size-full is-resized\"><a href=\"informedeactividesfesi.iztacala.unam.mx\/index.php\/actividades-culturales-2\/\"><img decoding=\"async\" src=\"https:\/\/informedeactividesfesi.iztacala.unam.mx\/wp-content\/uploads\/2023\/12\/Boton_11-1.png\" alt=\"\" class=\"wp-image-1876\" width=\"280\" srcset=\"https:\/\/informedeactividesfesi.iztacala.unam.mx\/wp-content\/uploads\/2023\/12\/Boton_11-1.png 3125w, https:\/\/informedeactividesfesi.iztacala.unam.mx\/wp-content\/uploads\/2023\/12\/Boton_11-1-300x200.png 300w, https:\/\/informedeactividesfesi.iztacala.unam.mx\/wp-content\/uploads\/2023\/12\/Boton_11-1-1024x683.png 1024w, https:\/\/informedeactividesfesi.iztacala.unam.mx\/wp-content\/uploads\/2023\/12\/Boton_11-1-768x512.png 768w, https:\/\/informedeactividesfesi.iztacala.unam.mx\/wp-content\/uploads\/2023\/12\/Boton_11-1-1536x1024.png 1536w, https:\/\/informedeactividesfesi.iztacala.unam.mx\/wp-content\/uploads\/2023\/12\/Boton_11-1-2048x1366.png 2048w, https:\/\/informedeactividesfesi.iztacala.unam.mx\/wp-content\/uploads\/2023\/12\/Boton_11-1-930x620.png 930w\" sizes=\"(max-width: 3125px) 100vw, 3125px\" \/><\/a><\/figure><\/div><\/div>\n\n\n\n<div class=\"wp-block-column is-layout-flow\"><div class=\"wp-block-image\">\n<figure class=\"aligncenter size-full is-resized\"><a href=\"informedeactividesfesi.iztacala.unam.mx\/index.php\/identidad-y-comunicacion-social-2\/\"><img decoding=\"async\" src=\"https:\/\/informedeactividesfesi.iztacala.unam.mx\/wp-content\/uploads\/2023\/12\/Boton_12.png\" alt=\"\" class=\"wp-image-1873\" width=\"280\" srcset=\"https:\/\/informedeactividesfesi.iztacala.unam.mx\/wp-content\/uploads\/2023\/12\/Boton_12.png 3125w, https:\/\/informedeactividesfesi.iztacala.unam.mx\/wp-content\/uploads\/2023\/12\/Boton_12-300x200.png 300w, https:\/\/informedeactividesfesi.iztacala.unam.mx\/wp-content\/uploads\/2023\/12\/Boton_12-1024x683.png 1024w, https:\/\/informedeactividesfesi.iztacala.unam.mx\/wp-content\/uploads\/2023\/12\/Boton_12-768x512.png 768w, https:\/\/informedeactividesfesi.iztacala.unam.mx\/wp-content\/uploads\/2023\/12\/Boton_12-1536x1024.png 1536w, https:\/\/informedeactividesfesi.iztacala.unam.mx\/wp-content\/uploads\/2023\/12\/Boton_12-2048x1366.png 2048w, https:\/\/informedeactividesfesi.iztacala.unam.mx\/wp-content\/uploads\/2023\/12\/Boton_12-930x620.png 930w\" sizes=\"(max-width: 3125px) 100vw, 3125px\" \/><\/a><\/figure><\/div><\/div>\n<\/div>\n\n\n\n<div class=\"wp-block-columns is-layout-flex wp-container-20\">\n<div class=\"wp-block-column is-layout-flow\"><div class=\"wp-block-image\">\n<figure class=\"aligncenter size-full is-resized\"><a href=\"informedeactividesfesi.iztacala.unam.mx\/index.php\/comisiones-2\/\"><img decoding=\"async\" src=\"https:\/\/informedeactividesfesi.iztacala.unam.mx\/wp-content\/uploads\/2023\/12\/Boton_13.png\" alt=\"\" class=\"wp-image-1877\" width=\"280\" srcset=\"https:\/\/informedeactividesfesi.iztacala.unam.mx\/wp-content\/uploads\/2023\/12\/Boton_13.png 3125w, https:\/\/informedeactividesfesi.iztacala.unam.mx\/wp-content\/uploads\/2023\/12\/Boton_13-300x200.png 300w, https:\/\/informedeactividesfesi.iztacala.unam.mx\/wp-content\/uploads\/2023\/12\/Boton_13-1024x683.png 1024w, https:\/\/informedeactividesfesi.iztacala.unam.mx\/wp-content\/uploads\/2023\/12\/Boton_13-768x512.png 768w, https:\/\/informedeactividesfesi.iztacala.unam.mx\/wp-content\/uploads\/2023\/12\/Boton_13-1536x1024.png 1536w, https:\/\/informedeactividesfesi.iztacala.unam.mx\/wp-content\/uploads\/2023\/12\/Boton_13-2048x1366.png 2048w, https:\/\/informedeactividesfesi.iztacala.unam.mx\/wp-content\/uploads\/2023\/12\/Boton_13-930x620.png 930w\" sizes=\"(max-width: 3125px) 100vw, 3125px\" \/><\/a><\/figure><\/div><\/div>\n\n\n\n<div class=\"wp-block-column is-layout-flow\"><div class=\"wp-block-image\">\n<figure class=\"aligncenter size-full is-resized\"><a href=\"informedeactividesfesi.iztacala.unam.mx\/index.php\/premios-y-distinciones-2\/\"><img decoding=\"async\" src=\"https:\/\/informedeactividesfesi.iztacala.unam.mx\/wp-content\/uploads\/2023\/12\/Boton_14.png\" alt=\"\" class=\"wp-image-1878\" width=\"280\" srcset=\"https:\/\/informedeactividesfesi.iztacala.unam.mx\/wp-content\/uploads\/2023\/12\/Boton_14.png 3125w, https:\/\/informedeactividesfesi.iztacala.unam.mx\/wp-content\/uploads\/2023\/12\/Boton_14-300x200.png 300w, https:\/\/informedeactividesfesi.iztacala.unam.mx\/wp-content\/uploads\/2023\/12\/Boton_14-1024x683.png 1024w, https:\/\/informedeactividesfesi.iztacala.unam.mx\/wp-content\/uploads\/2023\/12\/Boton_14-768x512.png 768w, https:\/\/informedeactividesfesi.iztacala.unam.mx\/wp-content\/uploads\/2023\/12\/Boton_14-1536x1024.png 1536w, https:\/\/informedeactividesfesi.iztacala.unam.mx\/wp-content\/uploads\/2023\/12\/Boton_14-2048x1366.png 2048w, https:\/\/informedeactividesfesi.iztacala.unam.mx\/wp-content\/uploads\/2023\/12\/Boton_14-930x620.png 930w\" sizes=\"(max-width: 3125px) 100vw, 3125px\" \/><\/a><\/figure><\/div><\/div>\n\n\n\n<div class=\"wp-block-column is-layout-flow\"><div class=\"wp-block-image\">\n<figure class=\"aligncenter size-full is-resized\"><a href=\"informedeactividesfesi.iztacala.unam.mx\/index.php\/conclusiones-2\/\"><img decoding=\"async\" src=\"https:\/\/informedeactividesfesi.iztacala.unam.mx\/wp-content\/uploads\/2023\/12\/Boton_15.png\" alt=\"\" class=\"wp-image-1879\" width=\"280\" srcset=\"https:\/\/informedeactividesfesi.iztacala.unam.mx\/wp-content\/uploads\/2023\/12\/Boton_15.png 3125w, https:\/\/informedeactividesfesi.iztacala.unam.mx\/wp-content\/uploads\/2023\/12\/Boton_15-300x200.png 300w, https:\/\/informedeactividesfesi.iztacala.unam.mx\/wp-content\/uploads\/2023\/12\/Boton_15-1024x683.png 1024w, https:\/\/informedeactividesfesi.iztacala.unam.mx\/wp-content\/uploads\/2023\/12\/Boton_15-768x512.png 768w, https:\/\/informedeactividesfesi.iztacala.unam.mx\/wp-content\/uploads\/2023\/12\/Boton_15-1536x1024.png 1536w, https:\/\/informedeactividesfesi.iztacala.unam.mx\/wp-content\/uploads\/2023\/12\/Boton_15-2048x1366.png 2048w, https:\/\/informedeactividesfesi.iztacala.unam.mx\/wp-content\/uploads\/2023\/12\/Boton_15-930x620.png 930w\" sizes=\"(max-width: 3125px) 100vw, 3125px\" \/><\/a><\/figure><\/div><\/div>\n<\/div>\n\n\n\n<figure class=\"wp-block-embed is-type-rich is-provider-spotify wp-block-embed-spotify wp-embed-aspect-21-9 wp-has-aspect-ratio\"><div class=\"wp-block-embed__wrapper\">\n<iframe title=\"Spotify Embed: 4o. Informe de Actividades - Dra. Ma. del Coro Arizmendi Arriaga\" style=\"border-radius: 12px\" width=\"100%\" height=\"152\" frameborder=\"0\" allowfullscreen allow=\"autoplay; clipboard-write; encrypted-media; fullscreen; picture-in-picture\" loading=\"lazy\" src=\"https:\/\/open.spotify.com\/embed\/show\/7HlKECtTBcVuAoxy4nAyF9?utm_source=oembed\"><\/iframe>\n<\/div><\/figure>\n\n\n\n<div class=\"wp-block-buttons alignwide has-custom-font-size has-medium-font-size is-content-justification-center is-layout-flex wp-container-21\" style=\"font-style:normal;font-weight:700\">\n<div class=\"wp-block-button has-custom-width wp-block-button__width-100 has-custom-font-size aligncenter is-style-secondary has-medium-font-size\"><a class=\"wp-block-button__link has-background wp-element-button\" href=\"https:\/\/informedeactividesfesi.iztacala.unam.mx\/wp-content\/uploads\/2024\/01\/4TO-INFORME-DE-ACTIVIDADES_FES-IZTACALA.pdf\" style=\"background-color:#323766\" target=\"_blank\" rel=\"noreferrer noopener\">descargar el informe 2023<\/a><\/div>\n<\/div>\n\n\n\n<p><\/p>\n\n\n\n<figure class=\"wp-block-image alignfull size-full\"><img decoding=\"async\" loading=\"lazy\" width=\"2333\" height=\"316\" src=\"https:\/\/informedeactividesfesi.iztacala.unam.mx\/wp-content\/uploads\/2023\/12\/2023_textura.png\" alt=\"\" class=\"wp-image-1453\" srcset=\"https:\/\/informedeactividesfesi.iztacala.unam.mx\/wp-content\/uploads\/2023\/12\/2023_textura.png 2333w, https:\/\/informedeactividesfesi.iztacala.unam.mx\/wp-content\/uploads\/2023\/12\/2023_textura-300x41.png 300w, https:\/\/informedeactividesfesi.iztacala.unam.mx\/wp-content\/uploads\/2023\/12\/2023_textura-1024x139.png 1024w, https:\/\/informedeactividesfesi.iztacala.unam.mx\/wp-content\/uploads\/2023\/12\/2023_textura-768x104.png 768w, https:\/\/informedeactividesfesi.iztacala.unam.mx\/wp-content\/uploads\/2023\/12\/2023_textura-1536x208.png 1536w, https:\/\/informedeactividesfesi.iztacala.unam.mx\/wp-content\/uploads\/2023\/12\/2023_textura-2048x277.png 2048w\" sizes=\"(max-width: 2333px) 100vw, 2333px\" \/><\/figure>\n","protected":false},"excerpt":{"rendered":"<p>Presento este cuarto informe de las actividades realizadas durante el a\u00f1o 2023 conforme lo establece el Art\u00edculo 9 del Reglamento de Planeaci\u00f3n de la UNAM y las directrices establecidas por el Plan de Desarrollo de la Universidad, encabezado por el Sr. Rector, el Dr. Leonardo Lomel\u00ed Vanegas y en apego con el Plan de Desarrollo&hellip;&nbsp;<a href=\"https:\/\/informedeactividesfesi.iztacala.unam.mx\/index.php\/cuarto-informe\/\" class=\"\" rel=\"bookmark\">Leer m\u00e1s &raquo;<span class=\"screen-reader-text\">Cuarto Informe<\/span><\/a><\/p>\n","protected":false},"author":8,"featured_media":0,"parent":0,"menu_order":0,"comment_status":"closed","ping_status":"closed","template":"","meta":{"neve_meta_sidebar":"full-width","neve_meta_container":"","neve_meta_enable_content_width":"on","neve_meta_content_width":100,"neve_meta_title_alignment":"","neve_meta_author_avatar":"","neve_post_elements_order":"","neve_meta_disable_header":"","neve_meta_disable_footer":"","neve_meta_disable_title":"","spay_email":""},"_links":{"self":[{"href":"https:\/\/informedeactividesfesi.iztacala.unam.mx\/index.php\/wp-json\/wp\/v2\/pages\/1843"}],"collection":[{"href":"https:\/\/informedeactividesfesi.iztacala.unam.mx\/index.php\/wp-json\/wp\/v2\/pages"}],"about":[{"href":"https:\/\/informedeactividesfesi.iztacala.unam.mx\/index.php\/wp-json\/wp\/v2\/types\/page"}],"author":[{"embeddable":true,"href":"https:\/\/informedeactividesfesi.iztacala.unam.mx\/index.php\/wp-json\/wp\/v2\/users\/8"}],"replies":[{"embeddable":true,"href":"https:\/\/informedeactividesfesi.iztacala.unam.mx\/index.php\/wp-json\/wp\/v2\/comments?post=1843"}],"version-history":[{"count":21,"href":"https:\/\/informedeactividesfesi.iztacala.unam.mx\/index.php\/wp-json\/wp\/v2\/pages\/1843\/revisions"}],"predecessor-version":[{"id":2173,"href":"https:\/\/informedeactividesfesi.iztacala.unam.mx\/index.php\/wp-json\/wp\/v2\/pages\/1843\/revisions\/2173"}],"wp:attachment":[{"href":"https:\/\/informedeactividesfesi.iztacala.unam.mx\/index.php\/wp-json\/wp\/v2\/media?parent=1843"}],"curies":[{"name":"wp","href":"https:\/\/api.w.org\/{rel}","templated":true}]}}