{"id":214,"date":"2021-03-09T19:52:07","date_gmt":"2021-03-09T19:52:07","guid":{"rendered":"https:\/\/informedeactividesfesi.iztacala.unam.mx\/?page_id=214"},"modified":"2021-03-10T17:40:14","modified_gmt":"2021-03-10T17:40:14","slug":"actividades-editoriales","status":"publish","type":"page","link":"https:\/\/informedeactividesfesi.iztacala.unam.mx\/index.php\/actividades-editoriales\/","title":{"rendered":"Actividades Editoriales"},"content":{"rendered":"\n<p>Durante el a\u00f1o, la Coordinaci\u00f3n Editorial public\u00f3 43 nuevas ediciones, 30 en formato impreso y 13 digitales, en las que participaron 426 acad\u00e9micos e investigadores de la Facultad.<\/p>\n\n\n\n<p>Adem\u00e1s, se hicieron 35 reimpresiones de t\u00edtulos anteriores, con un total de 13 590 ejemplares impresos. Asimismo, se recibieron 16 propuestas de publicaci\u00f3n y el Comit\u00e9 Editorial emiti\u00f3 26 dict\u00e1menes. Por su parte, la Librer\u00eda capt\u00f3, durante el primer trimestre del a\u00f1o, ingresos extraordinarios por $382 36100, que sumados a financiamientos de PAPIME y PAPIIT, ascienden a la cantidad de $696 36100.<\/p>\n\n\n\n<div class=\"wp-block-image\"><figure class=\"aligncenter size-large is-resized\"><img decoding=\"async\" loading=\"lazy\" src=\"https:\/\/informedeactividesfesi.iztacala.unam.mx\/wp-content\/uploads\/2021\/03\/67.png\" alt=\"\" class=\"wp-image-305\" width=\"600\" height=\"218\" srcset=\"https:\/\/informedeactividesfesi.iztacala.unam.mx\/wp-content\/uploads\/2021\/03\/67.png 800w, https:\/\/informedeactividesfesi.iztacala.unam.mx\/wp-content\/uploads\/2021\/03\/67-300x109.png 300w, https:\/\/informedeactividesfesi.iztacala.unam.mx\/wp-content\/uploads\/2021\/03\/67-768x279.png 768w\" sizes=\"(max-width: 600px) 100vw, 600px\" \/><figcaption>Publicaciones<\/figcaption><\/figure><\/div>\n\n\n\n<figure class=\"wp-block-image alignwide size-large\"><img decoding=\"async\" loading=\"lazy\" width=\"840\" height=\"187\" src=\"https:\/\/informedeactividesfesi.iztacala.unam.mx\/wp-content\/uploads\/2021\/03\/Editorial-3.png\" alt=\"\" class=\"wp-image-378\" srcset=\"https:\/\/informedeactividesfesi.iztacala.unam.mx\/wp-content\/uploads\/2021\/03\/Editorial-3.png 840w, https:\/\/informedeactividesfesi.iztacala.unam.mx\/wp-content\/uploads\/2021\/03\/Editorial-3-300x67.png 300w, https:\/\/informedeactividesfesi.iztacala.unam.mx\/wp-content\/uploads\/2021\/03\/Editorial-3-768x171.png 768w\" sizes=\"(max-width: 840px) 100vw, 840px\" \/><\/figure>\n\n\n\n<div style=\"height:100px\" aria-hidden=\"true\" class=\"wp-block-spacer\"><\/div>\n\n\n\n<div class=\"wp-block-cover has-nv-light-bg-background-color has-background-dim\" style=\"min-height:10px\"><div class=\"wp-block-cover__inner-container\">\n<p class=\"has-text-align-center has-medium-font-size\"><a href=\"https:\/\/informedeactividesfesi.iztacala.unam.mx\/index.php\/informe-2020\/\">VOLVER A MEN\u00da<\/a><\/p>\n<\/div><\/div>\n","protected":false},"excerpt":{"rendered":"<p>Durante el a\u00f1o, la Coordinaci\u00f3n Editorial public\u00f3 43 nuevas ediciones, 30 en formato impreso y 13 digitales, en las que participaron 426 acad\u00e9micos e investigadores de la Facultad. Adem\u00e1s, se hicieron 35 reimpresiones de t\u00edtulos anteriores, con un total de 13 590 ejemplares impresos. Asimismo, se recibieron 16 propuestas de publicaci\u00f3n y el Comit\u00e9 Editorial&hellip;&nbsp;<a href=\"https:\/\/informedeactividesfesi.iztacala.unam.mx\/index.php\/actividades-editoriales\/\" class=\"\" rel=\"bookmark\">Leer m\u00e1s &raquo;<span class=\"screen-reader-text\">Actividades Editoriales<\/span><\/a><\/p>\n","protected":false},"author":3,"featured_media":0,"parent":0,"menu_order":0,"comment_status":"closed","ping_status":"closed","template":"","meta":{"neve_meta_sidebar":"full-width","neve_meta_container":"","neve_meta_enable_content_width":"on","neve_meta_content_width":100,"neve_meta_title_alignment":"","neve_meta_author_avatar":"","neve_post_elements_order":"","neve_meta_disable_header":"","neve_meta_disable_footer":"","neve_meta_disable_title":"","spay_email":""},"_links":{"self":[{"href":"https:\/\/informedeactividesfesi.iztacala.unam.mx\/index.php\/wp-json\/wp\/v2\/pages\/214"}],"collection":[{"href":"https:\/\/informedeactividesfesi.iztacala.unam.mx\/index.php\/wp-json\/wp\/v2\/pages"}],"about":[{"href":"https:\/\/informedeactividesfesi.iztacala.unam.mx\/index.php\/wp-json\/wp\/v2\/types\/page"}],"author":[{"embeddable":true,"href":"https:\/\/informedeactividesfesi.iztacala.unam.mx\/index.php\/wp-json\/wp\/v2\/users\/3"}],"replies":[{"embeddable":true,"href":"https:\/\/informedeactividesfesi.iztacala.unam.mx\/index.php\/wp-json\/wp\/v2\/comments?post=214"}],"version-history":[{"count":5,"href":"https:\/\/informedeactividesfesi.iztacala.unam.mx\/index.php\/wp-json\/wp\/v2\/pages\/214\/revisions"}],"predecessor-version":[{"id":379,"href":"https:\/\/informedeactividesfesi.iztacala.unam.mx\/index.php\/wp-json\/wp\/v2\/pages\/214\/revisions\/379"}],"wp:attachment":[{"href":"https:\/\/informedeactividesfesi.iztacala.unam.mx\/index.php\/wp-json\/wp\/v2\/media?parent=214"}],"curies":[{"name":"wp","href":"https:\/\/api.w.org\/{rel}","templated":true}]}}