{"id":218,"date":"2021-03-09T19:51:15","date_gmt":"2021-03-09T19:51:15","guid":{"rendered":"https:\/\/informedeactividesfesi.iztacala.unam.mx\/?page_id=218"},"modified":"2021-03-12T00:28:21","modified_gmt":"2021-03-12T00:28:21","slug":"actividades-culturales","status":"publish","type":"page","link":"https:\/\/informedeactividesfesi.iztacala.unam.mx\/index.php\/actividades-culturales\/","title":{"rendered":"Actividades Culturales"},"content":{"rendered":"\n<div class=\"wp-block-image\"><figure class=\"alignleft size-large is-resized\"><img decoding=\"async\" src=\"https:\/\/informedeactividesfesi.iztacala.unam.mx\/wp-content\/uploads\/2021\/03\/Cultura-1-edited.png\" alt=\"\" class=\"wp-image-414\" width=\"372\" srcset=\"https:\/\/informedeactividesfesi.iztacala.unam.mx\/wp-content\/uploads\/2021\/03\/Cultura-1-edited.png 1960w, https:\/\/informedeactividesfesi.iztacala.unam.mx\/wp-content\/uploads\/2021\/03\/Cultura-1-edited-300x300.png 300w, https:\/\/informedeactividesfesi.iztacala.unam.mx\/wp-content\/uploads\/2021\/03\/Cultura-1-edited-1024x1024.png 1024w, https:\/\/informedeactividesfesi.iztacala.unam.mx\/wp-content\/uploads\/2021\/03\/Cultura-1-edited-150x150.png 150w, https:\/\/informedeactividesfesi.iztacala.unam.mx\/wp-content\/uploads\/2021\/03\/Cultura-1-edited-768x768.png 768w, https:\/\/informedeactividesfesi.iztacala.unam.mx\/wp-content\/uploads\/2021\/03\/Cultura-1-edited-1536x1536.png 1536w\" sizes=\"(max-width: 1960px) 100vw, 1960px\" \/><\/figure><\/div>\n\n\n\n<p>En el \u00e1mbito de la cultura se realizaron siete exposiciones fotogr\u00e1ficas virtuales y a distancia durante la contingencia sanitaria, con m\u00e1s de 10 mil asistentes; se organiz\u00f3 el 9o festival de d\u00eda de muertos virtual y a distancia, FESIztacalaveras que dedic\u00f3 al estado de San Luis Potos\u00ed \u201cEl Xantolo en Iztacala\u201d con 22 235 asistentes. Se realizaron intercambios art\u00edsticos nacionales e internacionales, principalmente en las disciplinas de m\u00fasica y danza. Se particip\u00f3 en el evento colaborativo \u201cFES a FES: Ciclo de Actividades Art\u00edsticas y Culturales\u201d con todas las FES de la UNAM. Se sum\u00f3 junto con alumnos y profesores de las carreras de Enfermer\u00eda, M\u00e9dico Cirujano y Psicolog\u00eda al libro \u201cMemorial de la Pandemia: poes\u00eda y cr\u00f3nica literaria\u201d, organizado por la Direcci\u00f3n de Literatura y Fomento a la Lectura UNAM. Tambi\u00e9n se apoy\u00f3 la creaci\u00f3n de la Tuna Femenil de la FES Iztacala, que es una actividad del tipo incluyente de igualdad de g\u00e9nero, uno de los ejes del PDI rector y del PDI de esta Facultad.<\/p>\n\n\n\n<p>En materia de Divulgaci\u00f3n Cient\u00edfica, se inici\u00f3 la operaci\u00f3n del Programa \u201cNuestros Em\u00e9ritos en Iztacala\u201d, con la participaci\u00f3n del Dr. Antonio Lazcano y del Dr. Felipe Tirado, con m\u00e1s de 3 mil vistas.<\/p>\n\n\n\n<p>La FESI fue sede de la Fiesta de las Ciencias y de las Humanidades, que se organiz\u00f3 en colaboraci\u00f3n con la Direcci\u00f3n General de Divulgaci\u00f3n de la Ciencia de la UNAM, la Divisi\u00f3n de Investigaci\u00f3n y Posgrado y las cuatro unidades de investigaci\u00f3n de nuestra Facultad, con 18 103 asistentes.<\/p>\n\n\n\n<div class=\"wp-block-image\"><figure class=\"aligncenter size-large\"><img decoding=\"async\" loading=\"lazy\" width=\"800\" height=\"350\" src=\"https:\/\/informedeactividesfesi.iztacala.unam.mx\/wp-content\/uploads\/2021\/03\/cultura.png\" alt=\"\" class=\"wp-image-387\" srcset=\"https:\/\/informedeactividesfesi.iztacala.unam.mx\/wp-content\/uploads\/2021\/03\/cultura.png 800w, https:\/\/informedeactividesfesi.iztacala.unam.mx\/wp-content\/uploads\/2021\/03\/cultura-300x131.png 300w, https:\/\/informedeactividesfesi.iztacala.unam.mx\/wp-content\/uploads\/2021\/03\/cultura-768x336.png 768w\" sizes=\"(max-width: 800px) 100vw, 800px\" \/><\/figure><\/div>\n\n\n\n<div style=\"height:100px\" aria-hidden=\"true\" class=\"wp-block-spacer\"><\/div>\n\n\n\n<div class=\"wp-block-cover has-nv-light-bg-background-color has-background-dim\" style=\"min-height:50px\"><div class=\"wp-block-cover__inner-container\">\n<p class=\"has-text-align-center has-medium-font-size\"><a href=\"https:\/\/informedeactividesfesi.iztacala.unam.mx\/index.php\/informe-2020\/\">VOLVER A MEN\u00da<\/a><\/p>\n<\/div><\/div>\n","protected":false},"excerpt":{"rendered":"<p>En el \u00e1mbito de la cultura se realizaron siete exposiciones fotogr\u00e1ficas virtuales y a distancia durante la contingencia sanitaria, con m\u00e1s de 10 mil asistentes; se organiz\u00f3 el 9o festival de d\u00eda de muertos virtual y a distancia, FESIztacalaveras que dedic\u00f3 al estado de San Luis Potos\u00ed \u201cEl Xantolo en Iztacala\u201d con 22 235 asistentes.&hellip;&nbsp;<a href=\"https:\/\/informedeactividesfesi.iztacala.unam.mx\/index.php\/actividades-culturales\/\" class=\"\" rel=\"bookmark\">Leer m\u00e1s &raquo;<span class=\"screen-reader-text\">Actividades Culturales<\/span><\/a><\/p>\n","protected":false},"author":3,"featured_media":0,"parent":0,"menu_order":0,"comment_status":"closed","ping_status":"closed","template":"","meta":{"neve_meta_sidebar":"full-width","neve_meta_container":"","neve_meta_enable_content_width":"on","neve_meta_content_width":100,"neve_meta_title_alignment":"","neve_meta_author_avatar":"","neve_post_elements_order":"","neve_meta_disable_header":"","neve_meta_disable_footer":"","neve_meta_disable_title":"","spay_email":""},"_links":{"self":[{"href":"https:\/\/informedeactividesfesi.iztacala.unam.mx\/index.php\/wp-json\/wp\/v2\/pages\/218"}],"collection":[{"href":"https:\/\/informedeactividesfesi.iztacala.unam.mx\/index.php\/wp-json\/wp\/v2\/pages"}],"about":[{"href":"https:\/\/informedeactividesfesi.iztacala.unam.mx\/index.php\/wp-json\/wp\/v2\/types\/page"}],"author":[{"embeddable":true,"href":"https:\/\/informedeactividesfesi.iztacala.unam.mx\/index.php\/wp-json\/wp\/v2\/users\/3"}],"replies":[{"embeddable":true,"href":"https:\/\/informedeactividesfesi.iztacala.unam.mx\/index.php\/wp-json\/wp\/v2\/comments?post=218"}],"version-history":[{"count":5,"href":"https:\/\/informedeactividesfesi.iztacala.unam.mx\/index.php\/wp-json\/wp\/v2\/pages\/218\/revisions"}],"predecessor-version":[{"id":415,"href":"https:\/\/informedeactividesfesi.iztacala.unam.mx\/index.php\/wp-json\/wp\/v2\/pages\/218\/revisions\/415"}],"wp:attachment":[{"href":"https:\/\/informedeactividesfesi.iztacala.unam.mx\/index.php\/wp-json\/wp\/v2\/media?parent=218"}],"curies":[{"name":"wp","href":"https:\/\/api.w.org\/{rel}","templated":true}]}}