{"id":222,"date":"2021-03-09T23:14:36","date_gmt":"2021-03-09T23:14:36","guid":{"rendered":"https:\/\/informedeactividesfesi.iztacala.unam.mx\/?page_id=222"},"modified":"2021-03-10T19:34:15","modified_gmt":"2021-03-10T19:34:15","slug":"premios-y-distinciones","status":"publish","type":"page","link":"https:\/\/informedeactividesfesi.iztacala.unam.mx\/index.php\/premios-y-distinciones\/","title":{"rendered":"Premios y Distinciones"},"content":{"rendered":"\n<p>Por \u00faltimo, quiero felicitar amplia y merecidamente a las alumnas, alumnos, profesoras y profesores que recibieron reconocimientos y premios en el 2020.<\/p>\n\n\n\n<h2 class=\"has-nv-c-2-color has-text-color wp-block-heading\"><strong>ALUMNAS<\/strong><\/h2>\n\n\n\n<figure class=\"wp-block-image alignfull size-large\"><img decoding=\"async\" loading=\"lazy\" width=\"1024\" height=\"4\" src=\"https:\/\/informedeactividesfesi.iztacala.unam.mx\/wp-content\/uploads\/2021\/03\/Separador-1024x4.png\" alt=\"\" class=\"wp-image-76\" srcset=\"https:\/\/informedeactividesfesi.iztacala.unam.mx\/wp-content\/uploads\/2021\/03\/Separador-1024x4.png 1024w, https:\/\/informedeactividesfesi.iztacala.unam.mx\/wp-content\/uploads\/2021\/03\/Separador-300x1.png 300w, https:\/\/informedeactividesfesi.iztacala.unam.mx\/wp-content\/uploads\/2021\/03\/Separador-768x3.png 768w, https:\/\/informedeactividesfesi.iztacala.unam.mx\/wp-content\/uploads\/2021\/03\/Separador-1536x6.png 1536w, https:\/\/informedeactividesfesi.iztacala.unam.mx\/wp-content\/uploads\/2021\/03\/Separador-2048x8.png 2048w\" sizes=\"(max-width: 1024px) 100vw, 1024px\" \/><\/figure>\n\n\n\n<p>En la carrera de M\u00e9dico Cirujano, Estefan\u00eda Dom\u00ednguez Polanco obtuvo el premio a la excelencia acad\u00e9mica a estudiantes de Medicina por el Instituto Cient\u00edfico Pfizer y la AMFEM.<\/p>\n\n\n\n<p>En la carrera de Optometr\u00eda, cuatro estudiantes obtuvieron premios: <\/p>\n\n\n\n<p>\u2022 Premio L\u00edderes Futuros (Future Leaders) para Ana Jeissy Garc\u00eda Blanquel, otorgado por la Agencia Internacional para la prevenci\u00f3n de la ceguera (International Agency for the Prevention of Blindness).<\/p>\n\n\n\n<p>\u2022 El primer lugar del campeonato VARILUX para \u00c1ngela Abril Su\u00e1rez Ajoleza por la AMFECCO \u00c1ngela Abril Su\u00e1rez Ajoleza<\/p>\n\n\n\n<p>\u2022 Reconocimiento a la excelencia acad\u00e9mica (Acknowledgment of fellowship excellence) para Rub\u00e9n V\u00e1zquez Guerrero otorgado por IACLE.<\/p>\n\n\n\n<h2 class=\"has-nv-c-2-color has-text-color wp-block-heading\"><strong>PROFESORES<\/strong><\/h2>\n\n\n\n<figure class=\"wp-block-image alignfull size-large\"><img decoding=\"async\" loading=\"lazy\" width=\"1024\" height=\"4\" src=\"https:\/\/informedeactividesfesi.iztacala.unam.mx\/wp-content\/uploads\/2021\/03\/Separador-1024x4.png\" alt=\"\" class=\"wp-image-76\" srcset=\"https:\/\/informedeactividesfesi.iztacala.unam.mx\/wp-content\/uploads\/2021\/03\/Separador-1024x4.png 1024w, https:\/\/informedeactividesfesi.iztacala.unam.mx\/wp-content\/uploads\/2021\/03\/Separador-300x1.png 300w, https:\/\/informedeactividesfesi.iztacala.unam.mx\/wp-content\/uploads\/2021\/03\/Separador-768x3.png 768w, https:\/\/informedeactividesfesi.iztacala.unam.mx\/wp-content\/uploads\/2021\/03\/Separador-1536x6.png 1536w, https:\/\/informedeactividesfesi.iztacala.unam.mx\/wp-content\/uploads\/2021\/03\/Separador-2048x8.png 2048w\" sizes=\"(max-width: 1024px) 100vw, 1024px\" \/><\/figure>\n\n\n\n<p>La Dra. Blanca Estela Zardel Jacobo de la UIICSE fue investida con el Doctorado Honoris Causa por parte del Centro de Estudios Latinoamericanos de Educaci\u00f3n Inclusiva (CELEI) de Chile.<\/p>\n\n\n\n<p>El grupo de trabajo del doctor Mart\u00edn Isa\u00edas Rodr\u00edguez Rodr\u00edguez de la carrera de Optometr\u00eda, obtuvo una patente para la formulaci\u00f3n de un sistema de medici\u00f3n corneal. Esta es la tercera patente registrada en la FESI en sus 45 a\u00f1os de existencia.<\/p>\n\n\n\n<p>Dos j\u00f3venes investigadores de la Divisi\u00f3n de Investigaci\u00f3n y Posgrado obtuvieron el reconocimiento a investigaciones m\u00e9dicas Miguel Alem\u00e1n, se trata de la Dra. Fabiola M\u00e9ndez Catal\u00e1 y del Dr. Jos\u00e9 Bustos Arriaga.<\/p>\n\n\n\n<p>La Dra. Mar\u00eda del Rosario S\u00e1nchez Rodr\u00edguez fue acreedora al reconocimiento \u201cSor Juana In\u00e9s de la Cruz\u201d 2019.<\/p>\n\n\n\n<p>El reconocimiento al \u201cM\u00e9rito Acad\u00e9mico 2020\u201d para Profesores de Asignatura lo obtuvieron las maestras Mar\u00eda Reyes Altagracia Gonz\u00e1lez L\u00f3pez y Deyanira Eta\u00edn Varona Graniel; el de profesores de carrera fue para Dr. Sergio Ch\u00e1zaro Olvera, y el de t\u00e9cnico acad\u00e9mico se declar\u00f3 desierto.<\/p>\n\n\n\n<div style=\"height:100px\" aria-hidden=\"true\" class=\"wp-block-spacer\"><\/div>\n\n\n\n<div class=\"wp-block-cover has-nv-light-bg-background-color has-background-dim\" style=\"min-height:50px\"><div class=\"wp-block-cover__inner-container\">\n<p class=\"has-text-align-center has-medium-font-size\"><a href=\"https:\/\/informedeactividesfesi.iztacala.unam.mx\/index.php\/informe-2020\/\">VOLVER A MEN\u00da<\/a><\/p>\n<\/div><\/div>\n","protected":false},"excerpt":{"rendered":"<p>Por \u00faltimo, quiero felicitar amplia y merecidamente a las alumnas, alumnos, profesoras y profesores que recibieron reconocimientos y premios en el 2020. ALUMNAS En la carrera de M\u00e9dico Cirujano, Estefan\u00eda Dom\u00ednguez Polanco obtuvo el premio a la excelencia acad\u00e9mica a estudiantes de Medicina por el Instituto Cient\u00edfico Pfizer y la AMFEM. En la carrera de&hellip;&nbsp;<a href=\"https:\/\/informedeactividesfesi.iztacala.unam.mx\/index.php\/premios-y-distinciones\/\" class=\"\" rel=\"bookmark\">Leer m\u00e1s &raquo;<span class=\"screen-reader-text\">Premios y Distinciones<\/span><\/a><\/p>\n","protected":false},"author":3,"featured_media":0,"parent":0,"menu_order":0,"comment_status":"closed","ping_status":"closed","template":"","meta":{"neve_meta_sidebar":"full-width","neve_meta_container":"","neve_meta_enable_content_width":"on","neve_meta_content_width":100,"neve_meta_title_alignment":"","neve_meta_author_avatar":"","neve_post_elements_order":"","neve_meta_disable_header":"","neve_meta_disable_footer":"","neve_meta_disable_title":"","spay_email":""},"_links":{"self":[{"href":"https:\/\/informedeactividesfesi.iztacala.unam.mx\/index.php\/wp-json\/wp\/v2\/pages\/222"}],"collection":[{"href":"https:\/\/informedeactividesfesi.iztacala.unam.mx\/index.php\/wp-json\/wp\/v2\/pages"}],"about":[{"href":"https:\/\/informedeactividesfesi.iztacala.unam.mx\/index.php\/wp-json\/wp\/v2\/types\/page"}],"author":[{"embeddable":true,"href":"https:\/\/informedeactividesfesi.iztacala.unam.mx\/index.php\/wp-json\/wp\/v2\/users\/3"}],"replies":[{"embeddable":true,"href":"https:\/\/informedeactividesfesi.iztacala.unam.mx\/index.php\/wp-json\/wp\/v2\/comments?post=222"}],"version-history":[{"count":3,"href":"https:\/\/informedeactividesfesi.iztacala.unam.mx\/index.php\/wp-json\/wp\/v2\/pages\/222\/revisions"}],"predecessor-version":[{"id":397,"href":"https:\/\/informedeactividesfesi.iztacala.unam.mx\/index.php\/wp-json\/wp\/v2\/pages\/222\/revisions\/397"}],"wp:attachment":[{"href":"https:\/\/informedeactividesfesi.iztacala.unam.mx\/index.php\/wp-json\/wp\/v2\/media?parent=222"}],"curies":[{"name":"wp","href":"https:\/\/api.w.org\/{rel}","templated":true}]}}