{"id":478,"date":"2022-02-21T20:14:49","date_gmt":"2022-02-21T20:14:49","guid":{"rendered":"https:\/\/informedeactividesfesi.iztacala.unam.mx\/?page_id=478"},"modified":"2022-03-09T18:22:09","modified_gmt":"2022-03-09T18:22:09","slug":"introduccion-22","status":"publish","type":"page","link":"https:\/\/informedeactividesfesi.iztacala.unam.mx\/index.php\/introduccion-22\/","title":{"rendered":"Introducci\u00f3n"},"content":{"rendered":"\n<p>Conforme lo establece el Art\u00edculo 9o del Reglamento de Planeaci\u00f3n de la UNAM y las directrices establecidas por el Plan de Desarrollo de la Universidad encabezado por el Sr. Rector, Dr. Enrique Graue Wiechers, y en apego con el Plan de Desarrollo Institucional de la FES Iztacala 2020-2024, presento este segundo informe de las actividades realizadas durante el a\u00f1o 2021.<\/p>\n\n\n\n<p>Los datos en extenso pueden ser consultados en la p\u00e1gina de la FESI, siendo lo que presento hoy un panorama sucinto de los trabajos realizados y las metas logradas en este a\u00f1o por alumnos, profesores y trabajadores de nuestra Facultad.<\/p>\n\n\n\n<p>Este a\u00f1o continu\u00f3 siendo un escenario tr\u00e1gico, sin embargo, gracias al desarrollo de las vacunas y su aplicaci\u00f3n, se comenz\u00f3 a vislumbrar una salida de tan lamentable pandemia. La FES Iztacala continu\u00f3 sus actividades en un espacio virtual, lo cual ha requerido grandes esfuerzos por parte de nuestra comunidad. Todo esto enfrentando una enfermedad tambi\u00e9n desconocida y que ha mermado nuestras familias, \u00e1nimos y corazones.<\/p>\n\n\n\n<p>Este informe, sin duda alguna, lo tengo que dedicar a todos nuestros profesores, estudiantes y trabajadores administrativos que lucharon desde sus diferentes trincheras para que la educaci\u00f3n con- tinuara y la Facultad se mantuviera en condiciones tales que nos han permitido reiniciar actividades presenciales hacia finales del 2021. Tambi\u00e9n quiero dedic\u00e1rselos a todos los miembros de esta comunidad que sufrieron p\u00e9rdidas personales, y a todos los que estuvieron en primera l\u00ednea luchando contra el virus, poniendo su esfuerzo y dedicaci\u00f3n para cuidar de todos.<\/p>\n\n\n\n<p>Por supuesto tengo que mencionar al equipo de comunicaci\u00f3n social de la FESI que nos permiti\u00f3 a todos seguir en un solo cami- no; adem\u00e1s de darnos alegr\u00edas, entretenimiento y compartirnos conocimientos acerca de la pandemia, de la salud mental, as\u00ed co- mo consejos para que nuestra comunidad se mantuviera m\u00e1s saluda- ble. Los servicios especiales de atenci\u00f3n psicol\u00f3gica se reinventaron y continuaron en l\u00ednea atendiendo a nuestros estudiantes, profeso- res y personal administrativo, as\u00ed como a la comunidad de la UNAM que as\u00ed lo requiri\u00f3.<\/p>\n\n\n\n<p>La educaci\u00f3n a distancia y la educaci\u00f3n continua nos ense\u00f1aron que los caminos andados deber\u00edan ser m\u00e1s y mejor usados. Todas las carreras presenciales en la FESI desarrollaron capacidades para volverse temporalmente en l\u00ednea y continuar con su labor.<\/p>\n\n\n\n<p>Por supuesto, a todos aquellos que continuaron trabajando y arriesg\u00e1ndose al contagio para poder tener a la FESI funcionando y en buenas condiciones, aun en tiempos en donde esto sonaba muy dif\u00edcil. Al personal administrativo que luch\u00f3 con pocas manos contra las fechas inmutables y atendi\u00f3 los tr\u00e1mites urgentes, a todos los vigilantes que cuidaron la Facultad, a los compa\u00f1eros que formaron el puesto sanitario, al equipo de pagos que atendi\u00f3 quincena por quincena a quienes lo requirieron, as\u00ed como a jardineros, intendentes, y a todos los que siendo grupos vulnerables tuvieron que dejar de asistir. Todos juntos hemos hecho posible que la FESI y la UNAM, no se detengan.<\/p>\n\n\n\n<h2 class=\"has-nv-c-1-color has-text-color has-large-font-size wp-block-heading\"><strong>Plan de Desarrollo Institucional 2020-2024<\/strong><\/h2>\n\n\n\n<p>El Plan de desarrollo comprende siete programas con 22 subprogramas y 69 proyectos estrat\u00e9gicos que engloban las funciones sustanciales de la Facultad.<\/p>\n\n\n\n<div class=\"wp-block-image\"><figure class=\"aligncenter size-large\"><img decoding=\"async\" loading=\"lazy\" width=\"473\" height=\"1024\" src=\"https:\/\/informedeactividesfesi.iztacala.unam.mx\/wp-content\/uploads\/2022\/03\/22-1-2-473x1024.png\" alt=\"\" class=\"wp-image-525\" srcset=\"https:\/\/informedeactividesfesi.iztacala.unam.mx\/wp-content\/uploads\/2022\/03\/22-1-2-473x1024.png 473w, https:\/\/informedeactividesfesi.iztacala.unam.mx\/wp-content\/uploads\/2022\/03\/22-1-2-138x300.png 138w, https:\/\/informedeactividesfesi.iztacala.unam.mx\/wp-content\/uploads\/2022\/03\/22-1-2.png 600w\" sizes=\"(max-width: 473px) 100vw, 473px\" \/><\/figure><\/div>\n\n\n\n<p>Durante este segundo a\u00f1o, el avance que se logr\u00f3 tener en las diferentes \u00e1reas es considerable. Falta mucho por recorrer y aunque las condiciones sanitarias en ocasiones no permitieron cumplir to- das las metas, se han logrado cumplir aproximadamente un 50% del avance de los indicadores considerados en el Plan de Desarrollo.<\/p>\n\n\n\n<div class=\"wp-block-cover alignfull\" style=\"min-height:100px\"><span aria-hidden=\"true\" class=\"has-nv-light-bg-background-color has-background-dim-100 wp-block-cover__gradient-background has-background-dim\"><\/span><div class=\"wp-block-cover__inner-container\">\n<p><\/p>\n\n\n\n<div class=\"wp-block-buttons alignwide is-content-justification-center is-layout-flex wp-container-1\">\n<div class=\"wp-block-button is-style-primary\"><a class=\"wp-block-button__link has-nv-site-bg-color has-nv-c-1-background-color has-text-color has-background\" href=\"https:\/\/informedeactividesfesi.iztacala.unam.mx\/index.php\/informe-2021\/\" style=\"border-radius:87px\">VOLVER AL MEN\u00da PRINCIPAL<\/a><\/div>\n<\/div>\n\n\n\n<p><\/p>\n<\/div><\/div>\n\n\n\n<p><\/p>\n","protected":false},"excerpt":{"rendered":"<p>Conforme lo establece el Art\u00edculo 9o del Reglamento de Planeaci\u00f3n de la UNAM y las directrices establecidas por el Plan de Desarrollo de la Universidad encabezado por el Sr. Rector, Dr. Enrique Graue Wiechers, y en apego con el Plan de Desarrollo Institucional de la FES Iztacala 2020-2024, presento este segundo informe de las actividades&hellip;&nbsp;<a href=\"https:\/\/informedeactividesfesi.iztacala.unam.mx\/index.php\/introduccion-22\/\" class=\"\" rel=\"bookmark\">Leer m\u00e1s &raquo;<span class=\"screen-reader-text\">Introducci\u00f3n<\/span><\/a><\/p>\n","protected":false},"author":3,"featured_media":0,"parent":0,"menu_order":0,"comment_status":"closed","ping_status":"closed","template":"","meta":{"neve_meta_sidebar":"full-width","neve_meta_container":"","neve_meta_enable_content_width":"on","neve_meta_content_width":100,"neve_meta_title_alignment":"","neve_meta_author_avatar":"","neve_post_elements_order":"","neve_meta_disable_header":"","neve_meta_disable_footer":"","neve_meta_disable_title":"","spay_email":""},"_links":{"self":[{"href":"https:\/\/informedeactividesfesi.iztacala.unam.mx\/index.php\/wp-json\/wp\/v2\/pages\/478"}],"collection":[{"href":"https:\/\/informedeactividesfesi.iztacala.unam.mx\/index.php\/wp-json\/wp\/v2\/pages"}],"about":[{"href":"https:\/\/informedeactividesfesi.iztacala.unam.mx\/index.php\/wp-json\/wp\/v2\/types\/page"}],"author":[{"embeddable":true,"href":"https:\/\/informedeactividesfesi.iztacala.unam.mx\/index.php\/wp-json\/wp\/v2\/users\/3"}],"replies":[{"embeddable":true,"href":"https:\/\/informedeactividesfesi.iztacala.unam.mx\/index.php\/wp-json\/wp\/v2\/comments?post=478"}],"version-history":[{"count":5,"href":"https:\/\/informedeactividesfesi.iztacala.unam.mx\/index.php\/wp-json\/wp\/v2\/pages\/478\/revisions"}],"predecessor-version":[{"id":526,"href":"https:\/\/informedeactividesfesi.iztacala.unam.mx\/index.php\/wp-json\/wp\/v2\/pages\/478\/revisions\/526"}],"wp:attachment":[{"href":"https:\/\/informedeactividesfesi.iztacala.unam.mx\/index.php\/wp-json\/wp\/v2\/media?parent=478"}],"curies":[{"name":"wp","href":"https:\/\/api.w.org\/{rel}","templated":true}]}}