{"id":489,"date":"2022-02-21T20:21:14","date_gmt":"2022-02-21T20:21:14","guid":{"rendered":"https:\/\/informedeactividesfesi.iztacala.unam.mx\/?page_id=489"},"modified":"2022-03-10T02:17:25","modified_gmt":"2022-03-10T02:17:25","slug":"investigacion-22","status":"publish","type":"page","link":"https:\/\/informedeactividesfesi.iztacala.unam.mx\/index.php\/investigacion-22\/","title":{"rendered":"Investigaci\u00f3n"},"content":{"rendered":"\n<p>En este segundo a\u00f1o de la pandemia, las actividades de investigaci\u00f3n tuvieron un aumento sustancial comparado con el a\u00f1o anterior y los proyectos de posgrado retomaron importantemente su curso manteniendo siempre como prioridad el cumplimiento de las medidas sanitarias recomendadas por las autoridades universitarias.<\/p>\n\n\n\n<p>La Divisi\u00f3n de Investigaci\u00f3n y Posgrado particip\u00f3 en la organizaci\u00f3n de diferentes eventos acad\u00e9micos, entre ellos, la celebraci\u00f3n del D\u00eda Internacional de la Mujer en marzo, el Simposio Avances en la Investigaci\u00f3n sobre covid-19 en el mes de mayo, en el que particip\u00f3 la Facultad de Medicina, la Facultad de Qu\u00edmica, el Instituto de Fisiolog\u00eda Celular, el Instituto Nacional de Enfermedades Respiratorias y nuestra Facultad como sede. En este simposio se presentaron los avances de proyectos de investigaci\u00f3n sobre covid y tuvimos asistentes de Bolivia, Ecuador, Per\u00fa, Espa\u00f1a, Colombia, Argentina, El Salvador, Guatemala y Costa Rica.<\/p>\n\n\n\n<p>En agosto, se llev\u00f3 a cabo el XXXIX Coloquio de Investigaci\u00f3n de nuestra Facultad, en el que participaron todas las carreras presenciales y SUAyED Psicolog\u00eda. Se presentaron cinco conferencias magistrales, 117 videos de difusi\u00f3n de avances de proyectos de investigaci\u00f3n presentados por el alumnado de las licenciaturas y el posgrado. Adem\u00e1s, se presentaron 22 trabajos estudiantiles concluidos y se premiaron a los mejores ocho. En nuestro coloquio tuvimos asistentes de CDMX, Estado de M\u00e9xico, Hidalgo, Oaxaca, Puebla, Veracruz, Guerrero, Morelos, Quer\u00e9taro y Jalisco, y a nivel internacional contamos con asistentes de Estados Unidos, Per\u00fa, Colombia, Chile, Argentina, Bolivia, Canad\u00e1, Espa\u00f1a y Alemania.<\/p>\n\n\n\n<p>Los coordinadores de seminarios de las diferentes unidades de investigaci\u00f3n participaron en la organizaci\u00f3n junto con la Secreta- r\u00eda de Desarrollo y Relaciones Institucionales, de los seminarios institucionales en donde contamos con la participaci\u00f3n de la Dra. Herminia Pasantes Ord\u00f3\u00f1ez, Investigadora Em\u00e9rita de la UNAM, el Dr. Luis Walter Daessl\u00e9 Heuser, director del Instituto de Investigaciones Oceanol\u00f3gicas y el Dr. Christian Sohlenkamp, director del Centro de Ciencias Gen\u00f3micas.<\/p>\n\n\n\n<hr class=\"wp-block-separator\"\/>\n\n\n\n<h2 class=\"has-nv-c-1-color has-text-color has-large-font-size wp-block-heading\"><strong>Publicaciones<\/strong><\/h2>\n\n\n\n<p>En 2021 se publicaron 812 contribuciones cient\u00edficas, de las cuales, 64.78% corresponden a art\u00edculos en revistas internacionales, 12.44%, a art\u00edculos en revistas nacionales; 4.68% a libros y 18.10% a cap\u00edtulos de libro, lo que equivale a un incremento de 6.70% en comparaci\u00f3n con 2020, a pesar de las condiciones creadas por la pandemia.<\/p>\n\n\n\n<div class=\"wp-block-image\"><figure class=\"aligncenter size-full\"><img decoding=\"async\" loading=\"lazy\" width=\"600\" height=\"180\" src=\"https:\/\/informedeactividesfesi.iztacala.unam.mx\/wp-content\/uploads\/2022\/03\/22-38.png\" alt=\"\" class=\"wp-image-579\" srcset=\"https:\/\/informedeactividesfesi.iztacala.unam.mx\/wp-content\/uploads\/2022\/03\/22-38.png 600w, https:\/\/informedeactividesfesi.iztacala.unam.mx\/wp-content\/uploads\/2022\/03\/22-38-300x90.png 300w\" sizes=\"(max-width: 600px) 100vw, 600px\" \/><\/figure><\/div>\n\n\n\n<hr class=\"wp-block-separator\"\/>\n\n\n\n<h2 class=\"has-nv-c-1-color has-text-color has-large-font-size wp-block-heading\"><strong>Proyectos de investigaci\u00f3n<\/strong><\/h2>\n\n\n\n<p>Los profesores de la FESI obtuvieron financiamiento en 167 proyectos de investigaci\u00f3n de PAPIIT, PAPIME, CONABIO, CONACyT y otras fuentes por un monto de $36 917 91840 pesos, mostrando un aumento de siete proyectos m\u00e1s que en el a\u00f1o anterior y un incremento de $5 795 24610.<\/p>\n\n\n\n<div class=\"wp-block-image\"><figure class=\"aligncenter size-full\"><img decoding=\"async\" loading=\"lazy\" width=\"600\" height=\"500\" src=\"https:\/\/informedeactividesfesi.iztacala.unam.mx\/wp-content\/uploads\/2022\/03\/22-39.png\" alt=\"\" class=\"wp-image-580\" srcset=\"https:\/\/informedeactividesfesi.iztacala.unam.mx\/wp-content\/uploads\/2022\/03\/22-39.png 600w, https:\/\/informedeactividesfesi.iztacala.unam.mx\/wp-content\/uploads\/2022\/03\/22-39-300x250.png 300w\" sizes=\"(max-width: 600px) 100vw, 600px\" \/><\/figure><\/div>\n\n\n\n<hr class=\"wp-block-separator\"\/>\n\n\n\n<h2 class=\"has-nv-c-1-color has-text-color has-large-font-size wp-block-heading\"><strong>Sistema Nacional de Investigadores<\/strong><\/h2>\n\n\n\n<p>Actualmente, tenemos 209 profesores incorporados al SNI, nueve m\u00e1s que en el ciclo anterior. De ellos, 43 son candidatos a investigador, 128 est\u00e1n en el nivel I, 26 en el nivel II y 12 en el nivel III.<\/p>\n\n\n\n<div class=\"wp-block-image\"><figure class=\"aligncenter size-full\"><img decoding=\"async\" loading=\"lazy\" width=\"600\" height=\"350\" src=\"https:\/\/informedeactividesfesi.iztacala.unam.mx\/wp-content\/uploads\/2022\/03\/22-40.png\" alt=\"\" class=\"wp-image-581\" srcset=\"https:\/\/informedeactividesfesi.iztacala.unam.mx\/wp-content\/uploads\/2022\/03\/22-40.png 600w, https:\/\/informedeactividesfesi.iztacala.unam.mx\/wp-content\/uploads\/2022\/03\/22-40-300x175.png 300w\" sizes=\"(max-width: 600px) 100vw, 600px\" \/><\/figure><\/div>\n\n\n\n<hr class=\"wp-block-separator\"\/>\n\n\n\n<h2 class=\"has-nv-c-1-color has-text-color has-large-font-size wp-block-heading\"><strong>Laboratorio Nacional<\/strong><\/h2>\n\n\n\n<p>Durante el periodo que reporto, el Laboratorio Nacional de la FESI (LN-FESI) enfrent\u00f3 una vez m\u00e1s grandes dificultades debido a las condiciones cambiantes de la contingencia sanitaria, que definitivamente han mantenido un impacto negativo y significativo en diferentes rubros que atiende, especialmente en los servicios que se brindan a usuarios externos. No obstante, las condiciones adversas, se alcanzaron logros significativos en las tres \u00e1reas de las que se compone el Laboratorio Nacional en Salud: Diagn\u00f3stico Molecular y Efecto Ambiental en Enfermedades Cr\u00f3nico-Degenerativas de la FES Iztacala, UNAM.<\/p>\n\n\n\n<p>En el a\u00f1o 2021 el LN-FESI obtuvo cerca de tres millones de pesos de financiamiento proveniente de CONACyT y de la Coordinaci\u00f3n de la Investigaci\u00f3n Cient\u00edfica de la UNAM, gracias a este invaluable apoyo se han podido mantener vigentes las p\u00f3lizas de mantenimiento de todos los equipos cr\u00edticos, as\u00ed como el servicio de mantenimiento a los equipos secundarios, lo cual genera confiabilidad en el manejo de muestras y en los resultados obtenidos.<\/p>\n\n\n\n<p>Dada la contingencia y la reducci\u00f3n de recursos para la ciencia, es importante hacer notar que el LN-FESI, en solidaridad y apoyo a los colegas investigadores y estudiantes, a lo largo del 2021 cobr\u00f3 menos del 50% del servicio otorgado.<\/p>\n\n\n\n<p>Uno de los logros m\u00e1s destacados del LN-FESI es, sin duda, la re- novaci\u00f3n de la certificaci\u00f3n ISO 9001:2015, otorgada por la empresa Normalizaci\u00f3n y Certificaci\u00f3n NYCE SC, con vigencia hasta abril de 2024. Con este certificado, el Laboratorio se mantiene dentro del selecto grupo de laboratorios nacionales que cuentan con sistemas de aseguramiento de la calidad.<\/p>\n\n\n\n<p>En este periodo, el LN-FESI analiz\u00f3 m\u00e1s de tres mil muestras de sus diferentes usuarios de las tres \u00e1reas que lo componen: Espectroscopia de Masas, Secuenciaci\u00f3n Masiva y Citometr\u00eda de Flujo. Adem\u00e1s del servicio, el LN-FESI form\u00f3 a dos estudiantes de licenciatura, uno de maestr\u00eda y dos de doctorado, que est\u00e1n esperando fecha de examen. Adicionalmente, el LN-FESI mantuvo su productividad cient\u00edfica con 12 publicaciones internacionales con un factor de impacto promedio de 4.801, que es superior al obtenido en 2020 que fue de 3.781; se public\u00f3 tambi\u00e9n un cap\u00edtulo de libro internacional.<\/p>\n\n\n\n<p>Es importante hacer notar que dos de nuestros egresados de doctorado han sido reclutados por instituciones internacionales de reconocido prestigio como son el Dana-Farber Cancer Institute en Boston, MA, USA y el Karolinska Institute, Estocolmo, Suecia.<\/p>\n\n\n\n<p>En conjunto, estos datos dan evidencia de la alta calidad del trabajo desarrollado en el Laboratorio Nacional en Salud de la FES- Iztacala, que actualmente ya se encuentra funcionando a un 70% de su capacidad y manteniendo su alta productividad acad\u00e9mica que lo ha caracterizado desde su puesta en marcha.<\/p>\n\n\n\n<figure class=\"wp-block-image alignfull size-full\"><img decoding=\"async\" loading=\"lazy\" width=\"900\" height=\"300\" src=\"https:\/\/informedeactividesfesi.iztacala.unam.mx\/wp-content\/uploads\/2022\/03\/22-41.png\" alt=\"\" class=\"wp-image-582\" srcset=\"https:\/\/informedeactividesfesi.iztacala.unam.mx\/wp-content\/uploads\/2022\/03\/22-41.png 900w, https:\/\/informedeactividesfesi.iztacala.unam.mx\/wp-content\/uploads\/2022\/03\/22-41-300x100.png 300w, https:\/\/informedeactividesfesi.iztacala.unam.mx\/wp-content\/uploads\/2022\/03\/22-41-768x256.png 768w\" sizes=\"(max-width: 900px) 100vw, 900px\" \/><\/figure>\n\n\n\n<div class=\"wp-block-cover alignfull\" style=\"min-height:100px\"><span aria-hidden=\"true\" class=\"has-nv-light-bg-background-color has-background-dim-100 wp-block-cover__gradient-background has-background-dim\"><\/span><div class=\"wp-block-cover__inner-container\">\n<p><\/p>\n\n\n\n<div class=\"wp-block-buttons alignwide is-content-justification-center is-layout-flex wp-container-1\">\n<div class=\"wp-block-button is-style-primary\"><a class=\"wp-block-button__link has-nv-site-bg-color has-nv-c-1-background-color has-text-color has-background\" href=\"https:\/\/informedeactividesfesi.iztacala.unam.mx\/index.php\/informe-2021\/\" style=\"border-radius:87px\">VOLVER AL MEN\u00da PRINCIPAL<\/a><\/div>\n<\/div>\n\n\n\n<p><\/p>\n<\/div><\/div>\n","protected":false},"excerpt":{"rendered":"<p>En este segundo a\u00f1o de la pandemia, las actividades de investigaci\u00f3n tuvieron un aumento sustancial comparado con el a\u00f1o anterior y los proyectos de posgrado retomaron importantemente su curso manteniendo siempre como prioridad el cumplimiento de las medidas sanitarias recomendadas por las autoridades universitarias. La Divisi\u00f3n de Investigaci\u00f3n y Posgrado particip\u00f3 en la organizaci\u00f3n de&hellip;&nbsp;<a href=\"https:\/\/informedeactividesfesi.iztacala.unam.mx\/index.php\/investigacion-22\/\" class=\"\" rel=\"bookmark\">Leer m\u00e1s &raquo;<span class=\"screen-reader-text\">Investigaci\u00f3n<\/span><\/a><\/p>\n","protected":false},"author":3,"featured_media":0,"parent":0,"menu_order":0,"comment_status":"closed","ping_status":"closed","template":"","meta":{"neve_meta_sidebar":"full-width","neve_meta_container":"","neve_meta_enable_content_width":"on","neve_meta_content_width":100,"neve_meta_title_alignment":"","neve_meta_author_avatar":"","neve_post_elements_order":"","neve_meta_disable_header":"","neve_meta_disable_footer":"","neve_meta_disable_title":"","spay_email":""},"_links":{"self":[{"href":"https:\/\/informedeactividesfesi.iztacala.unam.mx\/index.php\/wp-json\/wp\/v2\/pages\/489"}],"collection":[{"href":"https:\/\/informedeactividesfesi.iztacala.unam.mx\/index.php\/wp-json\/wp\/v2\/pages"}],"about":[{"href":"https:\/\/informedeactividesfesi.iztacala.unam.mx\/index.php\/wp-json\/wp\/v2\/types\/page"}],"author":[{"embeddable":true,"href":"https:\/\/informedeactividesfesi.iztacala.unam.mx\/index.php\/wp-json\/wp\/v2\/users\/3"}],"replies":[{"embeddable":true,"href":"https:\/\/informedeactividesfesi.iztacala.unam.mx\/index.php\/wp-json\/wp\/v2\/comments?post=489"}],"version-history":[{"count":3,"href":"https:\/\/informedeactividesfesi.iztacala.unam.mx\/index.php\/wp-json\/wp\/v2\/pages\/489\/revisions"}],"predecessor-version":[{"id":584,"href":"https:\/\/informedeactividesfesi.iztacala.unam.mx\/index.php\/wp-json\/wp\/v2\/pages\/489\/revisions\/584"}],"wp:attachment":[{"href":"https:\/\/informedeactividesfesi.iztacala.unam.mx\/index.php\/wp-json\/wp\/v2\/media?parent=489"}],"curies":[{"name":"wp","href":"https:\/\/api.w.org\/{rel}","templated":true}]}}