{"id":491,"date":"2022-02-21T20:22:51","date_gmt":"2022-02-21T20:22:51","guid":{"rendered":"https:\/\/informedeactividesfesi.iztacala.unam.mx\/?page_id=491"},"modified":"2022-03-10T02:33:18","modified_gmt":"2022-03-10T02:33:18","slug":"servicios-administrativos-22","status":"publish","type":"page","link":"https:\/\/informedeactividesfesi.iztacala.unam.mx\/index.php\/servicios-administrativos-22\/","title":{"rendered":"Servicios Administrativos"},"content":{"rendered":"\n<p>En la Secretar\u00eda Administrativa se trabaj\u00f3 de manera regular e ininterrumpida en todas sus \u00e1reas de adscripci\u00f3n, se dio atenci\u00f3n a usuarios en los tr\u00e1mites, tanto de presupuesto como de proyectos de investigaci\u00f3n, siendo la mayor parte de ellos a distancia. Se logr\u00f3 la mejora en la atenci\u00f3n a usuarios, a pesar de que la mayor parte del tiempo no se tuvo apoyo de personal administrativo, respetando los acuerdos firmados centralmente.<br>Como parte del retorno seguro se realiz\u00f3 la limpieza y desinfecci\u00f3n de aulas, cl\u00ednicas, laboratorios, Unidad de Documentaci\u00f3n Cient\u00edfica y dem\u00e1s \u00e1reas del campus y de las cl\u00ednicas perif\u00e9ricas, tanto de alumnos, como personal acad\u00e9mico y administrativo. Se efect\u00fao la poda y limpieza de \u00e1reas verdes, jardineras, andadores y pasillos. Las cl\u00ednicas perif\u00e9ricas cuentan ya con las adecuaciones necesarias para la atenci\u00f3n a pacientes.<\/p>\n\n\n\n<p>Se implement\u00f3 el protocolo de ingreso controlado y seguro al campus con los sem\u00e1foros rojo, naranja, amarillo y verde, tomando las medidas sanitarias necesarias en el acceso y en los lugares de trabajo, contando con el apoyo de Protecci\u00f3n Civil.<\/p>\n\n\n\n<p>Tratando de mantener ante todo las condiciones de seguridad sanitaria en el trabajo, se ha dotado a todo el personal que asiste a trabajar de cubrebocas y caretas; asimismo, se colocaron acr\u00edlicos de protecci\u00f3n en todas las \u00e1reas de trabajo y de atenci\u00f3n a la comunidad. Se ha dotado de gel al personal en sus \u00e1reas de trabajo y se han colocado dispensadores en diversos puntos de la Facultad, en los m\u00f3dulos sanitarios se colocaron secadores de manos y despachado- res de jab\u00f3n, se realizaron adecuaciones para la ventilaci\u00f3n en diversas \u00e1reas y se promueve la ventilaci\u00f3n en \u00e1reas de trabajo.<\/p>\n\n\n\n<p>El personal administrativo de base est\u00e1 constituido por 893 trabajadores. Quiero destacar la labor del personal de vigilancia, se cont\u00f3 con ellos para mantener nuestras instalaciones seguras y resguardadas, as\u00ed como del ingreso controlado en estos momentos dif\u00edciles. Mi reconocimiento a todos ellos.<\/p>\n\n\n\n<p>Se mantuvieron reuniones peri\u00f3dicas con los representantes sindicales, se atendieron sus peticiones, demandas y, en ocasiones, sus quejas. Agradezco y reconozco el apoyo y compromiso que han manifestado durante esta pandemia.<\/p>\n\n\n\n<p>Con mucho pesar, quiero reconocer la labor de los compa\u00f1eros que perdieron la vida este a\u00f1o, a quienes rindo un homenaje, y a sus familiares le presento mis condolencias y mi m\u00e1s profundo respeto.<\/p>\n\n\n\n<p>Por otra parte, se tramitaron en tiempo y forma las contrataciones de acad\u00e9micos con base a los dict\u00e1menes del H. Consejo T\u00e9cnico, se realiz\u00f3 la entrega de m\u00e1s de 55 mil talones de pago al personal que cobra por dep\u00f3sito.<\/p>\n\n\n\n<p>Los ingresos extraordinarios se mantuvieron estables respecto al a\u00f1o anterior (incremento del 0.03%). Se contin\u00faa trabajando en la obtenci\u00f3n de recursos extraordinarios, los cuales nos permitan avanzar en nuevos proyectos.<\/p>\n\n\n\n<p>Se realizaron obras, servicios de mantenimiento y de rehabilitaci\u00f3n dando prioridad a las necesidades del campus y de las cl\u00ednicas, mismos que se llevaron a cabo con recursos propios; y cuando fue necesario, se cont\u00f3 con apoyo de recursos por parte de la administraci\u00f3n central.<\/p>\n\n\n\n<p>Se realizaron 110 mantenimientos a plantas de luz, equipos hidroneum\u00e1ticos en el campus y en las cl\u00ednicas perif\u00e9ricas, a elevadores y al equipo de transporte.<\/p>\n\n\n\n<p>Se realizaron 120 mantenimientos, adecuaciones y rehabilitaciones en inmuebles, de los cuales, 48 fueron en el campus y 72 en las cl\u00ednicas perif\u00e9ricas; de estos, 60 los realizaron los trabajadores por Cl\u00e1usula 15.<\/p>\n\n\n\n<p>Se alcanz\u00f3 77% de los trabajos programados y, entre estos, destaco los siguientes:<\/p>\n\n\n\n<ul><li>Adecuaciones para un regreso seguro en las cl\u00ednicas odontol\u00f3gicas, de especializaciones y de optometr\u00eda<\/li><li>Inserci\u00f3n de tuber\u00eda para el agua tratada utilizada para el riego de \u00e1reas verdes, con lo que se complet\u00f3 85% del proyecto<\/li><li>Se cuenta con un nuevo sistema de alertamiento s\u00edsmico<\/li><li>Se realizaron ocho sustituciones de impermeabilizante<\/li><li>Limpieza general del campus y de las cl\u00ednicas perif\u00e9ricas<\/li><li>Desyerbe, poda y limpieza de \u00e1reas verdes tanto en el cam- pus como en las cl\u00ednicas perif\u00e9ricas<\/li><li>Colocaci\u00f3n de micas en todas las \u00e1reas de trabajo<\/li><li>Limpieza en la Unidad de Documentaci\u00f3n Cient\u00edfica (UDC) de libros, anaqueles, mesas, sillas y pisos<\/li><li>Adecuaci\u00f3n de un nuevo laboratorio. Se continuar\u00e1n realizando trabajos de mantenimiento y de seguridad, para lograr mantener el campus y las cl\u00ednicas perif\u00e9ricas en buenas condiciones y seguras.<\/li><\/ul>\n\n\n\n<hr class=\"wp-block-separator\"\/>\n\n\n\n<h2 class=\"has-nv-c-1-color has-text-color has-large-font-size wp-block-heading\"><strong>Sistemas y telecomunicaciones<\/strong><\/h2>\n\n\n\n<p>El edificio de las TIC, que albergar\u00e1 a la Coordinaci\u00f3n del SUAyED, a la Unidad de Sistemas y Telecomunicaciones y a diversas \u00e1reas que hacen uso de las tecnolog\u00edas de la informaci\u00f3n y comunicaci\u00f3n en nuestra Facultad, se contin\u00faa construyendo y podemos reportar un avance del 80% en la planta baja, que albergar\u00e1 dos laboratorios de c\u00f3mputo, un aula magna, una sala de tercera dimensi\u00f3n y oficinas administrativas, los dos pisos restantes seguir\u00e1n en construcci\u00f3n.<\/p>\n\n\n\n<p>En la actualidad, nuestra Facultad cuenta con dos accesos controlados PC-PUMA, en los cuales se adecuaron las mesas de consulta de la UDC colocando mamparas protectoras, para que nuestros alumnos cuenten con la sana distancia y puedan utilizar las laptops que se tienen asignadas para pr\u00e9stamos.<\/p>\n\n\n\n<p>Como parte de las mejoras a la infraestructura de las telecomunicaciones, se increment\u00f3 la velocidad de la red interna de 1GB a 10GB, la cual ser\u00e1 suficiente para cubrir la demanda de futuros requerimientos en la Facultad. En la actualidad, se cuenta con un ancho de banda para comunicarnos con el exterior de 1.6GB. La inversi\u00f3n para este incremento fue de tres millones de pesos.<\/p>\n\n\n\n<p>Se trabaja de manera continua en el mejoramiento de la infraestructura de la red de telecomunicaciones; para ello, se han instalado 97 puntos de acceso inal\u00e1mbricos distribuidos en las ocho cl\u00ednicas perif\u00e9ricas de nuestro campus. Con ello aseguramos que nuestros alumnos que se encuentran en dichas cl\u00ednicas cuenten con el servicio de Internet para su aprovechamiento escolar. De igual manera, se ha brindado mantenimiento preventivo y correctivo a los cuartos de telecomunicaciones y a los servidores de red que proporcionan diferentes servicios inform\u00e1ticos a la comunidad iztacalteca.<\/p>\n\n\n\n<p>El correo institucional (@iztacala.unam.mx) cuenta ya con m\u00e1s de 14 mil miembros de nuestra comunidad. En este los alumnos, profesores y administrativos de nuestra Facultad cuentan con la G-Suite de Gmail, la cual permite el manejo integral de documentos, hojas de c\u00e1lculo, presentaciones, videoconferencias, as\u00ed como la sincronizaci\u00f3n, compartici\u00f3n segura y colaboraci\u00f3n de m\u00faltiples usuarios.<\/p>\n\n\n\n<p>En lo referente a los sistemas institucionales, se hicieron mejo- ras en sistema EXLI (Ex\u00e1menes en l\u00ednea Iztacala), al SICEI (Sistema de Control Escolar de Idiomas) y se est\u00e1 desarrollando el Sistema de Expediente Electr\u00f3nico de la carrera de Optometr\u00eda.<\/p>\n\n\n\n<p>Gracias al apoyo de la DGTIC, se contin\u00faa con la migraci\u00f3n de los dominios web de la FES Iztacala a la infraestructura virtual de di- cha dependencia; con estos cambios se ha conseguido obtener mayor espacio y velocidad en los procesos de mayor demanda.<\/p>\n\n\n\n<p>Se videograbaron 14 sesiones de revisi\u00f3n de casos para el H. Consejo T\u00e9cnico, as\u00ed como la realizaci\u00f3n de 217 ex\u00e1menes profesionales y 417 enlaces de videoconferencia como apoyo a la comunidad acad\u00e9mica, administrativa y estudiantil, equivalentes a 1300 horas de transmisi\u00f3n.<\/p>\n\n\n\n<p>En el \u00e1rea de Desarrollo Web se brind\u00f3 el apoyo para la creaci\u00f3n de 704 p\u00e1ginas y se actualizaron 291; se publicaron 2190 documentos, se editaron y\/o publicaron 875 im\u00e1genes para su difusi\u00f3n en la p\u00e1gina principal de la Facultad y en apoyo a las carreras de M\u00e9dico Cirujano, Psicolog\u00eda, Cirujano Dentista y Optometr\u00eda. Cabe destacar que se est\u00e1n renovando los micrositios principales de la Facultad.<\/p>\n\n\n\n<p>En el \u00e1rea de c\u00f3mputo se efect\u00fao la renovaci\u00f3n de las licencias de vacunas computacionales por tres a\u00f1os m\u00e1s y se atendieron 1817 solicitudes de mantenimiento preventivo y\/o correctivo, instalaci\u00f3n de programas, cambio de hardware, eliminaci\u00f3n de virus, reparaci\u00f3n de nodos, cambio de cableado y configuraci\u00f3n de dispositivos (impresoras, esc\u00e1ner, fotocopiadoras), as\u00ed como reparaci\u00f3n en l\u00edneas telef\u00f3nicas.<\/p>\n\n\n\n<hr class=\"wp-block-separator\"\/>\n\n\n\n<h2 class=\"has-nv-c-1-color has-text-color has-large-font-size wp-block-heading\"><strong>Unidad de Documentaci\u00f3n Cient\u00edfica<\/strong><\/h2>\n\n\n\n<p>Con respecto a la Unidad de Documentaci\u00f3n Cient\u00edfica, les comento que es un \u00e1rea de apoyo fundamental para alumnos y personal acad\u00e9mico. Este a\u00f1o se adquirieron 1052 t\u00edtulos nuevos, 525 de ellos en espa\u00f1ol, 526 en ingl\u00e9s y uno en franc\u00e9s, con un total de 1847, 596 y un ejemplares, respectivamente; dentro de estos t\u00edtulos y ejemplares se encuentran 154 libros electr\u00f3nicos en espa\u00f1ol y 180 en ingl\u00e9s, con igual n\u00famero de licencias multiusuarios, adem\u00e1s de la suscripci\u00f3n a una base de datos (JoVe) de forma colaborativa con otras dependencias de la UNAM, habi\u00e9ndose ejercido un presupuesto total de $3 870 56335 pesos. Por otra parte, se renovaron 222 t\u00edtulos de revistas cient\u00edficas, 19 en formato impreso y 203 en formato electr\u00f3nico.<\/p>\n\n\n\n<p>Durante el a\u00f1o se impartieron 12 sesiones de pl\u00e1ticas de inducci\u00f3n al uso de la biblioteca digital y servicios; atendiendo a un total de 411 asistentes. Debido a la contingencia sanitaria, la asistencia de usuarios a la UDC fue casi nula, ya que permaneci\u00f3 cerrada en todos sus servicios de pr\u00e9stamo y consulta, atendiendo \u00fanicamente los tr\u00e1mites relacionados con multas por retraso en la devoluci\u00f3n de libros y cartas de no adeudo, de las cuales 1634 se tramitaron en las instalaciones de la biblioteca y 1214 v\u00eda correo electr\u00f3nico.<\/p>\n\n\n\n<figure class=\"wp-block-image alignfull size-full\"><img decoding=\"async\" loading=\"lazy\" width=\"900\" height=\"300\" src=\"https:\/\/informedeactividesfesi.iztacala.unam.mx\/wp-content\/uploads\/2022\/03\/22-42.png\" alt=\"\" class=\"wp-image-588\" srcset=\"https:\/\/informedeactividesfesi.iztacala.unam.mx\/wp-content\/uploads\/2022\/03\/22-42.png 900w, https:\/\/informedeactividesfesi.iztacala.unam.mx\/wp-content\/uploads\/2022\/03\/22-42-300x100.png 300w, https:\/\/informedeactividesfesi.iztacala.unam.mx\/wp-content\/uploads\/2022\/03\/22-42-768x256.png 768w\" sizes=\"(max-width: 900px) 100vw, 900px\" \/><\/figure>\n\n\n\n<div class=\"wp-block-cover alignfull\" style=\"min-height:100px\"><span aria-hidden=\"true\" class=\"has-nv-light-bg-background-color has-background-dim-100 wp-block-cover__gradient-background has-background-dim\"><\/span><div class=\"wp-block-cover__inner-container\">\n<p><\/p>\n\n\n\n<div class=\"wp-block-buttons alignwide is-content-justification-center is-layout-flex wp-container-1\">\n<div class=\"wp-block-button is-style-primary\"><a class=\"wp-block-button__link has-nv-site-bg-color has-nv-c-1-background-color has-text-color has-background\" href=\"https:\/\/informedeactividesfesi.iztacala.unam.mx\/index.php\/informe-2021\/\" style=\"border-radius:87px\">VOLVER AL MEN\u00da PRINCIPAL<\/a><\/div>\n<\/div>\n\n\n\n<p><\/p>\n<\/div><\/div>\n","protected":false},"excerpt":{"rendered":"<p>En la Secretar\u00eda Administrativa se trabaj\u00f3 de manera regular e ininterrumpida en todas sus \u00e1reas de adscripci\u00f3n, se dio atenci\u00f3n a usuarios en los tr\u00e1mites, tanto de presupuesto como de proyectos de investigaci\u00f3n, siendo la mayor parte de ellos a distancia. Se logr\u00f3 la mejora en la atenci\u00f3n a usuarios, a pesar de que la&hellip;&nbsp;<a href=\"https:\/\/informedeactividesfesi.iztacala.unam.mx\/index.php\/servicios-administrativos-22\/\" class=\"\" rel=\"bookmark\">Leer m\u00e1s &raquo;<span class=\"screen-reader-text\">Servicios Administrativos<\/span><\/a><\/p>\n","protected":false},"author":3,"featured_media":0,"parent":0,"menu_order":0,"comment_status":"closed","ping_status":"closed","template":"","meta":{"neve_meta_sidebar":"full-width","neve_meta_container":"","neve_meta_enable_content_width":"on","neve_meta_content_width":100,"neve_meta_title_alignment":"","neve_meta_author_avatar":"","neve_post_elements_order":"","neve_meta_disable_header":"","neve_meta_disable_footer":"","neve_meta_disable_title":"","spay_email":""},"_links":{"self":[{"href":"https:\/\/informedeactividesfesi.iztacala.unam.mx\/index.php\/wp-json\/wp\/v2\/pages\/491"}],"collection":[{"href":"https:\/\/informedeactividesfesi.iztacala.unam.mx\/index.php\/wp-json\/wp\/v2\/pages"}],"about":[{"href":"https:\/\/informedeactividesfesi.iztacala.unam.mx\/index.php\/wp-json\/wp\/v2\/types\/page"}],"author":[{"embeddable":true,"href":"https:\/\/informedeactividesfesi.iztacala.unam.mx\/index.php\/wp-json\/wp\/v2\/users\/3"}],"replies":[{"embeddable":true,"href":"https:\/\/informedeactividesfesi.iztacala.unam.mx\/index.php\/wp-json\/wp\/v2\/comments?post=491"}],"version-history":[{"count":2,"href":"https:\/\/informedeactividesfesi.iztacala.unam.mx\/index.php\/wp-json\/wp\/v2\/pages\/491\/revisions"}],"predecessor-version":[{"id":589,"href":"https:\/\/informedeactividesfesi.iztacala.unam.mx\/index.php\/wp-json\/wp\/v2\/pages\/491\/revisions\/589"}],"wp:attachment":[{"href":"https:\/\/informedeactividesfesi.iztacala.unam.mx\/index.php\/wp-json\/wp\/v2\/media?parent=491"}],"curies":[{"name":"wp","href":"https:\/\/api.w.org\/{rel}","templated":true}]}}