{"id":497,"date":"2022-02-21T20:28:20","date_gmt":"2022-02-21T20:28:20","guid":{"rendered":"https:\/\/informedeactividesfesi.iztacala.unam.mx\/?page_id=497"},"modified":"2022-03-10T04:52:04","modified_gmt":"2022-03-10T04:52:04","slug":"comisiones-22","status":"publish","type":"page","link":"https:\/\/informedeactividesfesi.iztacala.unam.mx\/index.php\/comisiones-22\/","title":{"rendered":"Comisiones"},"content":{"rendered":"\n<h2 class=\"has-nv-c-1-color has-text-color has-large-font-size wp-block-heading\"><strong>Comisi\u00f3n Local de Seguridad<\/strong><\/h2>\n\n\n\n<p>C on el objetivo de mantener a nuestra comunidad en el menor riesgo posible de infecci\u00f3n por SARS-CoV-2, se actualiz\u00f3 el protocolo de medidas de seguridad sanitaria en la FES Iztacala. Durante esta contingencia se han mantenido los filtros de seguridad sanitaria para el ingreso a nuestra Facultad.<\/p>\n\n\n\n<p>Para brindar mayor seguridad, se realizaron 11 reuniones ordinarias de la Comisi\u00f3n Local de Seguridad Iztacala, 12 pruebas del sistema de perifoneo de la alerta s\u00edsmica, cinco pruebas de funciona- miento de botones de emergencia silenciosos instalados en el cam- pus central y cl\u00ednicas perif\u00e9ricas, 20 recorridos de seguridad a fin de identificar condiciones de riesgo y reforzar medidas de seguridad en nuestro campus. Adem\u00e1s, tuvimos 24 reuniones virtuales con autoridades municipales y estatales en materia de seguridad p\u00fablica, procuraci\u00f3n de justicia y robo al transporte p\u00fablico. Con estas instancias se gestiona la cobertura con elementos de la polic\u00eda, para vigilar rutas sugeridas en horarios de acceso y de salida de la comunidad universitaria.<\/p>\n\n\n\n<p>Con la mayor actividad en nuestro plantel, lamentablemente tambi\u00e9n se han incrementado imprevistos, por lo que se atendieron 25 lesionados en el campus central. Por lo anterior, se mantiene un v\u00ednculo de comunicaci\u00f3n permanente con la Cruz Roja Mexicana, sede Tlalnepantla, para el apoyo de traslados de emergencia.<\/p>\n\n\n\n<p>Tambi\u00e9n se realizan de manera permanente acciones de control animal (retiro de panales de abeja, serpientes, canalizaci\u00f3n de perros y gatos abandonados).<\/p>\n\n\n\n<p>Para mejorar la seguridad de nuestra comunidad, se reforzaron acuerdos con autoridades de la Secretar\u00eda de Movilidad y l\u00edderes de transporte de las rutas 1 y 26 para mantener el programa de transporte seguro y operar los servicios directos a las estaciones del Metro El Rosario, La Raza y avenida Gustavo Baz, quedando listo para su activaci\u00f3n en el retorno a las actividades.<\/p>\n\n\n\n<hr class=\"wp-block-separator\"\/>\n\n\n\n<h2 class=\"has-nv-c-1-color has-text-color has-large-font-size wp-block-heading\"><strong>Comisi\u00f3n Interna para la Igualdad de G\u00e9nero<\/strong><\/h2>\n\n\n\n<p>Siguiendo el compromiso que la Universidad tiene para erradicar la violencia de g\u00e9nero, se instaur\u00f3 la Comisi\u00f3n Interna para la Igualdad de G\u00e9nero de esta Facultad, el 14 de mayo de 2021, compuesta por representantes de todas las esferas de la comunidad (Direcci\u00f3n, re- presentante de la Direcci\u00f3n, secretario y enlace COLOSEI, representante del H. Consejo T\u00e9cnico, de estudiantes, y profesores). Dentro de las actividades que ha realizado se encuentra la presentaci\u00f3n ante la Coordinaci\u00f3n para la Igualdad de G\u00e9nero UNAM, de las doctoras Alba Luz Robles Mendoza y Oliva L\u00f3pez S\u00e1nchez como personas orientadoras de la comunidad, y el ciclo de actividades en el marco del 25N D\u00eda internacional de la eliminaci\u00f3n de la violencia contra la mujer.<\/p>\n\n\n\n<p>El 13 de agosto de 2020, se public\u00f3 el Estatuto de la Defensor\u00eda de los Derechos Universitarios, Igualdad y Atenci\u00f3n de la Violencia de G\u00e9nero, en el que se determin\u00f3 que, a partir de la publicaci\u00f3n del mismo, la UNAD pasar\u00eda a formar parte de dicho organismo y este tendr\u00eda por objeto, entre otros, recibir y atender quejas del alumna- do, personal acad\u00e9mico y personal administrativo, por actos u omisiones que constituyan actos de violencia de g\u00e9nero, por lo que ahora es esta instancia el primer punto de contacto ante tales conductas.<\/p>\n\n\n\n<p>No obstante lo anterior, la Oficina Jur\u00eddica de la FES Iztacala est\u00e1 facultada para brindar asesor\u00eda y levantar Actas de Hechos por actos constitutivos de violencia de g\u00e9nero, las cuales deben ser remitidas a la misma Defensor\u00eda para su registro, antes de continuar con la atenci\u00f3n de estas.<\/p>\n\n\n\n<p>Durante la pandemia por covid-19 y a fin de no interrumpir sus actividades, la Defensor\u00eda brind\u00f3 atenci\u00f3n en l\u00ednea y de manera presencial a partir del cambio de sem\u00e1foro epidemiol\u00f3gico. Una vez que se levantaron las quejas ante este organismo, se remitieron a la Oficina Jur\u00eddica de la FES Iztacala, en donde se les dio puntual seguimiento.<\/p>\n\n\n\n<p>Asimismo, en el a\u00f1o 2020 se recibieron en la Facultad, por correo electr\u00f3nico, siete quejas de violencia de g\u00e9nero, y en el a\u00f1o 2021, ocho quejas, las cuales fueron atendidas otorg\u00e1ndose orientaci\u00f3n y asesor\u00eda y, posteriormente, cuando as\u00ed lo quisieron las denunciantes, se remitieron a la Defensor\u00eda a efecto de iniciar el procedimiento correspondiente ante esa Instancia.<\/p>\n\n\n\n<p>Por su parte, la Defensor\u00eda remiti\u00f3 a la Facultad, en 2021, un total de nueve expedientes de quejas por hechos posiblemente constituti- vos de violencia de g\u00e9nero, las cuales se han atendido de manera per- tinente, iniciando los procedimientos acad\u00e9micos, administrativos o disciplinarios correspondientes, en los que se ha aplicado la sanci\u00f3n que ha ameritado cada caso, y por lo que respecta a los alumnos, se han remitido al Tribunal Universitario con las sanciones previstas en el Estatuto General de la UNAM.<\/p>\n\n\n\n<p>En tal virtud, podemos afirmar que durante lo que ha durado la pandemia causada por el covid-19, la FES Iztacala en conjunto con la Defensor\u00eda de los Derechos Universitarios, Igualdad y Atenci\u00f3n de la Violencia de G\u00e9nero, han brindado atenci\u00f3n, orientaci\u00f3n y servicios en pro de erradicar la violencia de g\u00e9nero.<\/p>\n\n\n\n<figure class=\"wp-block-image alignfull size-full\"><img decoding=\"async\" loading=\"lazy\" width=\"600\" height=\"250\" src=\"https:\/\/informedeactividesfesi.iztacala.unam.mx\/wp-content\/uploads\/2022\/03\/22-48.png\" alt=\"\" class=\"wp-image-690\" srcset=\"https:\/\/informedeactividesfesi.iztacala.unam.mx\/wp-content\/uploads\/2022\/03\/22-48.png 600w, https:\/\/informedeactividesfesi.iztacala.unam.mx\/wp-content\/uploads\/2022\/03\/22-48-300x125.png 300w\" sizes=\"(max-width: 600px) 100vw, 600px\" \/><\/figure>\n\n\n\n<div class=\"wp-block-cover alignfull\" style=\"min-height:100px\"><span aria-hidden=\"true\" class=\"has-nv-light-bg-background-color has-background-dim-100 wp-block-cover__gradient-background has-background-dim\"><\/span><div class=\"wp-block-cover__inner-container\">\n<p><\/p>\n\n\n\n<div class=\"wp-block-buttons alignwide is-content-justification-center is-layout-flex wp-container-1\">\n<div class=\"wp-block-button is-style-primary\"><a class=\"wp-block-button__link has-nv-site-bg-color has-nv-c-1-background-color has-text-color has-background\" href=\"https:\/\/informedeactividesfesi.iztacala.unam.mx\/index.php\/informe-2021\/\" style=\"border-radius:87px\">VOLVER AL MEN\u00da PRINCIPAL<\/a><\/div>\n<\/div>\n\n\n\n<p><\/p>\n<\/div><\/div>\n","protected":false},"excerpt":{"rendered":"<p>Comisi\u00f3n Local de Seguridad C on el objetivo de mantener a nuestra comunidad en el menor riesgo posible de infecci\u00f3n por SARS-CoV-2, se actualiz\u00f3 el protocolo de medidas de seguridad sanitaria en la FES Iztacala. Durante esta contingencia se han mantenido los filtros de seguridad sanitaria para el ingreso a nuestra Facultad. Para brindar mayor&hellip;&nbsp;<a href=\"https:\/\/informedeactividesfesi.iztacala.unam.mx\/index.php\/comisiones-22\/\" class=\"\" rel=\"bookmark\">Leer m\u00e1s &raquo;<span class=\"screen-reader-text\">Comisiones<\/span><\/a><\/p>\n","protected":false},"author":3,"featured_media":0,"parent":0,"menu_order":0,"comment_status":"closed","ping_status":"closed","template":"","meta":{"neve_meta_sidebar":"full-width","neve_meta_container":"","neve_meta_enable_content_width":"on","neve_meta_content_width":100,"neve_meta_title_alignment":"","neve_meta_author_avatar":"","neve_post_elements_order":"","neve_meta_disable_header":"","neve_meta_disable_footer":"","neve_meta_disable_title":"","spay_email":""},"_links":{"self":[{"href":"https:\/\/informedeactividesfesi.iztacala.unam.mx\/index.php\/wp-json\/wp\/v2\/pages\/497"}],"collection":[{"href":"https:\/\/informedeactividesfesi.iztacala.unam.mx\/index.php\/wp-json\/wp\/v2\/pages"}],"about":[{"href":"https:\/\/informedeactividesfesi.iztacala.unam.mx\/index.php\/wp-json\/wp\/v2\/types\/page"}],"author":[{"embeddable":true,"href":"https:\/\/informedeactividesfesi.iztacala.unam.mx\/index.php\/wp-json\/wp\/v2\/users\/3"}],"replies":[{"embeddable":true,"href":"https:\/\/informedeactividesfesi.iztacala.unam.mx\/index.php\/wp-json\/wp\/v2\/comments?post=497"}],"version-history":[{"count":3,"href":"https:\/\/informedeactividesfesi.iztacala.unam.mx\/index.php\/wp-json\/wp\/v2\/pages\/497\/revisions"}],"predecessor-version":[{"id":691,"href":"https:\/\/informedeactividesfesi.iztacala.unam.mx\/index.php\/wp-json\/wp\/v2\/pages\/497\/revisions\/691"}],"wp:attachment":[{"href":"https:\/\/informedeactividesfesi.iztacala.unam.mx\/index.php\/wp-json\/wp\/v2\/media?parent=497"}],"curies":[{"name":"wp","href":"https:\/\/api.w.org\/{rel}","templated":true}]}}