{"id":499,"date":"2022-02-21T20:29:00","date_gmt":"2022-02-21T20:29:00","guid":{"rendered":"https:\/\/informedeactividesfesi.iztacala.unam.mx\/?page_id=499"},"modified":"2022-03-15T16:52:36","modified_gmt":"2022-03-15T16:52:36","slug":"conclusiones-22","status":"publish","type":"page","link":"https:\/\/informedeactividesfesi.iztacala.unam.mx\/index.php\/conclusiones-22\/","title":{"rendered":"Conclusiones"},"content":{"rendered":"\n<p id=\"block-c3df68fe-53d5-4504-9dc5-5da2e6f0a19b\"><br>A mi parecer, representa una muy injusta rese\u00f1a de los esfuerzos extraordinarios y la incansable labor de acad\u00e9micos, funcionarios y trabajadores administrativos y de confianza que formamos parte de esta Facultad, as\u00ed como de la paciencia, empat\u00eda, adaptaci\u00f3n y trabajo de nuestra comunidad estudiantil.<\/p>\n\n\n\n<p id=\"block-9fbd68de-0f65-472d-9dff-37b6ed3c01da\">Reconozco y agradezco los intentos por volver a las actividades presenciales, a pesar de las afectaciones que la pandemia contin\u00faa teniendo en estos d\u00edas; estoy consciente del cansancio acumulado, de la desesperaci\u00f3n y depresi\u00f3n que muchos sufren debido al encierro prolongado y recurrente.<\/p>\n\n\n\n<p id=\"block-84b2add1-b354-460b-895d-d700514836ad\">Estoy segura que la ciencia es, sin lugar a dudas, la \u00fanica res- puesta para sobreponernos a esta pandemia; gracias a todos por vacunarse, por cuidarse, cuidarnos y que ello permitiera comenzar es- te proceso de retorno, si no a la normalidad, a una presencialidad m\u00e1s extendida.<\/p>\n\n\n\n<p id=\"block-aa3d868d-711a-497f-b89a-c751650fdf64\">Como especie social, es innegable la emoci\u00f3n que sentimos al recibir a los alumnos nuevamente y c\u00f3mo, a pesar del temor, busquemos esa convivencia en los espacios que hace un par de a\u00f1os eran donde pas\u00e1bamos gran parte de nuestras vidas.<\/p>\n\n\n\n<p id=\"block-eb08cbb1-ae18-4676-a790-acfae281b22b\">Durante el 2022 me comprometo a revisar el Plan de Desarrollo Institucional y evaluar nuestras \u00e1reas de oportunidad; continuaremos con los programas de mejora en las condiciones laborales del personal acad\u00e9mico, as\u00ed como la contrataci\u00f3n de m\u00e1s profesores j\u00f3venes; mantendremos y ampliaremos los programas de apoyo psicol\u00f3gico y econ\u00f3mico para los estudiantes; no toleraremos la violencia de ning\u00fan tipo y proveeremos de seguridad a la comunidad en su campus, as\u00ed como el respeto irrestricto a los derechos humanos.<\/p>\n\n\n\n<p id=\"block-16349977-4abd-47e2-83f9-3b167255f203\">Procuraremos vivir en una comunidad saludable y sustentable, y aprenderemos a vivir en una nueva normalidad que estoy segura ser\u00e1 presencial, pero aprovechando lo aprendido en las ventajas de la virtualidad.<\/p>\n\n\n\n<p id=\"block-b36eb328-2844-4973-a0fa-fd3b0cb8fda2\">Los espacios est\u00e1n listos, los lineamientos y protocolos de seguridad implementados&#8230; nosotros estamos listos, y ser\u00e1 para m\u00ed un verdadero privilegio el seguir deconstruyendo la realidad que conocimos, para construir la nueva realidad de esta comunidad universitaria desde la Facultad de Estudios Superiores Iztacala.<\/p>\n\n\n\n<p id=\"block-630d8982-1c34-48ba-9847-fb992167be16\">Mi m\u00e1s profundo agradecimiento a todos.<\/p>\n\n\n\n<p id=\"block-22a7c6ed-77f8-47ab-9040-2786eb0505f7\"><strong>\u201cPor mi raza hablar\u00e1 el esp\u00edritu\u201d<\/strong><\/p>\n\n\n\n<div class=\"wp-block-cover alignfull\" style=\"min-height:100px\"><span aria-hidden=\"true\" class=\"has-nv-light-bg-background-color has-background-dim-100 wp-block-cover__gradient-background has-background-dim\"><\/span><div class=\"wp-block-cover__inner-container\">\n<p><\/p>\n\n\n\n<div class=\"wp-block-buttons alignwide is-content-justification-center is-layout-flex wp-container-1\">\n<div class=\"wp-block-button is-style-primary\"><a class=\"wp-block-button__link has-nv-site-bg-color has-nv-c-1-background-color has-text-color has-background\" href=\"https:\/\/informedeactividesfesi.iztacala.unam.mx\/index.php\/informe-2021\/\" style=\"border-radius:87px\">VOLVER AL MEN\u00da PRINCIPAL<\/a><\/div>\n<\/div>\n\n\n\n<p><\/p>\n<\/div><\/div>\n","protected":false},"excerpt":{"rendered":"<p>A mi parecer, representa una muy injusta rese\u00f1a de los esfuerzos extraordinarios y la incansable labor de acad\u00e9micos, funcionarios y trabajadores administrativos y de confianza que formamos parte de esta Facultad, as\u00ed como de la paciencia, empat\u00eda, adaptaci\u00f3n y trabajo de nuestra comunidad estudiantil. Reconozco y agradezco los intentos por volver a las actividades presenciales,&hellip;&nbsp;<a href=\"https:\/\/informedeactividesfesi.iztacala.unam.mx\/index.php\/conclusiones-22\/\" class=\"\" rel=\"bookmark\">Leer m\u00e1s &raquo;<span class=\"screen-reader-text\">Conclusiones<\/span><\/a><\/p>\n","protected":false},"author":3,"featured_media":0,"parent":0,"menu_order":0,"comment_status":"closed","ping_status":"closed","template":"","meta":{"neve_meta_sidebar":"full-width","neve_meta_container":"","neve_meta_enable_content_width":"on","neve_meta_content_width":100,"neve_meta_title_alignment":"","neve_meta_author_avatar":"","neve_post_elements_order":"","neve_meta_disable_header":"","neve_meta_disable_footer":"","neve_meta_disable_title":"","spay_email":""},"_links":{"self":[{"href":"https:\/\/informedeactividesfesi.iztacala.unam.mx\/index.php\/wp-json\/wp\/v2\/pages\/499"}],"collection":[{"href":"https:\/\/informedeactividesfesi.iztacala.unam.mx\/index.php\/wp-json\/wp\/v2\/pages"}],"about":[{"href":"https:\/\/informedeactividesfesi.iztacala.unam.mx\/index.php\/wp-json\/wp\/v2\/types\/page"}],"author":[{"embeddable":true,"href":"https:\/\/informedeactividesfesi.iztacala.unam.mx\/index.php\/wp-json\/wp\/v2\/users\/3"}],"replies":[{"embeddable":true,"href":"https:\/\/informedeactividesfesi.iztacala.unam.mx\/index.php\/wp-json\/wp\/v2\/comments?post=499"}],"version-history":[{"count":3,"href":"https:\/\/informedeactividesfesi.iztacala.unam.mx\/index.php\/wp-json\/wp\/v2\/pages\/499\/revisions"}],"predecessor-version":[{"id":712,"href":"https:\/\/informedeactividesfesi.iztacala.unam.mx\/index.php\/wp-json\/wp\/v2\/pages\/499\/revisions\/712"}],"wp:attachment":[{"href":"https:\/\/informedeactividesfesi.iztacala.unam.mx\/index.php\/wp-json\/wp\/v2\/media?parent=499"}],"curies":[{"name":"wp","href":"https:\/\/api.w.org\/{rel}","templated":true}]}}