{"id":501,"date":"2022-02-21T20:26:47","date_gmt":"2022-02-21T20:26:47","guid":{"rendered":"https:\/\/informedeactividesfesi.iztacala.unam.mx\/?page_id=501"},"modified":"2022-03-10T03:01:33","modified_gmt":"2022-03-10T03:01:33","slug":"actividades-editoriales-22","status":"publish","type":"page","link":"https:\/\/informedeactividesfesi.iztacala.unam.mx\/index.php\/actividades-editoriales-22\/","title":{"rendered":"Actividades Editoriales"},"content":{"rendered":"\n<p>Durante el a\u00f1o, la Coordinaci\u00f3n Editorial public\u00f3 36 nuevas ediciones, 28 en formato impreso y ocho digitales, en las que participaron 218 acad\u00e9micos e investigadores de la Facultad. Adem\u00e1s, se hicieron ocho reimpresiones de t\u00edtulos anteriores, con un total de 575 ejemplares impresos. Asimismo, se recibieron 19 propuestas de publicaci\u00f3n. El Comit\u00e9 Editorial emiti\u00f3 63 dict\u00e1menes.<\/p>\n\n\n\n<div class=\"wp-block-image\"><figure class=\"aligncenter size-full\"><img decoding=\"async\" loading=\"lazy\" width=\"600\" height=\"350\" src=\"https:\/\/informedeactividesfesi.iztacala.unam.mx\/wp-content\/uploads\/2022\/03\/22-43.png\" alt=\"\" class=\"wp-image-595\" srcset=\"https:\/\/informedeactividesfesi.iztacala.unam.mx\/wp-content\/uploads\/2022\/03\/22-43.png 600w, https:\/\/informedeactividesfesi.iztacala.unam.mx\/wp-content\/uploads\/2022\/03\/22-43-300x175.png 300w\" sizes=\"(max-width: 600px) 100vw, 600px\" \/><\/figure><\/div>\n\n\n\n<hr class=\"wp-block-separator\"\/>\n\n\n\n<div class=\"wp-block-jetpack-tiled-gallery is-style-rectangular\"><div class=\"tiled-gallery__gallery\"><div class=\"tiled-gallery__row\"><div class=\"tiled-gallery__col\" style=\"flex-basis:25.22096%\"><figure class=\"tiled-gallery__item\"><img decoding=\"async\" srcset=\"https:\/\/i1.wp.com\/informedeactividesfesi.iztacala.unam.mx\/wp-content\/uploads\/2022\/03\/22-44-1.png?strip=info&#038;w=210&#038;ssl=1 210w\" alt=\"\" data-height=\"298\" data-id=\"597\" data-link=\"https:\/\/informedeactividesfesi.iztacala.unam.mx\/index.php\/actividades-editoriales-22\/22-44-1\/\" data-url=\"https:\/\/informedeactividesfesi.iztacala.unam.mx\/wp-content\/uploads\/2022\/03\/22-44-1.png\" data-width=\"210\" src=\"https:\/\/i1.wp.com\/informedeactividesfesi.iztacala.unam.mx\/wp-content\/uploads\/2022\/03\/22-44-1.png?ssl=1\" data-amp-layout=\"responsive\"\/><\/figure><\/div><div class=\"tiled-gallery__col\" style=\"flex-basis:24.69640%\"><figure class=\"tiled-gallery__item\"><img decoding=\"async\" srcset=\"https:\/\/i2.wp.com\/informedeactividesfesi.iztacala.unam.mx\/wp-content\/uploads\/2022\/03\/22-44-2.png?strip=info&#038;w=207&#038;ssl=1 207w\" alt=\"\" data-height=\"300\" data-id=\"598\" data-link=\"https:\/\/informedeactividesfesi.iztacala.unam.mx\/index.php\/actividades-editoriales-22\/22-44-2\/\" data-url=\"https:\/\/informedeactividesfesi.iztacala.unam.mx\/wp-content\/uploads\/2022\/03\/22-44-2.png\" data-width=\"207\" src=\"https:\/\/i2.wp.com\/informedeactividesfesi.iztacala.unam.mx\/wp-content\/uploads\/2022\/03\/22-44-2.png?ssl=1\" data-amp-layout=\"responsive\"\/><\/figure><\/div><div class=\"tiled-gallery__col\" style=\"flex-basis:25.10120%\"><figure class=\"tiled-gallery__item\"><img decoding=\"async\" srcset=\"https:\/\/i2.wp.com\/informedeactividesfesi.iztacala.unam.mx\/wp-content\/uploads\/2022\/03\/22-44-3.png?strip=info&#038;w=209&#038;ssl=1 209w\" alt=\"\" data-height=\"298\" data-id=\"599\" data-link=\"https:\/\/informedeactividesfesi.iztacala.unam.mx\/index.php\/actividades-editoriales-22\/22-44-3\/\" data-url=\"https:\/\/informedeactividesfesi.iztacala.unam.mx\/wp-content\/uploads\/2022\/03\/22-44-3.png\" data-width=\"209\" src=\"https:\/\/i2.wp.com\/informedeactividesfesi.iztacala.unam.mx\/wp-content\/uploads\/2022\/03\/22-44-3.png?ssl=1\" data-amp-layout=\"responsive\"\/><\/figure><\/div><div class=\"tiled-gallery__col\" style=\"flex-basis:24.98144%\"><figure class=\"tiled-gallery__item\"><img decoding=\"async\" srcset=\"https:\/\/i1.wp.com\/informedeactividesfesi.iztacala.unam.mx\/wp-content\/uploads\/2022\/03\/22-44-4.png?strip=info&#038;w=208&#038;ssl=1 208w\" alt=\"\" data-height=\"298\" data-id=\"600\" data-link=\"https:\/\/informedeactividesfesi.iztacala.unam.mx\/index.php\/actividades-editoriales-22\/22-44-4\/\" data-url=\"https:\/\/informedeactividesfesi.iztacala.unam.mx\/wp-content\/uploads\/2022\/03\/22-44-4.png\" data-width=\"208\" src=\"https:\/\/i1.wp.com\/informedeactividesfesi.iztacala.unam.mx\/wp-content\/uploads\/2022\/03\/22-44-4.png?ssl=1\" data-amp-layout=\"responsive\"\/><\/figure><\/div><\/div><div class=\"tiled-gallery__row\"><div class=\"tiled-gallery__col\" style=\"flex-basis:33.52039%\"><figure class=\"tiled-gallery__item\"><img decoding=\"async\" srcset=\"https:\/\/i2.wp.com\/informedeactividesfesi.iztacala.unam.mx\/wp-content\/uploads\/2022\/03\/22-44-5.png?strip=info&#038;w=209&#038;ssl=1 209w\" alt=\"\" data-height=\"296\" data-id=\"601\" data-link=\"https:\/\/informedeactividesfesi.iztacala.unam.mx\/index.php\/actividades-editoriales-22\/22-44-5\/\" data-url=\"https:\/\/informedeactividesfesi.iztacala.unam.mx\/wp-content\/uploads\/2022\/03\/22-44-5.png\" data-width=\"209\" src=\"https:\/\/i2.wp.com\/informedeactividesfesi.iztacala.unam.mx\/wp-content\/uploads\/2022\/03\/22-44-5.png?ssl=1\" data-amp-layout=\"responsive\"\/><\/figure><\/div><div class=\"tiled-gallery__col\" style=\"flex-basis:33.50166%\"><figure class=\"tiled-gallery__item\"><img decoding=\"async\" srcset=\"https:\/\/i1.wp.com\/informedeactividesfesi.iztacala.unam.mx\/wp-content\/uploads\/2022\/03\/22-44-6.png?strip=info&#038;w=211&#038;ssl=1 211w\" alt=\"\" data-height=\"299\" data-id=\"602\" data-link=\"https:\/\/informedeactividesfesi.iztacala.unam.mx\/index.php\/actividades-editoriales-22\/22-44-6\/\" data-url=\"https:\/\/informedeactividesfesi.iztacala.unam.mx\/wp-content\/uploads\/2022\/03\/22-44-6.png\" data-width=\"211\" src=\"https:\/\/i1.wp.com\/informedeactividesfesi.iztacala.unam.mx\/wp-content\/uploads\/2022\/03\/22-44-6.png?ssl=1\" data-amp-layout=\"responsive\"\/><\/figure><\/div><div class=\"tiled-gallery__col\" style=\"flex-basis:32.97795%\"><figure class=\"tiled-gallery__item\"><img decoding=\"async\" srcset=\"https:\/\/i0.wp.com\/informedeactividesfesi.iztacala.unam.mx\/wp-content\/uploads\/2022\/03\/22-44-7.png?strip=info&#038;w=207&#038;ssl=1 207w\" alt=\"\" data-height=\"298\" data-id=\"603\" data-link=\"https:\/\/informedeactividesfesi.iztacala.unam.mx\/index.php\/actividades-editoriales-22\/22-44-7\/\" data-url=\"https:\/\/informedeactividesfesi.iztacala.unam.mx\/wp-content\/uploads\/2022\/03\/22-44-7.png\" data-width=\"207\" src=\"https:\/\/i0.wp.com\/informedeactividesfesi.iztacala.unam.mx\/wp-content\/uploads\/2022\/03\/22-44-7.png?ssl=1\" data-amp-layout=\"responsive\"\/><\/figure><\/div><\/div><div class=\"tiled-gallery__row\"><div class=\"tiled-gallery__col\" style=\"flex-basis:24.86940%\"><figure class=\"tiled-gallery__item\"><img decoding=\"async\" srcset=\"https:\/\/i1.wp.com\/informedeactividesfesi.iztacala.unam.mx\/wp-content\/uploads\/2022\/03\/22-44-8.png?strip=info&#038;w=209&#038;ssl=1 209w\" alt=\"\" data-height=\"300\" data-id=\"604\" data-link=\"https:\/\/informedeactividesfesi.iztacala.unam.mx\/index.php\/actividades-editoriales-22\/22-44-8\/\" data-url=\"https:\/\/informedeactividesfesi.iztacala.unam.mx\/wp-content\/uploads\/2022\/03\/22-44-8.png\" data-width=\"209\" src=\"https:\/\/i1.wp.com\/informedeactividesfesi.iztacala.unam.mx\/wp-content\/uploads\/2022\/03\/22-44-8.png?ssl=1\" data-amp-layout=\"responsive\"\/><\/figure><\/div><div class=\"tiled-gallery__col\" style=\"flex-basis:24.98806%\"><figure class=\"tiled-gallery__item\"><img decoding=\"async\" srcset=\"https:\/\/i1.wp.com\/informedeactividesfesi.iztacala.unam.mx\/wp-content\/uploads\/2022\/03\/22-44-9.png?strip=info&#038;w=210&#038;ssl=1 210w\" alt=\"\" data-height=\"300\" data-id=\"605\" data-link=\"https:\/\/informedeactividesfesi.iztacala.unam.mx\/index.php\/actividades-editoriales-22\/22-44-9\/\" data-url=\"https:\/\/informedeactividesfesi.iztacala.unam.mx\/wp-content\/uploads\/2022\/03\/22-44-9.png\" data-width=\"210\" src=\"https:\/\/i1.wp.com\/informedeactividesfesi.iztacala.unam.mx\/wp-content\/uploads\/2022\/03\/22-44-9.png?ssl=1\" data-amp-layout=\"responsive\"\/><\/figure><\/div><div class=\"tiled-gallery__col\" style=\"flex-basis:25.03583%\"><figure class=\"tiled-gallery__item\"><img decoding=\"async\" srcset=\"https:\/\/i0.wp.com\/informedeactividesfesi.iztacala.unam.mx\/wp-content\/uploads\/2022\/03\/22-44-10.png?strip=info&#038;w=209&#038;ssl=1 209w\" alt=\"\" data-height=\"298\" data-id=\"606\" data-link=\"https:\/\/informedeactividesfesi.iztacala.unam.mx\/index.php\/actividades-editoriales-22\/22-44-10\/\" data-url=\"https:\/\/informedeactividesfesi.iztacala.unam.mx\/wp-content\/uploads\/2022\/03\/22-44-10.png\" data-width=\"209\" src=\"https:\/\/i0.wp.com\/informedeactividesfesi.iztacala.unam.mx\/wp-content\/uploads\/2022\/03\/22-44-10.png?ssl=1\" data-amp-layout=\"responsive\"\/><\/figure><\/div><div class=\"tiled-gallery__col\" style=\"flex-basis:25.10671%\"><figure class=\"tiled-gallery__item\"><img decoding=\"async\" srcset=\"https:\/\/i0.wp.com\/informedeactividesfesi.iztacala.unam.mx\/wp-content\/uploads\/2022\/03\/22-44-11.png?strip=info&#038;w=211&#038;ssl=1 211w\" alt=\"\" data-height=\"300\" data-id=\"607\" data-link=\"https:\/\/informedeactividesfesi.iztacala.unam.mx\/index.php\/actividades-editoriales-22\/22-44-11\/\" data-url=\"https:\/\/informedeactividesfesi.iztacala.unam.mx\/wp-content\/uploads\/2022\/03\/22-44-11.png\" data-width=\"211\" src=\"https:\/\/i0.wp.com\/informedeactividesfesi.iztacala.unam.mx\/wp-content\/uploads\/2022\/03\/22-44-11.png?ssl=1\" data-amp-layout=\"responsive\"\/><\/figure><\/div><\/div><div class=\"tiled-gallery__row\"><div class=\"tiled-gallery__col\" style=\"flex-basis:50.27386%\"><figure class=\"tiled-gallery__item\"><img decoding=\"async\" srcset=\"https:\/\/i1.wp.com\/informedeactividesfesi.iztacala.unam.mx\/wp-content\/uploads\/2022\/03\/22-44-12.png?strip=info&#038;w=211&#038;ssl=1 211w\" alt=\"\" data-height=\"299\" data-id=\"608\" data-link=\"https:\/\/informedeactividesfesi.iztacala.unam.mx\/index.php\/actividades-editoriales-22\/22-44-12\/\" data-url=\"https:\/\/informedeactividesfesi.iztacala.unam.mx\/wp-content\/uploads\/2022\/03\/22-44-12.png\" data-width=\"211\" src=\"https:\/\/i1.wp.com\/informedeactividesfesi.iztacala.unam.mx\/wp-content\/uploads\/2022\/03\/22-44-12.png?ssl=1\" data-amp-layout=\"responsive\"\/><\/figure><\/div><div class=\"tiled-gallery__col\" style=\"flex-basis:49.72614%\"><figure class=\"tiled-gallery__item\"><img decoding=\"async\" srcset=\"https:\/\/i2.wp.com\/informedeactividesfesi.iztacala.unam.mx\/wp-content\/uploads\/2022\/03\/22-44-13.png?strip=info&#038;w=208&#038;ssl=1 208w\" alt=\"\" data-height=\"298\" data-id=\"609\" data-link=\"https:\/\/informedeactividesfesi.iztacala.unam.mx\/index.php\/actividades-editoriales-22\/22-44-13\/\" data-url=\"https:\/\/informedeactividesfesi.iztacala.unam.mx\/wp-content\/uploads\/2022\/03\/22-44-13.png\" data-width=\"208\" src=\"https:\/\/i2.wp.com\/informedeactividesfesi.iztacala.unam.mx\/wp-content\/uploads\/2022\/03\/22-44-13.png?ssl=1\" data-amp-layout=\"responsive\"\/><\/figure><\/div><\/div><div class=\"tiled-gallery__row\"><div class=\"tiled-gallery__col\" style=\"flex-basis:33.23248%\"><figure class=\"tiled-gallery__item\"><img decoding=\"async\" srcset=\"https:\/\/i2.wp.com\/informedeactividesfesi.iztacala.unam.mx\/wp-content\/uploads\/2022\/03\/22-44-14.png?strip=info&#038;w=208&#038;ssl=1 208w\" alt=\"\" data-height=\"298\" data-id=\"610\" data-link=\"https:\/\/informedeactividesfesi.iztacala.unam.mx\/index.php\/actividades-editoriales-22\/22-44-14\/\" data-url=\"https:\/\/informedeactividesfesi.iztacala.unam.mx\/wp-content\/uploads\/2022\/03\/22-44-14.png\" data-width=\"208\" src=\"https:\/\/i2.wp.com\/informedeactividesfesi.iztacala.unam.mx\/wp-content\/uploads\/2022\/03\/22-44-14.png?ssl=1\" data-amp-layout=\"responsive\"\/><\/figure><\/div><div class=\"tiled-gallery__col\" style=\"flex-basis:33.32814%\"><figure class=\"tiled-gallery__item\"><img decoding=\"async\" srcset=\"https:\/\/i2.wp.com\/informedeactividesfesi.iztacala.unam.mx\/wp-content\/uploads\/2022\/03\/22-44-15.png?strip=info&#038;w=210&#038;ssl=1 210w\" alt=\"\" data-height=\"300\" data-id=\"611\" data-link=\"https:\/\/informedeactividesfesi.iztacala.unam.mx\/index.php\/actividades-editoriales-22\/22-44-15\/\" data-url=\"https:\/\/informedeactividesfesi.iztacala.unam.mx\/wp-content\/uploads\/2022\/03\/22-44-15.png\" data-width=\"210\" src=\"https:\/\/i2.wp.com\/informedeactividesfesi.iztacala.unam.mx\/wp-content\/uploads\/2022\/03\/22-44-15.png?ssl=1\" data-amp-layout=\"responsive\"\/><\/figure><\/div><div class=\"tiled-gallery__col\" style=\"flex-basis:33.43937%\"><figure class=\"tiled-gallery__item\"><img decoding=\"async\" srcset=\"https:\/\/i0.wp.com\/informedeactividesfesi.iztacala.unam.mx\/wp-content\/uploads\/2022\/03\/22-44-16.png?strip=info&#038;w=210&#038;ssl=1 210w\" alt=\"\" data-height=\"299\" data-id=\"612\" data-link=\"https:\/\/informedeactividesfesi.iztacala.unam.mx\/index.php\/actividades-editoriales-22\/22-44-16\/\" data-url=\"https:\/\/informedeactividesfesi.iztacala.unam.mx\/wp-content\/uploads\/2022\/03\/22-44-16.png\" data-width=\"210\" src=\"https:\/\/i0.wp.com\/informedeactividesfesi.iztacala.unam.mx\/wp-content\/uploads\/2022\/03\/22-44-16.png?ssl=1\" data-amp-layout=\"responsive\"\/><\/figure><\/div><\/div><\/div><\/div>\n\n\n\n<div class=\"wp-block-cover alignfull\" style=\"min-height:100px\"><span aria-hidden=\"true\" class=\"has-nv-light-bg-background-color has-background-dim-100 wp-block-cover__gradient-background has-background-dim\"><\/span><div class=\"wp-block-cover__inner-container\">\n<p><\/p>\n\n\n\n<div class=\"wp-block-buttons alignwide is-content-justification-center is-layout-flex wp-container-1\">\n<div class=\"wp-block-button is-style-primary\"><a class=\"wp-block-button__link has-nv-site-bg-color has-nv-c-1-background-color has-text-color has-background\" href=\"https:\/\/informedeactividesfesi.iztacala.unam.mx\/index.php\/informe-2021\/\" style=\"border-radius:87px\">VOLVER AL MEN\u00da PRINCIPAL<\/a><\/div>\n<\/div>\n\n\n\n<p><\/p>\n<\/div><\/div>\n","protected":false},"excerpt":{"rendered":"<p>Durante el a\u00f1o, la Coordinaci\u00f3n Editorial public\u00f3 36 nuevas ediciones, 28 en formato impreso y ocho digitales, en las que participaron 218 acad\u00e9micos e investigadores de la Facultad. Adem\u00e1s, se hicieron ocho reimpresiones de t\u00edtulos anteriores, con un total de 575 ejemplares impresos. Asimismo, se recibieron 19 propuestas de publicaci\u00f3n. El Comit\u00e9 Editorial emiti\u00f3 63&hellip;&nbsp;<a href=\"https:\/\/informedeactividesfesi.iztacala.unam.mx\/index.php\/actividades-editoriales-22\/\" class=\"\" rel=\"bookmark\">Leer m\u00e1s &raquo;<span class=\"screen-reader-text\">Actividades Editoriales<\/span><\/a><\/p>\n","protected":false},"author":3,"featured_media":0,"parent":0,"menu_order":0,"comment_status":"closed","ping_status":"closed","template":"","meta":{"neve_meta_sidebar":"full-width","neve_meta_container":"","neve_meta_enable_content_width":"on","neve_meta_content_width":100,"neve_meta_title_alignment":"","neve_meta_author_avatar":"","neve_post_elements_order":"","neve_meta_disable_header":"","neve_meta_disable_footer":"","neve_meta_disable_title":"","spay_email":""},"_links":{"self":[{"href":"https:\/\/informedeactividesfesi.iztacala.unam.mx\/index.php\/wp-json\/wp\/v2\/pages\/501"}],"collection":[{"href":"https:\/\/informedeactividesfesi.iztacala.unam.mx\/index.php\/wp-json\/wp\/v2\/pages"}],"about":[{"href":"https:\/\/informedeactividesfesi.iztacala.unam.mx\/index.php\/wp-json\/wp\/v2\/types\/page"}],"author":[{"embeddable":true,"href":"https:\/\/informedeactividesfesi.iztacala.unam.mx\/index.php\/wp-json\/wp\/v2\/users\/3"}],"replies":[{"embeddable":true,"href":"https:\/\/informedeactividesfesi.iztacala.unam.mx\/index.php\/wp-json\/wp\/v2\/comments?post=501"}],"version-history":[{"count":2,"href":"https:\/\/informedeactividesfesi.iztacala.unam.mx\/index.php\/wp-json\/wp\/v2\/pages\/501\/revisions"}],"predecessor-version":[{"id":613,"href":"https:\/\/informedeactividesfesi.iztacala.unam.mx\/index.php\/wp-json\/wp\/v2\/pages\/501\/revisions\/613"}],"wp:attachment":[{"href":"https:\/\/informedeactividesfesi.iztacala.unam.mx\/index.php\/wp-json\/wp\/v2\/media?parent=501"}],"curies":[{"name":"wp","href":"https:\/\/api.w.org\/{rel}","templated":true}]}}