{"id":502,"date":"2022-02-21T20:27:10","date_gmt":"2022-02-21T20:27:10","guid":{"rendered":"https:\/\/informedeactividesfesi.iztacala.unam.mx\/?page_id=502"},"modified":"2022-03-10T03:03:46","modified_gmt":"2022-03-10T03:03:46","slug":"actividades-deportivas-22","status":"publish","type":"page","link":"https:\/\/informedeactividesfesi.iztacala.unam.mx\/index.php\/actividades-deportivas-22\/","title":{"rendered":"Actividades Deportivas"},"content":{"rendered":"\n<p>En nuestras actividades deportivas, sin duda se tuvo un a\u00f1o lleno de retos interesantes, ya que a pesar de haber retoma- do recientemente las actividades de manera presencial, la mayor parte de este a\u00f1o se trabaj\u00f3 a trav\u00e9s de plataformas virtuales.<\/p>\n\n\n\n<p>Durante este tiempo, se busc\u00f3 innovar y competir con espacios dedicados al deporte, para lo cual, se desarrollaron videos de activaci\u00f3n con los deportistas iztacaltecas que representan a nuestra instituci\u00f3n en las diferentes justas deportivas. Adem\u00e1s, se realizaron diferentes conversatorios a trav\u00e9s de Zoom, con temas como: La mujer deportista en Iztacala, E-sports y El deporte Iztacalteca.<\/p>\n\n\n\n<p>Tambi\u00e9n se llev\u00f3 a cabo la semana de <em>Ciencia y Deporte<\/em>, la cual cont\u00f3 con cuatro ponencias a trav\u00e9s de Zoom y FB LIVE, con te- mas como: Medicina del deporte, Fisioterapia en el deporte, Nutrici\u00f3n deportiva y Psicolog\u00eda deportiva.<\/p>\n\n\n\n<div class=\"wp-block-image\"><figure class=\"aligncenter size-full\"><img decoding=\"async\" loading=\"lazy\" width=\"600\" height=\"300\" src=\"https:\/\/informedeactividesfesi.iztacala.unam.mx\/wp-content\/uploads\/2022\/03\/22-45.png\" alt=\"\" class=\"wp-image-614\" srcset=\"https:\/\/informedeactividesfesi.iztacala.unam.mx\/wp-content\/uploads\/2022\/03\/22-45.png 600w, https:\/\/informedeactividesfesi.iztacala.unam.mx\/wp-content\/uploads\/2022\/03\/22-45-300x150.png 300w\" sizes=\"(max-width: 600px) 100vw, 600px\" \/><\/figure><\/div>\n\n\n\n<p>Cabe resaltar que, a mediados del mes de septiembre, se comenzaron a realizar sesiones deportivas grabadas directamente desde el gimnasio central de la Facultad, con los entrenadores y monitores de Servicio Social. Con el retorno escalonado a las actividades en nuestra Facultad, se iniciaron sesiones presenciales con deportistas registrados como parte de los equipos representativos, priorizando las actividades al aire libre, adem\u00e1s de respetar los protocolos sanitarios de la instituci\u00f3n, como la sana distancia, aforos peque\u00f1os y revisi\u00f3n m\u00e9dica constante.<\/p>\n\n\n\n<figure class=\"wp-block-image alignfull size-full\"><img decoding=\"async\" loading=\"lazy\" width=\"600\" height=\"250\" src=\"https:\/\/informedeactividesfesi.iztacala.unam.mx\/wp-content\/uploads\/2022\/03\/22-46.png\" alt=\"\" class=\"wp-image-616\" srcset=\"https:\/\/informedeactividesfesi.iztacala.unam.mx\/wp-content\/uploads\/2022\/03\/22-46.png 600w, https:\/\/informedeactividesfesi.iztacala.unam.mx\/wp-content\/uploads\/2022\/03\/22-46-300x125.png 300w\" sizes=\"(max-width: 600px) 100vw, 600px\" \/><\/figure>\n\n\n\n<div class=\"wp-block-cover alignfull\" style=\"min-height:100px\"><span aria-hidden=\"true\" class=\"has-nv-light-bg-background-color has-background-dim-100 wp-block-cover__gradient-background has-background-dim\"><\/span><div class=\"wp-block-cover__inner-container\">\n<p><\/p>\n\n\n\n<div class=\"wp-block-buttons alignwide is-content-justification-center is-layout-flex wp-container-1\">\n<div class=\"wp-block-button is-style-primary\"><a class=\"wp-block-button__link has-nv-site-bg-color has-nv-c-1-background-color has-text-color has-background\" href=\"https:\/\/informedeactividesfesi.iztacala.unam.mx\/index.php\/informe-2021\/\" style=\"border-radius:87px\">VOLVER AL MEN\u00da PRINCIPAL<\/a><\/div>\n<\/div>\n\n\n\n<p><\/p>\n<\/div><\/div>\n","protected":false},"excerpt":{"rendered":"<p>En nuestras actividades deportivas, sin duda se tuvo un a\u00f1o lleno de retos interesantes, ya que a pesar de haber retoma- do recientemente las actividades de manera presencial, la mayor parte de este a\u00f1o se trabaj\u00f3 a trav\u00e9s de plataformas virtuales. Durante este tiempo, se busc\u00f3 innovar y competir con espacios dedicados al deporte, para&hellip;&nbsp;<a href=\"https:\/\/informedeactividesfesi.iztacala.unam.mx\/index.php\/actividades-deportivas-22\/\" class=\"\" rel=\"bookmark\">Leer m\u00e1s &raquo;<span class=\"screen-reader-text\">Actividades Deportivas<\/span><\/a><\/p>\n","protected":false},"author":3,"featured_media":0,"parent":0,"menu_order":0,"comment_status":"closed","ping_status":"closed","template":"","meta":{"neve_meta_sidebar":"full-width","neve_meta_container":"","neve_meta_enable_content_width":"on","neve_meta_content_width":100,"neve_meta_title_alignment":"","neve_meta_author_avatar":"","neve_post_elements_order":"","neve_meta_disable_header":"","neve_meta_disable_footer":"","neve_meta_disable_title":"","spay_email":""},"_links":{"self":[{"href":"https:\/\/informedeactividesfesi.iztacala.unam.mx\/index.php\/wp-json\/wp\/v2\/pages\/502"}],"collection":[{"href":"https:\/\/informedeactividesfesi.iztacala.unam.mx\/index.php\/wp-json\/wp\/v2\/pages"}],"about":[{"href":"https:\/\/informedeactividesfesi.iztacala.unam.mx\/index.php\/wp-json\/wp\/v2\/types\/page"}],"author":[{"embeddable":true,"href":"https:\/\/informedeactividesfesi.iztacala.unam.mx\/index.php\/wp-json\/wp\/v2\/users\/3"}],"replies":[{"embeddable":true,"href":"https:\/\/informedeactividesfesi.iztacala.unam.mx\/index.php\/wp-json\/wp\/v2\/comments?post=502"}],"version-history":[{"count":2,"href":"https:\/\/informedeactividesfesi.iztacala.unam.mx\/index.php\/wp-json\/wp\/v2\/pages\/502\/revisions"}],"predecessor-version":[{"id":617,"href":"https:\/\/informedeactividesfesi.iztacala.unam.mx\/index.php\/wp-json\/wp\/v2\/pages\/502\/revisions\/617"}],"wp:attachment":[{"href":"https:\/\/informedeactividesfesi.iztacala.unam.mx\/index.php\/wp-json\/wp\/v2\/media?parent=502"}],"curies":[{"name":"wp","href":"https:\/\/api.w.org\/{rel}","templated":true}]}}