{"id":503,"date":"2022-02-21T20:27:33","date_gmt":"2022-02-21T20:27:33","guid":{"rendered":"https:\/\/informedeactividesfesi.iztacala.unam.mx\/?page_id=503"},"modified":"2022-03-10T03:44:41","modified_gmt":"2022-03-10T03:44:41","slug":"actividades-culturales-22","status":"publish","type":"page","link":"https:\/\/informedeactividesfesi.iztacala.unam.mx\/index.php\/actividades-culturales-22\/","title":{"rendered":"Actividades Culturales"},"content":{"rendered":"\n<div class=\"wp-block-columns is-layout-flex wp-container-3\">\n<div class=\"wp-block-column is-layout-flow\" style=\"flex-basis:33.33%\">\n<div class=\"wp-block-image\"><figure class=\"aligncenter size-full is-resized\"><img decoding=\"async\" loading=\"lazy\" src=\"https:\/\/informedeactividesfesi.iztacala.unam.mx\/wp-content\/uploads\/2022\/03\/22-89.png\" alt=\"\" class=\"wp-image-622\" width=\"262\" height=\"261\" srcset=\"https:\/\/informedeactividesfesi.iztacala.unam.mx\/wp-content\/uploads\/2022\/03\/22-89.png 351w, https:\/\/informedeactividesfesi.iztacala.unam.mx\/wp-content\/uploads\/2022\/03\/22-89-300x298.png 300w, https:\/\/informedeactividesfesi.iztacala.unam.mx\/wp-content\/uploads\/2022\/03\/22-89-150x150.png 150w\" sizes=\"(max-width: 262px) 100vw, 262px\" \/><\/figure><\/div>\n<\/div>\n\n\n\n<div class=\"wp-block-column is-layout-flow\" style=\"flex-basis:66.66%\">\n<p>Durante 2021, la promoci\u00f3n y realizaci\u00f3n de eventos cultura- les no se detuvo, se realizaron 62 talleres art\u00edsticos y culturales para la comunidad universitaria y no universitaria. Se realizaron m\u00e1s de 400 actividades art\u00edstico-culturales, destacando el reconocimiento de la tuna femenil de la FES Iztacala, por lo que nuestra Facultad cuenta ahora con una tuna varonil con 26 integrantes y una femenil conformada por 12.<\/p>\n<\/div>\n<\/div>\n\n\n\n<p>En cuanto a divulgaci\u00f3n cient\u00edfica, se consolid\u00f3 el programa Nuestros Em\u00e9ritos en Iztacala, con la participaci\u00f3n del Dr. Sergio Garc\u00eda Ram\u00edrez y las doctoras Susana Lizano Soberon y Herminia Pasantes Ord\u00f3\u00f1ez, quienes compartieron su conocimiento con nuestra comunidad. Tambi\u00e9n en este a\u00f1o se establecieron los seminarios institucionales en coordinaci\u00f3n con la Divisi\u00f3n de Investigaci\u00f3n y Posgrado, los cuales se llevan a cabo el \u00faltimo viernes de cada mes y que son dictados por diferentes personalidades de nuestra Universidad.<\/p>\n\n\n\n<p>Por sexto a\u00f1o consecutivo, nuestra Facultad fue sede de la Fiesta de las Ciencias y de las Humanidades, organizada por la Direcci\u00f3n General de Divulgaci\u00f3n de la Ciencia (DGDC), mejor conocida como Universum.<\/p>\n\n\n\n<div class=\"wp-block-image\"><figure class=\"aligncenter size-large is-resized\"><img decoding=\"async\" loading=\"lazy\" src=\"https:\/\/informedeactividesfesi.iztacala.unam.mx\/wp-content\/uploads\/2022\/03\/22-92-1024x472.png\" alt=\"\" class=\"wp-image-623\" width=\"670\" height=\"309\" srcset=\"https:\/\/informedeactividesfesi.iztacala.unam.mx\/wp-content\/uploads\/2022\/03\/22-92-1024x472.png 1024w, https:\/\/informedeactividesfesi.iztacala.unam.mx\/wp-content\/uploads\/2022\/03\/22-92-300x138.png 300w, https:\/\/informedeactividesfesi.iztacala.unam.mx\/wp-content\/uploads\/2022\/03\/22-92-768x354.png 768w, https:\/\/informedeactividesfesi.iztacala.unam.mx\/wp-content\/uploads\/2022\/03\/22-92.png 1531w\" sizes=\"(max-width: 670px) 100vw, 670px\" \/><\/figure><\/div>\n\n\n\n<p>Respecto a los v\u00ednculos internacionales para el intercambio art\u00edstico y cultural, estos se realizaron con universidades de Chile, Puerto Rico, Colombia, Per\u00fa y Bolivia.<\/p>\n\n\n\n<p>Con apoyo de las plataformas digitales, las actividades culturales y de divulgaci\u00f3n cient\u00edfica alcanzaron a lo largo del a\u00f1o a 185933 personas.<\/p>\n\n\n\n<div class=\"wp-block-cover alignfull\" style=\"min-height:100px\"><span aria-hidden=\"true\" class=\"has-nv-light-bg-background-color has-background-dim-100 wp-block-cover__gradient-background has-background-dim\"><\/span><div class=\"wp-block-cover__inner-container\">\n<p><\/p>\n\n\n\n<div class=\"wp-block-buttons alignwide is-content-justification-center is-layout-flex wp-container-4\">\n<div class=\"wp-block-button is-style-primary\"><a class=\"wp-block-button__link has-nv-site-bg-color has-nv-c-1-background-color has-text-color has-background\" href=\"https:\/\/informedeactividesfesi.iztacala.unam.mx\/index.php\/informe-2021\/\" style=\"border-radius:87px\">VOLVER AL MEN\u00da PRINCIPAL<\/a><\/div>\n<\/div>\n\n\n\n<p><\/p>\n<\/div><\/div>\n","protected":false},"excerpt":{"rendered":"<p>Durante 2021, la promoci\u00f3n y realizaci\u00f3n de eventos cultura- les no se detuvo, se realizaron 62 talleres art\u00edsticos y culturales para la comunidad universitaria y no universitaria. Se realizaron m\u00e1s de 400 actividades art\u00edstico-culturales, destacando el reconocimiento de la tuna femenil de la FES Iztacala, por lo que nuestra Facultad cuenta ahora con una tuna&hellip;&nbsp;<a href=\"https:\/\/informedeactividesfesi.iztacala.unam.mx\/index.php\/actividades-culturales-22\/\" class=\"\" rel=\"bookmark\">Leer m\u00e1s &raquo;<span class=\"screen-reader-text\">Actividades Culturales<\/span><\/a><\/p>\n","protected":false},"author":3,"featured_media":0,"parent":0,"menu_order":0,"comment_status":"closed","ping_status":"closed","template":"","meta":{"neve_meta_sidebar":"full-width","neve_meta_container":"","neve_meta_enable_content_width":"on","neve_meta_content_width":100,"neve_meta_title_alignment":"","neve_meta_author_avatar":"","neve_post_elements_order":"","neve_meta_disable_header":"","neve_meta_disable_footer":"","neve_meta_disable_title":"","spay_email":""},"_links":{"self":[{"href":"https:\/\/informedeactividesfesi.iztacala.unam.mx\/index.php\/wp-json\/wp\/v2\/pages\/503"}],"collection":[{"href":"https:\/\/informedeactividesfesi.iztacala.unam.mx\/index.php\/wp-json\/wp\/v2\/pages"}],"about":[{"href":"https:\/\/informedeactividesfesi.iztacala.unam.mx\/index.php\/wp-json\/wp\/v2\/types\/page"}],"author":[{"embeddable":true,"href":"https:\/\/informedeactividesfesi.iztacala.unam.mx\/index.php\/wp-json\/wp\/v2\/users\/3"}],"replies":[{"embeddable":true,"href":"https:\/\/informedeactividesfesi.iztacala.unam.mx\/index.php\/wp-json\/wp\/v2\/comments?post=503"}],"version-history":[{"count":3,"href":"https:\/\/informedeactividesfesi.iztacala.unam.mx\/index.php\/wp-json\/wp\/v2\/pages\/503\/revisions"}],"predecessor-version":[{"id":625,"href":"https:\/\/informedeactividesfesi.iztacala.unam.mx\/index.php\/wp-json\/wp\/v2\/pages\/503\/revisions\/625"}],"wp:attachment":[{"href":"https:\/\/informedeactividesfesi.iztacala.unam.mx\/index.php\/wp-json\/wp\/v2\/media?parent=503"}],"curies":[{"name":"wp","href":"https:\/\/api.w.org\/{rel}","templated":true}]}}