{"id":504,"date":"2022-02-21T20:28:03","date_gmt":"2022-02-21T20:28:03","guid":{"rendered":"https:\/\/informedeactividesfesi.iztacala.unam.mx\/?page_id=504"},"modified":"2022-03-10T04:04:23","modified_gmt":"2022-03-10T04:04:23","slug":"comunicacion-social-22","status":"publish","type":"page","link":"https:\/\/informedeactividesfesi.iztacala.unam.mx\/index.php\/comunicacion-social-22\/","title":{"rendered":"Identidad y Comunicaci\u00f3n Social"},"content":{"rendered":"\n<p>Con el objetivo de atender las necesidades crecientes de mantener constante comunicaci\u00f3n con la comunidad universitaria en Iztacala, se ha fortalecido la Unidad de Comunicaci\u00f3n Social, intensificando sus actividades ante las constantes solicitudes de planeaci\u00f3n, producci\u00f3n y ejecuci\u00f3n de eventos h\u00edbridos y virtuales, as\u00ed como su manejo en las redes sociales, adem\u00e1s de la cobertura period\u00edstica, el dise\u00f1o y difusi\u00f3n de los mismos.<\/p>\n\n\n\n<p>En el a\u00f1o 2021, la <em>Gaceta Electr\u00f3nica Iztacala <\/em>public\u00f3 114 notas; el n\u00famero de ingresos a nuestra p\u00e1gina de Internet fue de m\u00e1s de 119 mil consultas.<\/p>\n\n\n\n<p>La permanente emergencia sanitaria nos llev\u00f3 a planear y transmitir 35 eventos virtuales e h\u00edbridos, a trav\u00e9s de 195 transmisiones en vivo, que han tenido cerca de dos millones de minutos reproducidos, esto representa un incremento del 44% en comparaci\u00f3n al a\u00f1o anterior. Sobre la misma l\u00ednea, se contabilizaron 729900 reproducciones y, en promedio, cada transmisi\u00f3n fue visualizada 3743 veces.<\/p>\n\n\n\n<figure class=\"wp-block-image alignfull size-full\"><img decoding=\"async\" loading=\"lazy\" width=\"800\" height=\"300\" src=\"https:\/\/informedeactividesfesi.iztacala.unam.mx\/wp-content\/uploads\/2022\/03\/22-92a.png\" alt=\"\" class=\"wp-image-631\" srcset=\"https:\/\/informedeactividesfesi.iztacala.unam.mx\/wp-content\/uploads\/2022\/03\/22-92a.png 800w, https:\/\/informedeactividesfesi.iztacala.unam.mx\/wp-content\/uploads\/2022\/03\/22-92a-300x113.png 300w, https:\/\/informedeactividesfesi.iztacala.unam.mx\/wp-content\/uploads\/2022\/03\/22-92a-768x288.png 768w\" sizes=\"(max-width: 800px) 100vw, 800px\" \/><\/figure>\n\n\n\n<p>Para ejecutar esta labor, se generaron 326 productos de dise\u00f1o, 173 animaciones y productos audiovisuales que vistieron a cada uno de los eventos virtuales e h\u00edbridos en este a\u00f1o.<\/p>\n\n\n\n<p>No cabe duda de que, en los tiempos actuales, el uso de las redes sociales ha sido primordial para mantenernos informa- dos de lo que pasa en nuestra Facultad y para sentirnos cerca; as\u00ed, m\u00e1s de 113 mil personas siguen alguno de nuestros canales de redes sociales: 76320 en Facebook, 19294 en Instagram, 11973 en Twitter y 5650 en YouTube.<\/p>\n\n\n\n<p>Facebook es nuestra red con m\u00e1s visitas, a trav\u00e9s de la que ha sucedido la mayor parte de nuestra actividad virtual y con la que hemos tenido contacto con m\u00e1s de 2.8 millones de personas este a\u00f1o; interactuamos directamente con 104465 de ellas, lo que representa un incremento del 52% en relaci\u00f3n con el a\u00f1o anterior, en gran medida, gracias al aumento del n\u00famero de seguidores: 15 100 en este a\u00f1o, para ser exactos.<\/p>\n\n\n\n<p>Tambi\u00e9n, a trav\u00e9s de estos canales, se dise\u00f1aron y publicaron 46 comunicados oficiales de la Direcci\u00f3n y 20 avisos oficiales. La interacci\u00f3n que se logra a trav\u00e9s de las redes sociales es muy importante y hemos redoblado los esfuerzos para hacer m\u00e1s eficaz nuestra comunicaci\u00f3n.<\/p>\n\n\n\n<div class=\"wp-block-columns is-layout-flex wp-container-3\">\n<div class=\"wp-block-column is-layout-flow\" style=\"flex-basis:33.33%\">\n<div class=\"wp-block-image\"><figure class=\"aligncenter size-large is-resized\"><img decoding=\"async\" loading=\"lazy\" src=\"https:\/\/informedeactividesfesi.iztacala.unam.mx\/wp-content\/uploads\/2022\/03\/22-91-edited.jpeg\" alt=\"\" class=\"wp-image-628\" width=\"337\" height=\"337\" srcset=\"https:\/\/informedeactividesfesi.iztacala.unam.mx\/wp-content\/uploads\/2022\/03\/22-91-edited.jpeg 2062w, https:\/\/informedeactividesfesi.iztacala.unam.mx\/wp-content\/uploads\/2022\/03\/22-91-edited-300x300.jpeg 300w, https:\/\/informedeactividesfesi.iztacala.unam.mx\/wp-content\/uploads\/2022\/03\/22-91-edited-1024x1024.jpeg 1024w, https:\/\/informedeactividesfesi.iztacala.unam.mx\/wp-content\/uploads\/2022\/03\/22-91-edited-150x150.jpeg 150w, https:\/\/informedeactividesfesi.iztacala.unam.mx\/wp-content\/uploads\/2022\/03\/22-91-edited-768x768.jpeg 768w, https:\/\/informedeactividesfesi.iztacala.unam.mx\/wp-content\/uploads\/2022\/03\/22-91-edited-1536x1536.jpeg 1536w, https:\/\/informedeactividesfesi.iztacala.unam.mx\/wp-content\/uploads\/2022\/03\/22-91-edited-2048x2048.jpeg 2048w\" sizes=\"(max-width: 337px) 100vw, 337px\" \/><\/figure><\/div>\n<\/div>\n\n\n\n<div class=\"wp-block-column is-layout-flow\" style=\"flex-basis:66.66%\">\n<p>La edici\u00f3n 39 del Coloquio de Investigaci\u00f3n de la FESI, la Jornada Multidisciplinaria de Salud 2021, la Semana de tradiciones en Psicolog\u00eda, el Simposio Avances en Investigaci\u00f3n en covid-19, la Ceremonia de entrega al M\u00e9rito Acad\u00e9mico, la Primera Jornada de Salud Mental, Nuestros Em\u00e9ritos en Iztacala, los Seminarios Institucionales, la presentaci\u00f3n de la FESI en <em>Al Encuentro del Ma\u00f1ana <\/em>y el FES Iztacalaveras son ejemplos de la virtualizaci\u00f3n de nuestros eventos m\u00e1s importantes y emblem\u00e1ticos que llevamos a cabo en este a\u00f1o.<\/p>\n\n\n\n<p>El Departamento de Dise\u00f1o de la Facultad, como cada a\u00f1o, acompa\u00f1\u00f3 a diferentes \u00e1reas de la FESI en sus labores, a trav\u00e9s del dise\u00f1o de m\u00e1s de 20 im\u00e1genes institucionales \u2013signo de que nuestra Facultad no deja de innovar\u2013, entre otras, la de la Comisi\u00f3n Interna para la Igualdad de G\u00e9nero (CINIG), la Brigada Universitaria de Atenci\u00f3n en Crisis, los seminarios institucionales y nuestros em\u00e9ritos en Iztacala.<\/p>\n<\/div>\n<\/div>\n\n\n\n<p>Dada la importancia sanitaria, se produjeron materiales para los cuidados, prevenci\u00f3n y normativas frente a la covid-19, tanto en el campus central como en las cl\u00ednicas perif\u00e9ricas. Por mencionar solo algunos: el <em>Manual de medidas de seguridad sanitarias <\/em>en la FES Iztacala, para la COLOSEI; la se\u00f1al\u00e9tica para un correcto lavado de manos, la sana distancia y el uso de cubrebocas. Tambi\u00e9n colabor\u00f3 con el responsable sanitario de la FESI en el filtrado y seguimiento de los casos positivos de la enfermedad, as\u00ed como en el registro de la comunidad que recib\u00eda la vacuna.<\/p>\n\n\n\n<p>Se puso en marcha el proyecto ID Iztacala, que desarrolla iniciativas de vinculaci\u00f3n entre ciencia y dise\u00f1o. Entre sus prime- ros pasos, est\u00e1 dar a conocer las unidades de investigaci\u00f3n de la FESI, para posteriormente, generar flujos de trabajo constante que desarrollen objetos de aprendizaje que transmitan y hagan comprensible el conocimiento cient\u00edfico.<\/p>\n\n\n\n<p>Adem\u00e1s, se realizaron 14 producciones, y nueve actividades videograbadas. Con un tiempo total de grabaci\u00f3n de 157 minutos.<\/p>\n\n\n\n<div class=\"wp-block-cover alignfull\" style=\"min-height:100px\"><span aria-hidden=\"true\" class=\"has-nv-light-bg-background-color has-background-dim-100 wp-block-cover__gradient-background has-background-dim\"><\/span><div class=\"wp-block-cover__inner-container\">\n<p><\/p>\n\n\n\n<div class=\"wp-block-buttons alignwide is-content-justification-center is-layout-flex wp-container-4\">\n<div class=\"wp-block-button is-style-primary\"><a class=\"wp-block-button__link has-nv-site-bg-color has-nv-c-1-background-color has-text-color has-background\" href=\"https:\/\/informedeactividesfesi.iztacala.unam.mx\/index.php\/informe-2021\/\" style=\"border-radius:87px\">VOLVER AL MEN\u00da PRINCIPAL<\/a><\/div>\n<\/div>\n\n\n\n<p><\/p>\n<\/div><\/div>\n","protected":false},"excerpt":{"rendered":"<p>Con el objetivo de atender las necesidades crecientes de mantener constante comunicaci\u00f3n con la comunidad universitaria en Iztacala, se ha fortalecido la Unidad de Comunicaci\u00f3n Social, intensificando sus actividades ante las constantes solicitudes de planeaci\u00f3n, producci\u00f3n y ejecuci\u00f3n de eventos h\u00edbridos y virtuales, as\u00ed como su manejo en las redes sociales, adem\u00e1s de la cobertura&hellip;&nbsp;<a href=\"https:\/\/informedeactividesfesi.iztacala.unam.mx\/index.php\/comunicacion-social-22\/\" class=\"\" rel=\"bookmark\">Leer m\u00e1s &raquo;<span class=\"screen-reader-text\">Identidad y Comunicaci\u00f3n Social<\/span><\/a><\/p>\n","protected":false},"author":3,"featured_media":0,"parent":0,"menu_order":0,"comment_status":"closed","ping_status":"closed","template":"","meta":{"neve_meta_sidebar":"full-width","neve_meta_container":"","neve_meta_enable_content_width":"on","neve_meta_content_width":100,"neve_meta_title_alignment":"","neve_meta_author_avatar":"","neve_post_elements_order":"","neve_meta_disable_header":"","neve_meta_disable_footer":"","neve_meta_disable_title":"","spay_email":""},"_links":{"self":[{"href":"https:\/\/informedeactividesfesi.iztacala.unam.mx\/index.php\/wp-json\/wp\/v2\/pages\/504"}],"collection":[{"href":"https:\/\/informedeactividesfesi.iztacala.unam.mx\/index.php\/wp-json\/wp\/v2\/pages"}],"about":[{"href":"https:\/\/informedeactividesfesi.iztacala.unam.mx\/index.php\/wp-json\/wp\/v2\/types\/page"}],"author":[{"embeddable":true,"href":"https:\/\/informedeactividesfesi.iztacala.unam.mx\/index.php\/wp-json\/wp\/v2\/users\/3"}],"replies":[{"embeddable":true,"href":"https:\/\/informedeactividesfesi.iztacala.unam.mx\/index.php\/wp-json\/wp\/v2\/comments?post=504"}],"version-history":[{"count":3,"href":"https:\/\/informedeactividesfesi.iztacala.unam.mx\/index.php\/wp-json\/wp\/v2\/pages\/504\/revisions"}],"predecessor-version":[{"id":632,"href":"https:\/\/informedeactividesfesi.iztacala.unam.mx\/index.php\/wp-json\/wp\/v2\/pages\/504\/revisions\/632"}],"wp:attachment":[{"href":"https:\/\/informedeactividesfesi.iztacala.unam.mx\/index.php\/wp-json\/wp\/v2\/media?parent=504"}],"curies":[{"name":"wp","href":"https:\/\/api.w.org\/{rel}","templated":true}]}}