{"id":730,"date":"2023-03-02T18:08:23","date_gmt":"2023-03-02T18:08:23","guid":{"rendered":"https:\/\/informedeactividesfesi.iztacala.unam.mx\/?page_id=730"},"modified":"2023-03-21T19:16:36","modified_gmt":"2023-03-21T19:16:36","slug":"introduccion-3","status":"publish","type":"page","link":"https:\/\/informedeactividesfesi.iztacala.unam.mx\/index.php\/introduccion-3\/","title":{"rendered":"Introducci\u00f3n"},"content":{"rendered":"<div class=\"wp-block-image\">\n<figure class=\"wp-duotone-unset-1 alignleft size-large is-resized\"><img decoding=\"async\" loading=\"lazy\" src=\"https:\/\/informedeactividesfesi.iztacala.unam.mx\/wp-content\/uploads\/2023\/02\/6-1-1024x683.png\" alt=\"\" class=\"wp-image-848\" width=\"518\" height=\"346\" srcset=\"https:\/\/informedeactividesfesi.iztacala.unam.mx\/wp-content\/uploads\/2023\/02\/6-1-1024x683.png 1024w, https:\/\/informedeactividesfesi.iztacala.unam.mx\/wp-content\/uploads\/2023\/02\/6-1-300x200.png 300w, https:\/\/informedeactividesfesi.iztacala.unam.mx\/wp-content\/uploads\/2023\/02\/6-1-768x512.png 768w, https:\/\/informedeactividesfesi.iztacala.unam.mx\/wp-content\/uploads\/2023\/02\/6-1-1536x1024.png 1536w, https:\/\/informedeactividesfesi.iztacala.unam.mx\/wp-content\/uploads\/2023\/02\/6-1-2048x1365.png 2048w, https:\/\/informedeactividesfesi.iztacala.unam.mx\/wp-content\/uploads\/2023\/02\/6-1-930x620.png 930w\" sizes=\"(max-width: 518px) 100vw, 518px\" \/><figcaption class=\"wp-element-caption\">La Cerca Ca\u00edda de la FES Iztacala.<\/figcaption><\/figure><\/div>\n\n\n<p class=\"has-nv-dark-bg-color has-text-color\">Se presenta este informe en apego al Plan de Desarrollo Institucional de la FES Iztacala que comprende el periodo del a\u00f1o 2020 a 2024 y registra todas las actividades realizadas por la comunidad de la Facultad de Estudios Superiores Iztacala, conforme lo establecido en el Art\u00edculo 9 del Reglamento de Planeaci\u00f3n de la Universidad Nacional Aut\u00f3noma de M\u00e9xico y las directrices establecidas por el Plan de Desarrollo de la Universidad encabezado por el Sr. Rector, el Dr. Enrique Graue Wiechers.<\/p>\n\n\n\n<p class=\"has-nv-dark-bg-color has-text-color\">Este documento hace un recuento muy escueto e injusto de los esfuerzos por parte de la comunidad en nuestra Facultad, que construy\u00f3 un momento hist\u00f3rico, al regresar de manera paulatina al campus central y las cl\u00ednicas, enfrentando las consecuencias f\u00edsicas y, sobre todo, psicol\u00f3gicas que dej\u00f3&nbsp; la pandemia en los \u00faltimos a\u00f1os. Nos reencontramos con nuestros compa\u00f1eros de clase, colegas acad\u00e9micos y administrativos, as\u00ed como con la vida universitaria que era parecida a lo que recordamos, pero muy distinta en nuestras nuevas din\u00e1micas.<\/p>\n\n\n\n<figure class=\"wp-block-image alignfull size-large\"><img decoding=\"async\" loading=\"lazy\" width=\"1024\" height=\"519\" src=\"https:\/\/informedeactividesfesi.iztacala.unam.mx\/wp-content\/uploads\/2023\/02\/IMG_0568-2-1024x519.jpg\" alt=\"\" class=\"wp-image-1194\" srcset=\"https:\/\/informedeactividesfesi.iztacala.unam.mx\/wp-content\/uploads\/2023\/02\/IMG_0568-2-1024x519.jpg 1024w, https:\/\/informedeactividesfesi.iztacala.unam.mx\/wp-content\/uploads\/2023\/02\/IMG_0568-2-300x152.jpg 300w, https:\/\/informedeactividesfesi.iztacala.unam.mx\/wp-content\/uploads\/2023\/02\/IMG_0568-2-768x389.jpg 768w, https:\/\/informedeactividesfesi.iztacala.unam.mx\/wp-content\/uploads\/2023\/02\/IMG_0568-2-1536x779.jpg 1536w, https:\/\/informedeactividesfesi.iztacala.unam.mx\/wp-content\/uploads\/2023\/02\/IMG_0568-2-2048x1039.jpg 2048w\" sizes=\"(max-width: 1024px) 100vw, 1024px\" \/><\/figure>\n\n\n\n<p class=\"has-nv-dark-bg-color has-text-color\">El a\u00f1o que pas\u00f3 tuvo como principal reto, utilizar la presencialidad para dar celeridad a los tr\u00e1mites atrasados, a las titulaciones pendientes, ex\u00e1menes sin aplicaci\u00f3n y, sobre todo, las pr\u00e1cticas de campo, laboratorio y cl\u00ednicas, que son fundamentales en la preparaci\u00f3n de los futuros profesionistas que en Iztacala se forman, es decir, cumplir con los objetivos y retos planteados a pesar de los estragos que la falta de presencia f\u00edsica nos provoc\u00f3 como dependencia universitaria.&nbsp;<\/p>\n\n\n\n<p class=\"has-nv-dark-bg-color has-text-color\">Trabajamos en los procesos de acreditaci\u00f3n y reacreditaci\u00f3n de distintas carreras, enfrentando algunos problemas dif\u00edciles de resolver, pero siempre en beneficio de la comunidad. Vivimos nuevamente y en distintas ocasiones, paros totales de labores producto de las demandas de una parte de la comunidad estudiantil, que requirieron del di\u00e1logo, la empat\u00eda, comprensi\u00f3n y, sobre todo, capacidad de resoluci\u00f3n para dar continuidad a nuestra vida universitaria.<\/p>\n\n\n\n<p class=\"has-nv-dark-bg-color has-text-color\">Los resultados que presento son en su mayor\u00eda positivos y en los casos espec\u00edficos que nos vimos afectados, lejos de preocuparnos, nos hicieron ocuparnos con el objetivo de solventar las diferentes necesidades y redoblar esfuerzos para que en el cuarto a\u00f1o de administraci\u00f3n a mi cargo, no solo cumplamos con nuestro compromiso institucional propuesto en el Plan de Desarrollo Institucional, sino avancemos en la mejora de las condiciones acad\u00e9micas y administrativas de la facultad. Adem\u00e1s, m\u00e1s all\u00e1 de ello, mi compromiso siempre ser\u00e1 el trabajar en acciones concretas que contribuyan a la evoluci\u00f3n positiva que la FES Iztacala ha tenido, a trav\u00e9s de los a\u00f1os.<\/p>\n\n\n\n<hr class=\"wp-block-separator has-alpha-channel-opacity\"\/>\n\n\n<div class=\"wp-block-image\">\n<figure class=\"aligncenter size-large\"><img decoding=\"async\" loading=\"lazy\" width=\"1024\" height=\"683\" src=\"https:\/\/informedeactividesfesi.iztacala.unam.mx\/wp-content\/uploads\/2023\/02\/dv-1024x683.jpg\" alt=\"\" class=\"wp-image-1195\" srcset=\"https:\/\/informedeactividesfesi.iztacala.unam.mx\/wp-content\/uploads\/2023\/02\/dv-1024x683.jpg 1024w, https:\/\/informedeactividesfesi.iztacala.unam.mx\/wp-content\/uploads\/2023\/02\/dv-300x200.jpg 300w, https:\/\/informedeactividesfesi.iztacala.unam.mx\/wp-content\/uploads\/2023\/02\/dv-768x512.jpg 768w, https:\/\/informedeactividesfesi.iztacala.unam.mx\/wp-content\/uploads\/2023\/02\/dv-1536x1024.jpg 1536w, https:\/\/informedeactividesfesi.iztacala.unam.mx\/wp-content\/uploads\/2023\/02\/dv-2048x1365.jpg 2048w, https:\/\/informedeactividesfesi.iztacala.unam.mx\/wp-content\/uploads\/2023\/02\/dv-930x620.jpg 930w\" sizes=\"(max-width: 1024px) 100vw, 1024px\" \/><\/figure><\/div>\n\n\n<h2 class=\"has-nv-site-bg-color has-nv-c-1-background-color has-text-color has-background wp-block-heading\" style=\"font-size:30px;font-style:normal;font-weight:700;letter-spacing:2px\"><mark style=\"background-color:rgba(0, 0, 0, 0)\" class=\"has-inline-color has-nv-site-bg-color\">Plan de Desarrollo Institucional <br>(PDI) 2020-2024<\/mark><\/h2>\n\n\n\n<p class=\"has-nv-dark-bg-color has-text-color\">Al t\u00e9rmino de 2022 se tiene un avance del&nbsp;<strong>70%<\/strong>&nbsp;del PDI, que comprende&nbsp;<strong>siete<\/strong>&nbsp;programas,&nbsp;<strong>22<\/strong>&nbsp;subprogramas y&nbsp;<strong>69&nbsp;<\/strong>proyectos estrat\u00e9gicos que engloban las funciones sustanciales de nuestra Facultad.<\/p>\n\n\n<div class=\"wp-block-image\">\n<figure class=\"aligncenter size-full is-resized\"><img decoding=\"async\" loading=\"lazy\" src=\"https:\/\/informedeactividesfesi.iztacala.unam.mx\/wp-content\/uploads\/2023\/03\/1.1.png\" alt=\"\" class=\"wp-image-1280\" width=\"658\" height=\"345\"\/><figcaption class=\"wp-element-caption\">Tabla 1.1<\/figcaption><\/figure><\/div>\n\n\n<div class=\"wp-block-buttons is-layout-flex\"><\/div>\n\n\n\n<div class=\"wp-block-buttons is-content-justification-center is-layout-flex wp-container-3\" style=\"letter-spacing:1px\">\n<div class=\"wp-block-button\" style=\"font-style:normal;font-weight:600\"><a class=\"wp-block-button__link has-nv-text-dark-bg-color has-neve-text-color-background-color has-text-color has-background wp-element-button\" href=\"https:\/\/informedeactividesfesi.iztacala.unam.mx\/index.php\/licenciatura-3-2\/\" style=\"border-radius:100px\">&lt;<\/a><\/div>\n\n\n\n<div class=\"wp-block-button has-custom-font-size\" style=\"font-size:18px\"><a class=\"wp-block-button__link has-neve-text-color-color has-nv-light-bg-background-color has-text-color has-background wp-element-button\" href=\"https:\/\/informedeactividesfesi.iztacala.unam.mx\/index.php\/tercer-informe\/\" style=\"border-radius:100px\">MEN\u00da PRINCIPAL<\/a><\/div>\n\n\n\n<div class=\"wp-block-button\" style=\"font-style:normal;font-weight:600\"><a class=\"wp-block-button__link has-nv-text-dark-bg-color has-neve-text-color-background-color has-text-color has-background wp-element-button\" href=\"https:\/\/informedeactividesfesi.iztacala.unam.mx\/index.php\/investigacion-3\/\" style=\"border-radius:100px\">><\/a><\/div>\n<\/div>\n","protected":false},"excerpt":{"rendered":"<p>Se presenta este informe en apego al Plan de Desarrollo Institucional de la FES Iztacala que comprende el periodo del a\u00f1o 2020 a 2024 y registra todas las actividades realizadas por la comunidad de la Facultad de Estudios Superiores Iztacala, conforme lo establecido en el Art\u00edculo 9 del Reglamento de Planeaci\u00f3n de la Universidad Nacional&hellip;&nbsp;<a href=\"https:\/\/informedeactividesfesi.iztacala.unam.mx\/index.php\/introduccion-3\/\" class=\"\" rel=\"bookmark\">Leer m\u00e1s &raquo;<span class=\"screen-reader-text\">Introducci\u00f3n<\/span><\/a><\/p>\n","protected":false},"author":3,"featured_media":0,"parent":0,"menu_order":0,"comment_status":"closed","ping_status":"closed","template":"","meta":{"neve_meta_sidebar":"full-width","neve_meta_container":"","neve_meta_enable_content_width":"on","neve_meta_content_width":100,"neve_meta_title_alignment":"","neve_meta_author_avatar":"","neve_post_elements_order":"","neve_meta_disable_header":"","neve_meta_disable_footer":"","neve_meta_disable_title":"","spay_email":""},"_links":{"self":[{"href":"https:\/\/informedeactividesfesi.iztacala.unam.mx\/index.php\/wp-json\/wp\/v2\/pages\/730"}],"collection":[{"href":"https:\/\/informedeactividesfesi.iztacala.unam.mx\/index.php\/wp-json\/wp\/v2\/pages"}],"about":[{"href":"https:\/\/informedeactividesfesi.iztacala.unam.mx\/index.php\/wp-json\/wp\/v2\/types\/page"}],"author":[{"embeddable":true,"href":"https:\/\/informedeactividesfesi.iztacala.unam.mx\/index.php\/wp-json\/wp\/v2\/users\/3"}],"replies":[{"embeddable":true,"href":"https:\/\/informedeactividesfesi.iztacala.unam.mx\/index.php\/wp-json\/wp\/v2\/comments?post=730"}],"version-history":[{"count":17,"href":"https:\/\/informedeactividesfesi.iztacala.unam.mx\/index.php\/wp-json\/wp\/v2\/pages\/730\/revisions"}],"predecessor-version":[{"id":1385,"href":"https:\/\/informedeactividesfesi.iztacala.unam.mx\/index.php\/wp-json\/wp\/v2\/pages\/730\/revisions\/1385"}],"wp:attachment":[{"href":"https:\/\/informedeactividesfesi.iztacala.unam.mx\/index.php\/wp-json\/wp\/v2\/media?parent=730"}],"curies":[{"name":"wp","href":"https:\/\/api.w.org\/{rel}","templated":true}]}}