{"id":736,"date":"2023-02-17T20:39:31","date_gmt":"2023-02-17T20:39:31","guid":{"rendered":"https:\/\/informedeactividesfesi.iztacala.unam.mx\/?page_id=736"},"modified":"2023-03-21T19:17:33","modified_gmt":"2023-03-21T19:17:33","slug":"codec-3","status":"publish","type":"page","link":"https:\/\/informedeactividesfesi.iztacala.unam.mx\/index.php\/codec-3\/","title":{"rendered":"Coordinaci\u00f3n de Dise\u00f1o y Evaluaci\u00f3n Curricular (CODEC)"},"content":{"rendered":"\n<p>La labor llevada a cabo desde la CODEC es fundamental para el desarrollo de la Facultad; de los ocho planes y programas de estudio que se imparten en Iztacala, el 87.5% ha sido objeto de un proceso de evaluaci\u00f3n educativa y aprobado por las diferentes instancias universitarias en apego al Reglamento General para la Presentaci\u00f3n, Aprobaci\u00f3n, Evaluaci\u00f3n y Modificaci\u00f3n de Planes de Estudio (RGPAEMPE).<\/p>\n\n\n\n<p>Asimismo, otro logro importante es que los diferentes proyectos de modificaci\u00f3n, actualizaci\u00f3n e implantaci\u00f3n tuvieron una adecuaci\u00f3n en la redacci\u00f3n para incorporar la perspectiva de g\u00e9nero en los tomos I de los planes de estudio; adem\u00e1s de la creaci\u00f3n del programa de la asignatura compartida Igualdad de G\u00e9nero y el requisito de permanencia de perspectiva de g\u00e9nero en los planes de estudio de licenciatura de la FES Iztacala.<\/p>\n\n\n\n<p>En relaci\u00f3n con los procesos de acreditaci\u00f3n y reacreditaci\u00f3n, el programa educativo de la licenciatura de Psicolog\u00eda SUAyED fue dictaminado como acreditado por primera vez el 29 de noviembre de 2022 por el Comit\u00e9 de Acreditaci\u00f3n del Consejo Nacional para la Ense\u00f1anza e Investigaci\u00f3n en Psicolog\u00eda, A.C. CA-CNEIP. Las otras carreras est\u00e1n en su proceso de reacreditaci\u00f3n ante las instancias competentes.<\/p>\n\n\n<div class=\"wp-block-image\">\n<figure class=\"aligncenter size-full\"><img decoding=\"async\" loading=\"lazy\" width=\"768\" height=\"1024\" src=\"https:\/\/informedeactividesfesi.iztacala.unam.mx\/wp-content\/uploads\/2023\/02\/22.6.1.webp\" alt=\"\" class=\"wp-image-919\"\/><\/figure><\/div>\n\n\n<p>Esta coordinaci\u00f3n tambi\u00e9n propuso una metodolog\u00eda para apoyar el egreso del estudiantado; en colaboraci\u00f3n con el Departamento de Idiomas se dise\u00f1an ex\u00e1menes de comprensi\u00f3n de textos en ingl\u00e9s que, mediante convenios con las carreras, se ofertar\u00e1n como una opci\u00f3n m\u00e1s para cubrir el requisito del idioma que se exige para la titulaci\u00f3n.<\/p>\n\n\n\n<p>Finalmente se continu\u00f3 apoyando a las carreras en los procesos de ex\u00e1menes generales de conocimientos como opci\u00f3n de titulaci\u00f3n y en la revisi\u00f3n de ex\u00e1menes departamentales, finales y extraordinarios; la aplicaci\u00f3n del cuestionario de opini\u00f3n sobre el desempe\u00f1o docente y la encuesta de seguimiento de egresados.<\/p>\n\n\n<div class=\"wp-block-image\">\n<figure class=\"aligncenter size-large\"><img decoding=\"async\" loading=\"lazy\" width=\"1024\" height=\"646\" src=\"https:\/\/informedeactividesfesi.iztacala.unam.mx\/wp-content\/uploads\/2023\/02\/21-1024x646.jpg\" alt=\"\" class=\"wp-image-1188\" srcset=\"https:\/\/informedeactividesfesi.iztacala.unam.mx\/wp-content\/uploads\/2023\/02\/21-1024x646.jpg 1024w, https:\/\/informedeactividesfesi.iztacala.unam.mx\/wp-content\/uploads\/2023\/02\/21-300x189.jpg 300w, https:\/\/informedeactividesfesi.iztacala.unam.mx\/wp-content\/uploads\/2023\/02\/21-768x484.jpg 768w, https:\/\/informedeactividesfesi.iztacala.unam.mx\/wp-content\/uploads\/2023\/02\/21-1536x968.jpg 1536w, https:\/\/informedeactividesfesi.iztacala.unam.mx\/wp-content\/uploads\/2023\/02\/21-2048x1291.jpg 2048w\" sizes=\"(max-width: 1024px) 100vw, 1024px\" \/><\/figure><\/div>\n\n\n<div class=\"wp-block-buttons is-content-justification-center is-layout-flex wp-container-1\" style=\"letter-spacing:1px\">\n<div class=\"wp-block-button\" style=\"font-style:normal;font-weight:600\"><a class=\"wp-block-button__link has-nv-text-dark-bg-color has-neve-text-color-background-color has-text-color has-background wp-element-button\" style=\"border-radius:100px\">&lt;<\/a><\/div>\n\n\n\n<div class=\"wp-block-button has-custom-font-size\" style=\"font-size:18px\"><a class=\"wp-block-button__link has-neve-text-color-color has-nv-light-bg-background-color has-text-color has-background wp-element-button\" href=\"https:\/\/informedeactividesfesi.iztacala.unam.mx\/index.php\/tercer-informe\/\" style=\"border-radius:100px\">MEN\u00da PRINCIPAL<\/a><\/div>\n\n\n\n<div class=\"wp-block-button\" style=\"font-style:normal;font-weight:600\"><a class=\"wp-block-button__link has-nv-text-dark-bg-color has-neve-text-color-background-color has-text-color has-background wp-element-button\" style=\"border-radius:100px\">&gt;<\/a><\/div>\n<\/div>\n","protected":false},"excerpt":{"rendered":"<p>La labor llevada a cabo desde la CODEC es fundamental para el desarrollo de la Facultad; de los ocho planes y programas de estudio que se imparten en Iztacala, el 87.5% ha sido objeto de un proceso de evaluaci\u00f3n educativa y aprobado por las diferentes instancias universitarias en apego al Reglamento General para la Presentaci\u00f3n,&hellip;&nbsp;<a href=\"https:\/\/informedeactividesfesi.iztacala.unam.mx\/index.php\/codec-3\/\" class=\"\" rel=\"bookmark\">Leer m\u00e1s &raquo;<span class=\"screen-reader-text\">Coordinaci\u00f3n de Dise\u00f1o y Evaluaci\u00f3n Curricular (CODEC)<\/span><\/a><\/p>\n","protected":false},"author":3,"featured_media":0,"parent":0,"menu_order":0,"comment_status":"closed","ping_status":"closed","template":"","meta":{"neve_meta_sidebar":"full-width","neve_meta_container":"","neve_meta_enable_content_width":"on","neve_meta_content_width":100,"neve_meta_title_alignment":"","neve_meta_author_avatar":"","neve_post_elements_order":"","neve_meta_disable_header":"","neve_meta_disable_footer":"","neve_meta_disable_title":"","spay_email":""},"_links":{"self":[{"href":"https:\/\/informedeactividesfesi.iztacala.unam.mx\/index.php\/wp-json\/wp\/v2\/pages\/736"}],"collection":[{"href":"https:\/\/informedeactividesfesi.iztacala.unam.mx\/index.php\/wp-json\/wp\/v2\/pages"}],"about":[{"href":"https:\/\/informedeactividesfesi.iztacala.unam.mx\/index.php\/wp-json\/wp\/v2\/types\/page"}],"author":[{"embeddable":true,"href":"https:\/\/informedeactividesfesi.iztacala.unam.mx\/index.php\/wp-json\/wp\/v2\/users\/3"}],"replies":[{"embeddable":true,"href":"https:\/\/informedeactividesfesi.iztacala.unam.mx\/index.php\/wp-json\/wp\/v2\/comments?post=736"}],"version-history":[{"count":6,"href":"https:\/\/informedeactividesfesi.iztacala.unam.mx\/index.php\/wp-json\/wp\/v2\/pages\/736\/revisions"}],"predecessor-version":[{"id":1189,"href":"https:\/\/informedeactividesfesi.iztacala.unam.mx\/index.php\/wp-json\/wp\/v2\/pages\/736\/revisions\/1189"}],"wp:attachment":[{"href":"https:\/\/informedeactividesfesi.iztacala.unam.mx\/index.php\/wp-json\/wp\/v2\/media?parent=736"}],"curies":[{"name":"wp","href":"https:\/\/api.w.org\/{rel}","templated":true}]}}