{"id":738,"date":"2023-03-02T18:22:17","date_gmt":"2023-03-02T18:22:17","guid":{"rendered":"https:\/\/informedeactividesfesi.iztacala.unam.mx\/?page_id=738"},"modified":"2023-03-21T19:15:36","modified_gmt":"2023-03-21T19:15:36","slug":"servicios-administrativos-3","status":"publish","type":"page","link":"https:\/\/informedeactividesfesi.iztacala.unam.mx\/index.php\/servicios-administrativos-3\/","title":{"rendered":"Servicios administrativos"},"content":{"rendered":"\n<p class=\"has-nv-dark-bg-color has-text-color\">En la Secretar\u00eda Administrativa se trabaj\u00f3 de manera regular en todas sus \u00e1reas de adscripci\u00f3n, los tr\u00e1mites de presupuesto y de proyectos de investigaci\u00f3n, a\u00fan durante el paro estudiantil.<\/p>\n\n\n\n<p class=\"has-nv-dark-bg-color has-text-color\">Se continu\u00f3 con las medidas sanitarias en las \u00e1reas de trabajo y atenci\u00f3n a la comunidad, tanto en el campus como en las cl\u00ednicas perif\u00e9ricas y la mayor parte del apoyo se centr\u00f3 en los tr\u00e1mites y la limpieza del campus con el apoyo del personal administrativo.<\/p>\n\n\n\n<p class=\"has-nv-dark-bg-color has-text-color\">Actualmente contamos con 892 trabajadores activos y 80 en proceso de cobertura distribuidos entre el campus central y las cl\u00ednicas perif\u00e9ricas.<\/p>\n\n\n<div class=\"wp-block-image\">\n<figure class=\"alignleft size-large is-resized\"><img decoding=\"async\" loading=\"lazy\" src=\"https:\/\/informedeactividesfesi.iztacala.unam.mx\/wp-content\/uploads\/2023\/02\/IMG_0551-2-1024x683.jpg\" alt=\"\" class=\"wp-image-1072\" width=\"520\" height=\"347\" srcset=\"https:\/\/informedeactividesfesi.iztacala.unam.mx\/wp-content\/uploads\/2023\/02\/IMG_0551-2-1024x683.jpg 1024w, https:\/\/informedeactividesfesi.iztacala.unam.mx\/wp-content\/uploads\/2023\/02\/IMG_0551-2-300x200.jpg 300w, https:\/\/informedeactividesfesi.iztacala.unam.mx\/wp-content\/uploads\/2023\/02\/IMG_0551-2-768x512.jpg 768w, https:\/\/informedeactividesfesi.iztacala.unam.mx\/wp-content\/uploads\/2023\/02\/IMG_0551-2-1536x1024.jpg 1536w, https:\/\/informedeactividesfesi.iztacala.unam.mx\/wp-content\/uploads\/2023\/02\/IMG_0551-2-2048x1365.jpg 2048w, https:\/\/informedeactividesfesi.iztacala.unam.mx\/wp-content\/uploads\/2023\/02\/IMG_0551-2-930x620.jpg 930w\" sizes=\"(max-width: 520px) 100vw, 520px\" \/><\/figure><\/div>\n\n\n<p class=\"has-nv-dark-bg-color has-text-color\">Reconozco el compromiso del equipo de trabajo y destaco el que se hayan mantenido reuniones peri\u00f3dicas con los representantes sindicales con base en las que se atendieron sus peticiones, demandas y, en ocasiones, sus quejas; seguiremos trabajando juntos para el bien com\u00fan, propiciando un clima laboral de respeto e inclusi\u00f3n.<\/p>\n\n\n\n<p class=\"has-nv-dark-bg-color has-text-color\">Por otra parte, se tramitaron en tiempo y forma las contrataciones del personal acad\u00e9mico con base en los dict\u00e1menes del HCT. Se instal\u00f3 el Subcomit\u00e9 de Adquisiciones, Arrendamientos y Servicios de la FES Iztacala para dar transparencia a las adquisiciones y servicios, todo en apego y cumpliendo con la normatividad institucional.<\/p>\n\n\n\n<p class=\"has-nv-dark-bg-color has-text-color\">Los ingresos extraordinarios aumentaron un 29% con respecto al a\u00f1o anterior; en suma se invirti\u00f3 m\u00e1s en obras en comparaci\u00f3n al 2020, sin embargo, al comparar con 2021, la inversi\u00f3n disminuy\u00f3 considerablemente.<\/p>\n\n\n<div class=\"wp-block-image\">\n<figure class=\"aligncenter size-full is-resized\"><img decoding=\"async\" loading=\"lazy\" src=\"https:\/\/informedeactividesfesi.iztacala.unam.mx\/wp-content\/uploads\/2023\/03\/7.1.png\" alt=\"\" class=\"wp-image-1321\" width=\"735\" height=\"212\" srcset=\"https:\/\/informedeactividesfesi.iztacala.unam.mx\/wp-content\/uploads\/2023\/03\/7.1.png 806w, https:\/\/informedeactividesfesi.iztacala.unam.mx\/wp-content\/uploads\/2023\/03\/7.1-300x87.png 300w, https:\/\/informedeactividesfesi.iztacala.unam.mx\/wp-content\/uploads\/2023\/03\/7.1-768x223.png 768w\" sizes=\"(max-width: 735px) 100vw, 735px\" \/><figcaption class=\"wp-element-caption\">Tabla 7.1<\/figcaption><\/figure><\/div>\n\n\n<p class=\"has-nv-dark-bg-color has-text-color\">Se contin\u00faa trabajando en la obtenci\u00f3n de recursos extraordinarios, lo que nos permitir\u00e1 avanzar en nuevos proyectos y apoyos a las diversas \u00e1reas de la Facultad.&nbsp;<\/p>\n\n\n\n<p>No quiero dejar de mencionar que, con el objetivo de cumplir con uno de los compromisos con la comunidad estudiantil, se inaugur\u00f3 el Lactario de la FES Iztacala, un espacio con la privacidad, infraestructura y recursos necesarios para que las mujeres iztacaltecas que lo necesiten, hagan uso del mismo.<\/p>\n\n\n\n<p class=\"has-nv-dark-bg-color has-text-color\">Respecto a las obras, servicios de mantenimiento, de rehabilitaci\u00f3n y adecuaci\u00f3n, se llevaron a cabo 106 trabajos: 65 fueron realizados en cl\u00e1usula 15 por los trabajadores administrativos; en resumen, se dio prioridad a las necesidades m\u00e1s apremiantes del campus y las cl\u00ednicas, estos se llevaron a cabo con recursos propios y cuando fue necesario, se cont\u00f3 con el apoyo por parte de la administraci\u00f3n central: aprovecho este espacio para agradecer el gran apoyo recibido por las Secretar\u00eda General (SG) y la Secretar\u00eda de Desarrollo Institucional (SDI) de nuestra Universidad.&nbsp;<\/p>\n\n\n\n<p class=\"has-nv-dark-bg-color has-text-color\">Durante el periodo que report\u00f3 destac\u00f3:<\/p>\n\n\n\n<ul>\n<li>La rehabilitaci\u00f3n de la cancha de f\u00fatbol r\u00e1pido y de la pista de atletismo.<\/li>\n\n\n\n<li>La impermeabilizaci\u00f3n de siete edificios.<\/li>\n\n\n\n<li>El mantenimiento correctivo y cambio de equipos de aire comprimido de las cl\u00ednicas de Cuautepec, Arag\u00f3n y El Molinito.<\/li>\n\n\n\n<li>Los trabajos de mantenimiento de equipo de bombeo de vac\u00edo y aire comprimido en las cl\u00ednicas perif\u00e9ricas y el campus central.<\/li>\n\n\n\n<li>El mantenimiento correctivo y preventivo a las unidades dentales.<\/li>\n\n\n\n<li>El mantenimiento el\u00e9ctrico, trabajos de herrer\u00eda, plomer\u00eda, pintura y alba\u00f1iler\u00eda en todas las cl\u00ednicas perif\u00e9ricas y el campus central.<\/li>\n\n\n\n<li>El cambio de domos en la Cl\u00ednica Universitaria de Salud Integral Almaraz.<\/li>\n<\/ul>\n\n\n\n<p class=\"has-nv-dark-bg-color has-text-color\">Cierro este apartado agradeciendo el apoyo extraordinario para el programa PC Puma en las cl\u00ednicas perif\u00e9ricas y la rehabilitaci\u00f3n de la cancha de f\u00fatbol r\u00e1pido, por parte&nbsp; de la SDI, a trav\u00e9s de la la Direcci\u00f3n General del Deporte Universitario que, sumado a la inversi\u00f3n de nuestra Facultad, se tradujo en $5,350,136.87.<\/p>\n\n\n\n<p class=\"has-nv-dark-bg-color has-text-color\">Los ingresos financieros de 2022 ascienden a $71,733,314.39 con un incrementos de 29.16% en comparaci\u00f3n con el 2020 y con 6.94% en comparaci\u00f3n con 2021; mientras que los ingresos por otros apoyos corresponden a $8,050,136.87; es decir, durante este tercer a\u00f1o de gesti\u00f3n se han captado $23,829,168.27.<\/p>\n\n\n<div class=\"wp-block-image\">\n<figure class=\"aligncenter size-full is-resized\"><img decoding=\"async\" loading=\"lazy\" src=\"https:\/\/informedeactividesfesi.iztacala.unam.mx\/wp-content\/uploads\/2023\/03\/7.2.png\" alt=\"\" class=\"wp-image-1323\" width=\"-42\" height=\"-13\" srcset=\"https:\/\/informedeactividesfesi.iztacala.unam.mx\/wp-content\/uploads\/2023\/03\/7.2.png 800w, https:\/\/informedeactividesfesi.iztacala.unam.mx\/wp-content\/uploads\/2023\/03\/7.2-300x95.png 300w, https:\/\/informedeactividesfesi.iztacala.unam.mx\/wp-content\/uploads\/2023\/03\/7.2-768x244.png 768w\" sizes=\"(max-width: 800px) 100vw, 800px\" \/><figcaption class=\"wp-element-caption\">Tabla 7.2<\/figcaption><\/figure><\/div>\n\n\n<h2 class=\"has-nv-site-bg-color has-nv-c-1-background-color has-text-color has-background wp-block-heading\" style=\"font-size:30px;letter-spacing:2px\">Sistemas y telecomunicaciones<\/h2>\n\n\n<div class=\"wp-block-image\">\n<figure class=\"aligncenter size-large\"><img decoding=\"async\" loading=\"lazy\" width=\"1024\" height=\"683\" src=\"https:\/\/informedeactividesfesi.iztacala.unam.mx\/wp-content\/uploads\/2023\/02\/26-1024x683.jpg\" alt=\"\" class=\"wp-image-1175\" srcset=\"https:\/\/informedeactividesfesi.iztacala.unam.mx\/wp-content\/uploads\/2023\/02\/26-1024x683.jpg 1024w, https:\/\/informedeactividesfesi.iztacala.unam.mx\/wp-content\/uploads\/2023\/02\/26-300x200.jpg 300w, https:\/\/informedeactividesfesi.iztacala.unam.mx\/wp-content\/uploads\/2023\/02\/26-768x512.jpg 768w, https:\/\/informedeactividesfesi.iztacala.unam.mx\/wp-content\/uploads\/2023\/02\/26-1536x1024.jpg 1536w, https:\/\/informedeactividesfesi.iztacala.unam.mx\/wp-content\/uploads\/2023\/02\/26-2048x1365.jpg 2048w, https:\/\/informedeactividesfesi.iztacala.unam.mx\/wp-content\/uploads\/2023\/02\/26-930x620.jpg 930w\" sizes=\"(max-width: 1024px) 100vw, 1024px\" \/><\/figure><\/div>\n\n\n<p class=\"has-nv-dark-bg-color has-text-color\">Actualmente se contin\u00faa construyendo el edificio de las TIC con un avance del <strong>100%<\/strong> en la planta baja y del <strong>50%<\/strong> del primer nivel, que albergar\u00e1n laboratorios de c\u00f3mputo, un aula magna, una sala de tercera dimensi\u00f3n y oficinas administrativas; los dos pisos restantes seguir\u00e1n en construcci\u00f3n.<\/p>\n\n\n\n<p>La infraestructura de la red de telecomunicaciones ha sido mejorada de manera paulatina; se increment\u00f3 el ancho de banda de <strong>30 MB a 100 MB<\/strong> en las ocho cl\u00ednicas de la Facultad; al mismo tiempo, se incorporaron dichos espacios a la red PC PUMA y de esta forma nuestros alumnos tienen conectividad a Internet tanto en el campus central, como en las cl\u00ednicas perif\u00e9ricas.<\/p>\n\n\n\n<p>Se instal\u00f3 un sistema de respaldo con paneles solares que garantiza contar con una hora de operaci\u00f3n para los servidores, en caso de una falta de energ\u00eda el\u00e9ctrica. Se rehabilitaron en hardware y software <strong>90 <\/strong>equipos de c\u00f3mputo del Anexo Fundaci\u00f3n UNAM ubicado en la Unidad de Documentaci\u00f3n Cient\u00edfica y <strong>140<\/strong> equipos del Laboratorio de C\u00f3mputo de Fundaci\u00f3n UNAM, ubicado en el A-321. Se brind\u00f3 mantenimiento preventivo y correctivo a los cuartos de telecomunicaciones y a los servidores de red y cabe resaltar el cambio del tramo del conmutador principal a la Unidad de Investigaci\u00f3n Interdisciplinaria en Ciencias de la Salud y Educaci\u00f3n (UIICSE) y de ah\u00ed, a la Unidad de Investigaci\u00f3n en Biomedicina y de la Unidad de Biolog\u00eda, Tecnolog\u00eda y Prototipos (UBIPRO) para el buen funcionamiento de 200 l\u00edneas telef\u00f3nicas.<\/p>\n\n\n\n<p class=\"has-nv-dark-bg-color has-text-color\">Poco m\u00e1s de 16 mil miembros de nuestra comunidad hacen uso del correo institucional @iztacala.unam.mx y de la aplicaci\u00f3n Google Workspace.<\/p>\n\n\n\n<p class=\"has-nv-dark-bg-color has-text-color\">Se hicieron mejoras a los sistemas institucional como el de Ex\u00e1menes en L\u00ednea Iztacala (EXLI) y al Sistema de Control Escolar de Idiomas (SICEI); se concluy\u00f3 el Sistema de Expediente Electr\u00f3nico de Brigadas de la carrera de Optometr\u00eda y se inici\u00f3 la programaci\u00f3n del Expediente cl\u00ednico que se emplear\u00e1 en el seguimiento de la atenci\u00f3n que se oferta en la cl\u00ednica de la carrera.<\/p>\n\n\n\n<p class=\"has-nv-dark-bg-color has-text-color\">Se brind\u00f3 el servicio de videograbaci\u00f3n al HCT en ocho Concursos de Oposici\u00f3n, adicionalmente trabaj\u00f3 en colaboraci\u00f3n para realizar 214 ex\u00e1menes profesionales de pregrado y posgrado.<\/p>\n\n\n\n<p class=\"has-nv-dark-bg-color has-text-color\">En este 2022 se crearon sitios web para:<\/p>\n\n\n\n<ul>\n<li>La Comisi\u00f3n Interna para la Igualdad de G\u00e9nero FES Iztacala (CInIg).<\/li>\n\n\n\n<li>Las Personas Orientadoras Comunitarias (POC).<\/li>\n\n\n\n<li>El Programa Institucional de Investigaci\u00f3n y Atenci\u00f3n de la Violencia (PIIAV).<\/li>\n\n\n\n<li>La documentaci\u00f3n sobre Bioseguridad en la FES Iztacala.&nbsp;<\/li>\n<\/ul>\n\n\n\n<p class=\"has-nv-dark-bg-color has-text-color\">Tambi\u00e9n se realizaron 448 actividades presenciales en los laboratorios de c\u00f3mputo de ex\u00e1menes departamentales y de acreditaci\u00f3n de idiomas donde se atendieron a 17,459 alumnos de las carreras de Biolog\u00eda, Ecolog\u00eda, Enfermer\u00eda, Cirujano Dentista, M\u00e9dico Cirujano y del Departamento de Idiomas, adem\u00e1s de apoyar en 506 enlaces de videoconferencia equivalentes a 1,558 horas de transmisi\u00f3n, beneficiando a 9,358 personas de la comunidad acad\u00e9mica, administrativa y estudiantil.<\/p>\n\n\n\n<h2 class=\"has-nv-site-bg-color has-nv-c-1-background-color has-text-color has-background wp-block-heading\" style=\"font-size:30px;letter-spacing:2px\">Unidad de Documentaci\u00f3n Cient\u00edfica<\/h2>\n\n\n<div class=\"wp-block-image\">\n<figure class=\"alignleft size-large is-resized\"><img decoding=\"async\" loading=\"lazy\" src=\"https:\/\/informedeactividesfesi.iztacala.unam.mx\/wp-content\/uploads\/2023\/02\/10-1-726x1024.jpg\" alt=\"\" class=\"wp-image-1176\" width=\"275\" height=\"388\" srcset=\"https:\/\/informedeactividesfesi.iztacala.unam.mx\/wp-content\/uploads\/2023\/02\/10-1-726x1024.jpg 726w, https:\/\/informedeactividesfesi.iztacala.unam.mx\/wp-content\/uploads\/2023\/02\/10-1-213x300.jpg 213w, https:\/\/informedeactividesfesi.iztacala.unam.mx\/wp-content\/uploads\/2023\/02\/10-1-768x1083.jpg 768w, https:\/\/informedeactividesfesi.iztacala.unam.mx\/wp-content\/uploads\/2023\/02\/10-1-1090x1536.jpg 1090w, https:\/\/informedeactividesfesi.iztacala.unam.mx\/wp-content\/uploads\/2023\/02\/10-1-1453x2048.jpg 1453w, https:\/\/informedeactividesfesi.iztacala.unam.mx\/wp-content\/uploads\/2023\/02\/10-1-scaled.jpg 1816w\" sizes=\"(max-width: 275px) 100vw, 275px\" \/><\/figure><\/div>\n\n\n<p class=\"has-nv-dark-bg-color has-text-color\">Este a\u00f1o se adquirieron 2,502 vol\u00famenes de 1,058 t\u00edtulos unitarios, de los que 780 est\u00e1n en espa\u00f1ol y 278 en ingl\u00e9s, as\u00ed mismo se mantuvo vigente la suscripci\u00f3n de 243 t\u00edtulos de revistas, ejerciendo un presupuesto total de $4,195,756.<\/p>\n\n\n\n<p class=\"has-nv-dark-bg-color has-text-color\">Menci\u00f3n aparte merece la renovaci\u00f3n de la suscripci\u00f3n a la base de datos Journal of Visualized Experiments (JOVE) con licencia multiusuario, conjunta con otras dependencias de la UNAM, lo que constituye un valioso recurso para alumnos y acad\u00e9micos del \u00e1rea de ciencias de la salud, representando un gasto de $158,143.20.<\/p>\n\n\n\n<p class=\"has-nv-dark-bg-color has-text-color\">La Unidad de Documentaci\u00f3n Cient\u00edfica atendi\u00f3 a 18,134 usuarios, a trav\u00e9s de 4,169 pr\u00e9stamos a domicilio, 710 renovaciones y 4,709 devoluciones, as\u00ed como tres pr\u00e9stamos interbibliotecarios. En sus laboratorios de c\u00f3mputo, se impartieron 36 cursos acerca del uso de la Biblioteca Digital (BIDI), beneficiando a 914 alumnos en 39 sesiones.<\/p>\n\n\n\n<div class=\"wp-block-buttons is-content-justification-center is-layout-flex wp-container-1\" style=\"letter-spacing:1px\">\n<div class=\"wp-block-button\" style=\"font-style:normal;font-weight:600\"><a class=\"wp-block-button__link has-nv-text-dark-bg-color has-neve-text-color-background-color has-text-color has-background wp-element-button\" style=\"border-radius:100px\">&lt;<\/a><\/div>\n\n\n\n<div class=\"wp-block-button has-custom-font-size\" style=\"font-size:18px\"><a class=\"wp-block-button__link has-neve-text-color-color has-nv-light-bg-background-color has-text-color has-background wp-element-button\" href=\"https:\/\/informedeactividesfesi.iztacala.unam.mx\/index.php\/tercer-informe\/\" style=\"border-radius:100px\">MEN\u00da PRINCIPAL<\/a><\/div>\n\n\n\n<div class=\"wp-block-button\" style=\"font-style:normal;font-weight:600\"><a class=\"wp-block-button__link has-nv-text-dark-bg-color has-neve-text-color-background-color has-text-color has-background wp-element-button\" style=\"border-radius:100px\">&gt;<\/a><\/div>\n<\/div>\n","protected":false},"excerpt":{"rendered":"<p>En la Secretar\u00eda Administrativa se trabaj\u00f3 de manera regular en todas sus \u00e1reas de adscripci\u00f3n, los tr\u00e1mites de presupuesto y de proyectos de investigaci\u00f3n, a\u00fan durante el paro estudiantil. Se continu\u00f3 con las medidas sanitarias en las \u00e1reas de trabajo y atenci\u00f3n a la comunidad, tanto en el campus como en las cl\u00ednicas perif\u00e9ricas y&hellip;&nbsp;<a href=\"https:\/\/informedeactividesfesi.iztacala.unam.mx\/index.php\/servicios-administrativos-3\/\" class=\"\" rel=\"bookmark\">Leer m\u00e1s &raquo;<span class=\"screen-reader-text\">Servicios administrativos<\/span><\/a><\/p>\n","protected":false},"author":3,"featured_media":0,"parent":0,"menu_order":0,"comment_status":"closed","ping_status":"closed","template":"","meta":{"neve_meta_sidebar":"full-width","neve_meta_container":"","neve_meta_enable_content_width":"on","neve_meta_content_width":100,"neve_meta_title_alignment":"","neve_meta_author_avatar":"","neve_post_elements_order":"","neve_meta_disable_header":"","neve_meta_disable_footer":"","neve_meta_disable_title":"","spay_email":""},"_links":{"self":[{"href":"https:\/\/informedeactividesfesi.iztacala.unam.mx\/index.php\/wp-json\/wp\/v2\/pages\/738"}],"collection":[{"href":"https:\/\/informedeactividesfesi.iztacala.unam.mx\/index.php\/wp-json\/wp\/v2\/pages"}],"about":[{"href":"https:\/\/informedeactividesfesi.iztacala.unam.mx\/index.php\/wp-json\/wp\/v2\/types\/page"}],"author":[{"embeddable":true,"href":"https:\/\/informedeactividesfesi.iztacala.unam.mx\/index.php\/wp-json\/wp\/v2\/users\/3"}],"replies":[{"embeddable":true,"href":"https:\/\/informedeactividesfesi.iztacala.unam.mx\/index.php\/wp-json\/wp\/v2\/comments?post=738"}],"version-history":[{"count":18,"href":"https:\/\/informedeactividesfesi.iztacala.unam.mx\/index.php\/wp-json\/wp\/v2\/pages\/738\/revisions"}],"predecessor-version":[{"id":1357,"href":"https:\/\/informedeactividesfesi.iztacala.unam.mx\/index.php\/wp-json\/wp\/v2\/pages\/738\/revisions\/1357"}],"wp:attachment":[{"href":"https:\/\/informedeactividesfesi.iztacala.unam.mx\/index.php\/wp-json\/wp\/v2\/media?parent=738"}],"curies":[{"name":"wp","href":"https:\/\/api.w.org\/{rel}","templated":true}]}}