{"id":744,"date":"2023-03-02T18:20:04","date_gmt":"2023-03-02T18:20:04","guid":{"rendered":"https:\/\/informedeactividesfesi.iztacala.unam.mx\/?page_id=744"},"modified":"2023-03-21T19:16:09","modified_gmt":"2023-03-21T19:16:09","slug":"posgrado-3","status":"publish","type":"page","link":"https:\/\/informedeactividesfesi.iztacala.unam.mx\/index.php\/posgrado-3\/","title":{"rendered":"Posgrado"},"content":{"rendered":"\n<figure class=\"wp-block-image alignfull size-large\"><img decoding=\"async\" loading=\"lazy\" width=\"1024\" height=\"576\" src=\"https:\/\/informedeactividesfesi.iztacala.unam.mx\/wp-content\/uploads\/2023\/02\/IMG_20230203_130211-2-2-1-1024x576.jpg\" alt=\"\" class=\"wp-image-1140\" srcset=\"https:\/\/informedeactividesfesi.iztacala.unam.mx\/wp-content\/uploads\/2023\/02\/IMG_20230203_130211-2-2-1-1024x576.jpg 1024w, https:\/\/informedeactividesfesi.iztacala.unam.mx\/wp-content\/uploads\/2023\/02\/IMG_20230203_130211-2-2-1-300x169.jpg 300w, https:\/\/informedeactividesfesi.iztacala.unam.mx\/wp-content\/uploads\/2023\/02\/IMG_20230203_130211-2-2-1-768x432.jpg 768w, https:\/\/informedeactividesfesi.iztacala.unam.mx\/wp-content\/uploads\/2023\/02\/IMG_20230203_130211-2-2-1-1536x865.jpg 1536w, https:\/\/informedeactividesfesi.iztacala.unam.mx\/wp-content\/uploads\/2023\/02\/IMG_20230203_130211-2-2-1-2048x1153.jpg 2048w\" sizes=\"(max-width: 1024px) 100vw, 1024px\" \/><\/figure>\n\n\n\n<p class=\"has-nv-dark-bg-color has-text-color\">En este 2022 la Facultad particip\u00f3 en ocho maestr\u00edas, cinco doctorados y cinco especializaciones. Cabe hacer menci\u00f3n que, durante el \u00faltimo trimestre del 2022, la Especializaci\u00f3n en Endoperiodontolog\u00eda ingres\u00f3 al Sistema Nacional de Posgrados (SNP) de CONACyT anteriormente denominado Programa Nacional de Posgrados de Calidad (PNCP).<\/p>\n\n\n<div class=\"wp-block-image\">\n<figure class=\"alignright size-full is-resized\"><img decoding=\"async\" loading=\"lazy\" src=\"https:\/\/informedeactividesfesi.iztacala.unam.mx\/wp-content\/uploads\/2023\/02\/22.4.1.webp\" alt=\"\" class=\"wp-image-1040\" width=\"629\" height=\"420\"\/><\/figure><\/div>\n\n\n<p class=\"has-text-align-center\"><img decoding=\"async\" loading=\"lazy\" width=\"440\" height=\"590\" src=\"https:\/\/lh6.googleusercontent.com\/6EarpTao5fpKYwMqCShyoy0gttx9htjx2p8v07gKAoyvlU7kVome1Abu6qV76ucAQ_CgqM6ovLK6LR0g6HryrCpsSM4oWjdEUTGOCXJZ3C1Hzk3Vdtu7uUZx2xaF4-vUN_lbuAPlM5kV7czVseCWfQ\"><\/p>\n\n\n\n<h2 class=\"has-nv-site-bg-color has-nv-c-1-background-color has-text-color has-background wp-block-heading\" style=\"font-size:30px;letter-spacing:2px\">Alumnos de posgrado<\/h2>\n\n\n\n<p class=\"has-nv-dark-bg-color has-text-color\">Como consecuencia de la pandemia, en 2022 muchas de las actividades referentes a la profesionalizaci\u00f3n que se llevan a cabo como parte de los diferentes programas de especializaci\u00f3n se tuvieron que posponer. Lo que ocasion\u00f3 una disminuci\u00f3n de 19.60% en comparaci\u00f3n con el a\u00f1o 2019, previo al inicio de la pandemia. Cabe destacar que en algunas especializaciones se suspendieron los procesos de ingreso con el fin de no afectar la calidad educativa de los programas y en otros casos, la demanda de los aspirantes disminuy\u00f3 hasta que las condiciones de ense\u00f1anza fueran adecuadas.<\/p>\n\n\n<div class=\"wp-block-image\">\n<figure class=\"aligncenter size-full is-resized\"><img decoding=\"async\" loading=\"lazy\" src=\"https:\/\/informedeactividesfesi.iztacala.unam.mx\/wp-content\/uploads\/2023\/03\/4.1.png\" alt=\"\" class=\"wp-image-1311\" width=\"677\" height=\"214\" srcset=\"https:\/\/informedeactividesfesi.iztacala.unam.mx\/wp-content\/uploads\/2023\/03\/4.1.png 782w, https:\/\/informedeactividesfesi.iztacala.unam.mx\/wp-content\/uploads\/2023\/03\/4.1-300x95.png 300w, https:\/\/informedeactividesfesi.iztacala.unam.mx\/wp-content\/uploads\/2023\/03\/4.1-768x244.png 768w\" sizes=\"(max-width: 677px) 100vw, 677px\" \/><figcaption class=\"wp-element-caption\">Tabla 4.1<\/figcaption><\/figure><\/div>\n\n\n<p class=\"has-nv-dark-bg-color has-text-color\">Al cierre del a\u00f1o hay 435 alumnos de posgrado: 72 inscritos en una especializaci\u00f3n, 256 en maestr\u00eda y 107 en doctorado; es muy importante apuntar que el 72.41% cuentan con beca. En 2022 obtuvieron su grado 99 alumnos: 23 a nivel de especializaci\u00f3n, 59 de maestr\u00eda y 17 de doctorado.<\/p>\n\n\n<div class=\"wp-block-image is-style-rectangular\">\n<figure class=\"aligncenter is-resized\"><img decoding=\"async\" loading=\"lazy\" src=\"https:\/\/informedeactividesfesi.iztacala.unam.mx\/wp-content\/uploads\/2023\/03\/4.2.png\" alt=\"\" class=\"wp-image-1312\" width=\"694\" height=\"304\" srcset=\"https:\/\/informedeactividesfesi.iztacala.unam.mx\/wp-content\/uploads\/2023\/03\/4.2.png 862w, https:\/\/informedeactividesfesi.iztacala.unam.mx\/wp-content\/uploads\/2023\/03\/4.2-300x132.png 300w, https:\/\/informedeactividesfesi.iztacala.unam.mx\/wp-content\/uploads\/2023\/03\/4.2-768x337.png 768w\" sizes=\"(max-width: 694px) 100vw, 694px\" \/><\/figure><\/div>\n\n<div class=\"wp-block-image\">\n<figure class=\"aligncenter size-full is-resized\"><img decoding=\"async\" loading=\"lazy\" src=\"https:\/\/informedeactividesfesi.iztacala.unam.mx\/wp-content\/uploads\/2023\/03\/4.2.1.png\" alt=\"\" class=\"wp-image-1314\" width=\"-299\" height=\"-302\" srcset=\"https:\/\/informedeactividesfesi.iztacala.unam.mx\/wp-content\/uploads\/2023\/03\/4.2.1.png 876w, https:\/\/informedeactividesfesi.iztacala.unam.mx\/wp-content\/uploads\/2023\/03\/4.2.1-296x300.png 296w, https:\/\/informedeactividesfesi.iztacala.unam.mx\/wp-content\/uploads\/2023\/03\/4.2.1-768x779.png 768w\" sizes=\"(max-width: 876px) 100vw, 876px\" \/><figcaption class=\"wp-element-caption\">Tabla 4.2<\/figcaption><\/figure><\/div>\n\n\n<h2 class=\"has-nv-site-bg-color has-nv-c-1-background-color has-text-color has-background wp-block-heading\" style=\"font-size:30px;letter-spacing:2px\">Tutores de posgrado<\/h2>\n\n\n<div class=\"wp-block-image\">\n<figure class=\"aligncenter size-large is-resized\"><img decoding=\"async\" loading=\"lazy\" src=\"https:\/\/informedeactividesfesi.iztacala.unam.mx\/wp-content\/uploads\/2023\/02\/02-1024x829.jpg\" alt=\"\" class=\"wp-image-1138\" width=\"460\" height=\"372\" srcset=\"https:\/\/informedeactividesfesi.iztacala.unam.mx\/wp-content\/uploads\/2023\/02\/02-1024x829.jpg 1024w, https:\/\/informedeactividesfesi.iztacala.unam.mx\/wp-content\/uploads\/2023\/02\/02-300x243.jpg 300w, https:\/\/informedeactividesfesi.iztacala.unam.mx\/wp-content\/uploads\/2023\/02\/02-768x621.jpg 768w, https:\/\/informedeactividesfesi.iztacala.unam.mx\/wp-content\/uploads\/2023\/02\/02-1536x1243.jpg 1536w, https:\/\/informedeactividesfesi.iztacala.unam.mx\/wp-content\/uploads\/2023\/02\/02-2048x1657.jpg 2048w\" sizes=\"(max-width: 460px) 100vw, 460px\" \/><\/figure><\/div>\n\n\n<p class=\"has-nv-dark-bg-color has-text-color\">En el a\u00f1o que se reporta se increment\u00f3 el n\u00famero de tutores de posgrado a 287, es decir, 19 tutores m\u00e1s que en 2021, quienes dirigen 540 tesis de las que el 45.70% corresponde a los posgrados y el 54.3% al resto a las licenciaturas; del total, se concluyeron 158.<\/p>\n\n\n\n<div class=\"wp-block-buttons is-content-justification-center is-layout-flex wp-container-1\" style=\"letter-spacing:1px\">\n<div class=\"wp-block-button\" style=\"font-style:normal;font-weight:600\"><a class=\"wp-block-button__link has-nv-text-dark-bg-color has-neve-text-color-background-color has-text-color has-background wp-element-button\" href=\"https:\/\/informedeactividesfesi.iztacala.unam.mx\/index.php\/licenciatura-3-2\/\" style=\"border-radius:100px\">&lt;<\/a><\/div>\n\n\n\n<div class=\"wp-block-button has-custom-font-size\" style=\"font-size:18px\"><a class=\"wp-block-button__link has-neve-text-color-color has-nv-light-bg-background-color has-text-color has-background wp-element-button\" href=\"https:\/\/informedeactividesfesi.iztacala.unam.mx\/index.php\/tercer-informe\/\" style=\"border-radius:100px\">MEN\u00da PRINCIPAL<\/a><\/div>\n\n\n\n<div class=\"wp-block-button\" style=\"font-style:normal;font-weight:600\"><a class=\"wp-block-button__link has-nv-text-dark-bg-color has-neve-text-color-background-color has-text-color has-background wp-element-button\" href=\"https:\/\/informedeactividesfesi.iztacala.unam.mx\/index.php\/investigacion-3\/\" style=\"border-radius:100px\">><\/a><\/div>\n<\/div>\n","protected":false},"excerpt":{"rendered":"<p>En este 2022 la Facultad particip\u00f3 en ocho maestr\u00edas, cinco doctorados y cinco especializaciones. Cabe hacer menci\u00f3n que, durante el \u00faltimo trimestre del 2022, la Especializaci\u00f3n en Endoperiodontolog\u00eda ingres\u00f3 al Sistema Nacional de Posgrados (SNP) de CONACyT anteriormente denominado Programa Nacional de Posgrados de Calidad (PNCP). Alumnos de posgrado Como consecuencia de la pandemia, en&hellip;&nbsp;<a href=\"https:\/\/informedeactividesfesi.iztacala.unam.mx\/index.php\/posgrado-3\/\" class=\"\" rel=\"bookmark\">Leer m\u00e1s &raquo;<span class=\"screen-reader-text\">Posgrado<\/span><\/a><\/p>\n","protected":false},"author":3,"featured_media":0,"parent":0,"menu_order":0,"comment_status":"closed","ping_status":"closed","template":"","meta":{"neve_meta_sidebar":"full-width","neve_meta_container":"","neve_meta_enable_content_width":"on","neve_meta_content_width":100,"neve_meta_title_alignment":"","neve_meta_author_avatar":"","neve_post_elements_order":"","neve_meta_disable_header":"","neve_meta_disable_footer":"","neve_meta_disable_title":"","spay_email":""},"_links":{"self":[{"href":"https:\/\/informedeactividesfesi.iztacala.unam.mx\/index.php\/wp-json\/wp\/v2\/pages\/744"}],"collection":[{"href":"https:\/\/informedeactividesfesi.iztacala.unam.mx\/index.php\/wp-json\/wp\/v2\/pages"}],"about":[{"href":"https:\/\/informedeactividesfesi.iztacala.unam.mx\/index.php\/wp-json\/wp\/v2\/types\/page"}],"author":[{"embeddable":true,"href":"https:\/\/informedeactividesfesi.iztacala.unam.mx\/index.php\/wp-json\/wp\/v2\/users\/3"}],"replies":[{"embeddable":true,"href":"https:\/\/informedeactividesfesi.iztacala.unam.mx\/index.php\/wp-json\/wp\/v2\/comments?post=744"}],"version-history":[{"count":16,"href":"https:\/\/informedeactividesfesi.iztacala.unam.mx\/index.php\/wp-json\/wp\/v2\/pages\/744\/revisions"}],"predecessor-version":[{"id":1355,"href":"https:\/\/informedeactividesfesi.iztacala.unam.mx\/index.php\/wp-json\/wp\/v2\/pages\/744\/revisions\/1355"}],"wp:attachment":[{"href":"https:\/\/informedeactividesfesi.iztacala.unam.mx\/index.php\/wp-json\/wp\/v2\/media?parent=744"}],"curies":[{"name":"wp","href":"https:\/\/api.w.org\/{rel}","templated":true}]}}