{"id":750,"date":"2023-03-02T18:21:07","date_gmt":"2023-03-02T18:21:07","guid":{"rendered":"https:\/\/informedeactividesfesi.iztacala.unam.mx\/?page_id=750"},"modified":"2023-03-21T19:15:57","modified_gmt":"2023-03-21T19:15:57","slug":"investigacion-3","status":"publish","type":"page","link":"https:\/\/informedeactividesfesi.iztacala.unam.mx\/index.php\/investigacion-3\/","title":{"rendered":"Investigaci\u00f3n"},"content":{"rendered":"<div class=\"wp-block-image\">\n<figure class=\"alignleft size-large is-resized\"><img decoding=\"async\" loading=\"lazy\" src=\"https:\/\/informedeactividesfesi.iztacala.unam.mx\/wp-content\/uploads\/2023\/02\/IMG_0062-1024x683.jpg\" alt=\"\" class=\"wp-image-960\" width=\"400\" height=\"266\" srcset=\"https:\/\/informedeactividesfesi.iztacala.unam.mx\/wp-content\/uploads\/2023\/02\/IMG_0062-1024x683.jpg 1024w, https:\/\/informedeactividesfesi.iztacala.unam.mx\/wp-content\/uploads\/2023\/02\/IMG_0062-300x200.jpg 300w, https:\/\/informedeactividesfesi.iztacala.unam.mx\/wp-content\/uploads\/2023\/02\/IMG_0062-768x512.jpg 768w, https:\/\/informedeactividesfesi.iztacala.unam.mx\/wp-content\/uploads\/2023\/02\/IMG_0062-1536x1024.jpg 1536w, https:\/\/informedeactividesfesi.iztacala.unam.mx\/wp-content\/uploads\/2023\/02\/IMG_0062-930x620.jpg 930w, https:\/\/informedeactividesfesi.iztacala.unam.mx\/wp-content\/uploads\/2023\/02\/IMG_0062.jpg 2048w\" sizes=\"(max-width: 400px) 100vw, 400px\" \/><\/figure><\/div>\n\n\n<p>La Divisi\u00f3n de Investigaci\u00f3n y Posgrado particip\u00f3 en la organizaci\u00f3n de diferentes eventos acad\u00e9micos que este a\u00f1o se centraron en el posgrado de la Facultad, entre los que destaca el primer taller para la internacionalizaci\u00f3n en colaboraci\u00f3n con la UNAM Alemania.<\/p>\n\n\n<div class=\"wp-block-image\">\n<figure class=\"alignright size-large is-resized\"><img decoding=\"async\" loading=\"lazy\" src=\"https:\/\/informedeactividesfesi.iztacala.unam.mx\/wp-content\/uploads\/2023\/02\/IMG_0480-2-1024x683.jpg\" alt=\"\" class=\"wp-image-1201\" width=\"389\" height=\"259\" srcset=\"https:\/\/informedeactividesfesi.iztacala.unam.mx\/wp-content\/uploads\/2023\/02\/IMG_0480-2-1024x683.jpg 1024w, https:\/\/informedeactividesfesi.iztacala.unam.mx\/wp-content\/uploads\/2023\/02\/IMG_0480-2-300x200.jpg 300w, https:\/\/informedeactividesfesi.iztacala.unam.mx\/wp-content\/uploads\/2023\/02\/IMG_0480-2-768x512.jpg 768w, https:\/\/informedeactividesfesi.iztacala.unam.mx\/wp-content\/uploads\/2023\/02\/IMG_0480-2-1536x1024.jpg 1536w, https:\/\/informedeactividesfesi.iztacala.unam.mx\/wp-content\/uploads\/2023\/02\/IMG_0480-2-930x620.jpg 930w, https:\/\/informedeactividesfesi.iztacala.unam.mx\/wp-content\/uploads\/2023\/02\/IMG_0480-2.jpg 2048w\" sizes=\"(max-width: 389px) 100vw, 389px\" \/><\/figure><\/div>\n\n\n<p>Despu\u00e9s de dos a\u00f1os de pandemia, se llev\u00f3 a cabo el XL Coloquio de Investigaci\u00f3n en formato h\u00edbrido, donde se realizaron 267 actividades con la participaci\u00f3n de las carreras de Biolog\u00eda, Cirujano Dentista, Enfermer\u00eda, M\u00e9dico Cirujano, Optometr\u00eda y Psicolog\u00eda; se presentaron tres conferencias magistrales, 223 presentaciones de carteles y 13 mesas de discusi\u00f3n de modalidad h\u00edbrida; se publicaron 19 videos de difusi\u00f3n, nueve videos de presentaci\u00f3n de trabajos estudiantiles y por \u00faltimo, se otorgaron seis premios para alumnos que participaron en dichas actividades. El evento tuvo diferentes sedes presenciales en el campus: la Unidad de Seminarios, la Explanada de la Entrada Principal, as\u00ed como su sede virtual, a trav\u00e9s de las redes sociales oficiales de la Facultad, as\u00ed como su p\u00e1gina exclusiva del evento en Facebook. Tambi\u00e9n se cont\u00f3 con la Exposici\u00f3n fotogr\u00e1fica &#8220;La megal\u00f3polis mexicana y su biodiversidad&#8221;.<\/p>\n\n\n\n<h2 class=\"has-nv-site-bg-color has-nv-c-1-background-color has-text-color has-background wp-block-heading\" style=\"font-size:30px;letter-spacing:2px\">Publicaciones<\/h2>\n\n\n\n<p>En este paulatino retorno a la normalidad se publicaron 759 contribuciones cient\u00edficas, de las cuales 498 fueron de art\u00edculos en revistas internacionales; 94 en nacionales; 31 libros, 136 cap\u00edtulos de libros. Cabe mencionar que a\u00fan con la nueva readaptaci\u00f3n a la reincorporaci\u00f3n a las actividades semi presenciales a lo largo del 2022, ocasion\u00f3 una disminuci\u00f3n del 0.26% en las publicaciones, en comparaci\u00f3n con 2020, a\u00f1o en el que inici\u00f3 la pandemia.<\/p>\n\n\n<div class=\"wp-block-image\">\n<figure class=\"aligncenter size-full is-resized\"><img decoding=\"async\" loading=\"lazy\" src=\"https:\/\/informedeactividesfesi.iztacala.unam.mx\/wp-content\/uploads\/2023\/03\/5.1.png\" alt=\"\" class=\"wp-image-1316\" width=\"-110\" height=\"-39\" srcset=\"https:\/\/informedeactividesfesi.iztacala.unam.mx\/wp-content\/uploads\/2023\/03\/5.1.png 788w, https:\/\/informedeactividesfesi.iztacala.unam.mx\/wp-content\/uploads\/2023\/03\/5.1-300x110.png 300w, https:\/\/informedeactividesfesi.iztacala.unam.mx\/wp-content\/uploads\/2023\/03\/5.1-768x283.png 768w\" sizes=\"(max-width: 788px) 100vw, 788px\" \/><figcaption class=\"wp-element-caption\">Tabla 5.1<\/figcaption><\/figure><\/div>\n\n\n<h2 class=\"has-nv-site-bg-color has-nv-c-1-background-color has-text-color has-background wp-block-heading\" style=\"font-size:30px;letter-spacing:2px\">Proyectos de investigaci\u00f3n<\/h2>\n\n\n\n<p>En estos tres a\u00f1os de administraci\u00f3n se han captado $97,588,663.67; de este monto, en este 2022 la Facultad obtuvo financiamiento por $30,390,778.76. Gracias al trabajo de sus docentes, se cuenta con 167 proyectos de investigaci\u00f3n de PAPIIT, PAPIME, CONABIO, CONACyT y otras fuentes.<\/p>\n\n\n<div class=\"wp-block-image\">\n<figure class=\"aligncenter size-full is-resized\"><img decoding=\"async\" loading=\"lazy\" src=\"https:\/\/informedeactividesfesi.iztacala.unam.mx\/wp-content\/uploads\/2023\/03\/5.2.png\" alt=\"\" class=\"wp-image-1317\" width=\"714\" height=\"366\"\/><figcaption class=\"wp-element-caption\">Tabla 5.2<\/figcaption><\/figure><\/div>\n\n\n<h2 class=\"has-nv-site-bg-color has-nv-c-1-background-color has-text-color has-background wp-block-heading\" style=\"font-size:30px;letter-spacing:2px\">Sistema Nacional de Investigadores<\/h2>\n\n\n\n<p>La Facultad incorpor\u00f3 207 profesores al Sistema Nacional de Investigaci\u00f3n (SNI). Por primera vez, en la FESI contamos con una Investigadora Em\u00e9rita: la Dra. Patricia Dolores D\u00e1vila Aranda; as\u00ed como con 129 que est\u00e1n en el nivel I, 31 en el nivel II y 13 en el nivel III, adem\u00e1s de los 33 candidatos a investigador.<\/p>\n\n\n<div class=\"wp-block-image\">\n<figure class=\"aligncenter size-full is-resized\"><img decoding=\"async\" loading=\"lazy\" src=\"https:\/\/informedeactividesfesi.iztacala.unam.mx\/wp-content\/uploads\/2023\/03\/5.3.png\" alt=\"\" class=\"wp-image-1319\" width=\"-20\" height=\"-11\" srcset=\"https:\/\/informedeactividesfesi.iztacala.unam.mx\/wp-content\/uploads\/2023\/03\/5.3.png 796w, https:\/\/informedeactividesfesi.iztacala.unam.mx\/wp-content\/uploads\/2023\/03\/5.3-300x164.png 300w, https:\/\/informedeactividesfesi.iztacala.unam.mx\/wp-content\/uploads\/2023\/03\/5.3-768x419.png 768w\" sizes=\"(max-width: 796px) 100vw, 796px\" \/><figcaption class=\"wp-element-caption\">Tabla 5.3<\/figcaption><\/figure><\/div>\n\n\n<p>Tambi\u00e9n es importante mencionar que este 2022 se present\u00f3 un incremento del 3.5% en participaci\u00f3n en el SNI en comparaci\u00f3n con el a\u00f1o 2020; adem\u00e1s resalta que cuatro acad\u00e9micos han obtenido el nivel III.<\/p>\n\n\n\n<h2 class=\"has-nv-site-bg-color has-nv-c-1-background-color has-text-color has-background wp-block-heading\" style=\"font-size:30px;letter-spacing:2px\">Laboratorio Nacional<\/h2>\n\n\n<div class=\"wp-block-image\">\n<figure class=\"alignleft size-large is-resized\"><img decoding=\"async\" loading=\"lazy\" src=\"https:\/\/informedeactividesfesi.iztacala.unam.mx\/wp-content\/uploads\/2023\/02\/20-1024x683.jpg\" alt=\"\" class=\"wp-image-1157\" width=\"449\" height=\"299\" srcset=\"https:\/\/informedeactividesfesi.iztacala.unam.mx\/wp-content\/uploads\/2023\/02\/20-1024x683.jpg 1024w, https:\/\/informedeactividesfesi.iztacala.unam.mx\/wp-content\/uploads\/2023\/02\/20-300x200.jpg 300w, https:\/\/informedeactividesfesi.iztacala.unam.mx\/wp-content\/uploads\/2023\/02\/20-768x512.jpg 768w, https:\/\/informedeactividesfesi.iztacala.unam.mx\/wp-content\/uploads\/2023\/02\/20-1536x1024.jpg 1536w, https:\/\/informedeactividesfesi.iztacala.unam.mx\/wp-content\/uploads\/2023\/02\/20-2048x1365.jpg 2048w, https:\/\/informedeactividesfesi.iztacala.unam.mx\/wp-content\/uploads\/2023\/02\/20-930x620.jpg 930w\" sizes=\"(max-width: 449px) 100vw, 449px\" \/><\/figure><\/div>\n\n\n<p>El Laboratorio Nacional de la FESI (LN-FESI) obtuvo financiamiento por m\u00e1s de dos millones de pesos provenientes de proyectos CONACyT y de la Coordinaci\u00f3n de la Investigaci\u00f3n Cient\u00edfica de la UNAM, presupuesto que se ejerci\u00f3 en la compra de una incubadora de CO<sub>2<\/sub>; dar mantenimiento tanto al equipo menor, como a los equipos mayores: los cit\u00f3metros Attune NxT (ThermoFisher) y FACSAria Fusion (BD\u00ae), HPLC-masas e IPC-masas, MiSeq System Illumina, Bioanalyzer, Robot Bravo.<\/p>\n\n\n\n<p>Se realizaron 3,324 muestras procesadas, de las cuales 583 corresponden a secuenciaci\u00f3n masiva, 2,326 a citometr\u00eda de flujo y 415 a espectroscop\u00eda de masas y se realizaron an\u00e1lisis de metabolitos secundarios. Algunos de los usuarios de estas muestras fueron el Instituto Nacional de Perinatolog\u00eda, el Instituto Nacional de Investigaciones Forestales, Agr\u00edcolas y Pecuarias, y la Facultad de Medicina de la UNAM.<\/p>\n\n\n<div class=\"wp-block-image\">\n<figure class=\"alignright size-large is-resized\"><img decoding=\"async\" loading=\"lazy\" src=\"https:\/\/informedeactividesfesi.iztacala.unam.mx\/wp-content\/uploads\/2023\/02\/19-768x1024.jpg\" alt=\"\" class=\"wp-image-1199\" width=\"274\" height=\"365\" srcset=\"https:\/\/informedeactividesfesi.iztacala.unam.mx\/wp-content\/uploads\/2023\/02\/19-768x1024.jpg 768w, https:\/\/informedeactividesfesi.iztacala.unam.mx\/wp-content\/uploads\/2023\/02\/19-225x300.jpg 225w, https:\/\/informedeactividesfesi.iztacala.unam.mx\/wp-content\/uploads\/2023\/02\/19-1152x1536.jpg 1152w, https:\/\/informedeactividesfesi.iztacala.unam.mx\/wp-content\/uploads\/2023\/02\/19-1536x2048.jpg 1536w, https:\/\/informedeactividesfesi.iztacala.unam.mx\/wp-content\/uploads\/2023\/02\/19-scaled.jpg 1920w\" sizes=\"(max-width: 274px) 100vw, 274px\" \/><\/figure><\/div>\n\n\n<p>Tambi\u00e9n se generaron diez publicaciones internacionales con factor de impacto y un cap\u00edtulo de libro internacional; la formaci\u00f3n de cuatro tesistas graduados de nivel licenciatura y un tesista graduado de doctorado; tres doctorantes que han finalizado su tesis y tres m\u00e1s en proceso, adem\u00e1s de una tesis de maestr\u00eda iniciada y tres servicios sociales concluidos.<\/p>\n\n\n\n<p>Adicionalmente, el Sistema de Gesti\u00f3n de Calidad llev\u00f3 a cabo una auditor\u00eda interna por parte de la Coordinaci\u00f3n de la Investigaci\u00f3n Cient\u00edfica (CIC) los d\u00edas 27 y 28 de enero de 2022, y una auditor\u00eda externa de vigilancia por parte de la empresa Normalizaci\u00f3n y Certificaci\u00f3n NYCE, S.C., el 29 de marzo del mismo a\u00f1o. Producto de este ejercicio de auditor\u00eda externa, result\u00f3 en la Recertificaci\u00f3n Internacional ISO9001:2015 del Sistema de Gesti\u00f3n de Calidad del Laboratorio Nacional, con una vigencia de tres a\u00f1os.<\/p>\n\n\n\n<figure class=\"wp-block-image alignwide size-full\"><img decoding=\"async\" loading=\"lazy\" width=\"900\" height=\"300\" src=\"https:\/\/informedeactividesfesi.iztacala.unam.mx\/wp-content\/uploads\/2022\/03\/22-27.png\" alt=\"\" class=\"wp-image-568\" srcset=\"https:\/\/informedeactividesfesi.iztacala.unam.mx\/wp-content\/uploads\/2022\/03\/22-27.png 900w, https:\/\/informedeactividesfesi.iztacala.unam.mx\/wp-content\/uploads\/2022\/03\/22-27-300x100.png 300w, https:\/\/informedeactividesfesi.iztacala.unam.mx\/wp-content\/uploads\/2022\/03\/22-27-768x256.png 768w\" sizes=\"(max-width: 900px) 100vw, 900px\" \/><\/figure>\n\n\n\n<p>Finalmente, el CONACyT otorg\u00f3 la Reacreditaci\u00f3n del Nombramiento de Laboratorio Nacional sin restricci\u00f3n, distinci\u00f3n que obtuvieron s\u00f3lo el 50% de los Laboratorios Nacionales Registrados en el pa\u00eds, lo que habla de los resultados positivos que el LN-FESI sigue obteniendo.<\/p>\n\n\n\n<div class=\"wp-block-buttons is-content-justification-center is-layout-flex wp-container-1\" style=\"letter-spacing:1px\">\n<div class=\"wp-block-button\" style=\"font-style:normal;font-weight:600\"><a class=\"wp-block-button__link has-nv-text-dark-bg-color has-neve-text-color-background-color has-text-color has-background wp-element-button\" style=\"border-radius:100px\">&lt;<\/a><\/div>\n\n\n\n<div class=\"wp-block-button has-custom-font-size\" style=\"font-size:18px\"><a class=\"wp-block-button__link has-neve-text-color-color has-nv-light-bg-background-color has-text-color has-background wp-element-button\" href=\"https:\/\/informedeactividesfesi.iztacala.unam.mx\/index.php\/tercer-informe\/\" style=\"border-radius:100px\">MEN\u00da PRINCIPAL<\/a><\/div>\n\n\n\n<div class=\"wp-block-button\" style=\"font-style:normal;font-weight:600\"><a class=\"wp-block-button__link has-nv-text-dark-bg-color has-neve-text-color-background-color has-text-color has-background wp-element-button\" style=\"border-radius:100px\">&gt;<\/a><\/div>\n<\/div>\n","protected":false},"excerpt":{"rendered":"<p>La Divisi\u00f3n de Investigaci\u00f3n y Posgrado particip\u00f3 en la organizaci\u00f3n de diferentes eventos acad\u00e9micos que este a\u00f1o se centraron en el posgrado de la Facultad, entre los que destaca el primer taller para la internacionalizaci\u00f3n en colaboraci\u00f3n con la UNAM Alemania. Despu\u00e9s de dos a\u00f1os de pandemia, se llev\u00f3 a cabo el XL Coloquio de&hellip;&nbsp;<a href=\"https:\/\/informedeactividesfesi.iztacala.unam.mx\/index.php\/investigacion-3\/\" class=\"\" rel=\"bookmark\">Leer m\u00e1s &raquo;<span class=\"screen-reader-text\">Investigaci\u00f3n<\/span><\/a><\/p>\n","protected":false},"author":3,"featured_media":0,"parent":0,"menu_order":0,"comment_status":"closed","ping_status":"closed","template":"","meta":{"neve_meta_sidebar":"full-width","neve_meta_container":"","neve_meta_enable_content_width":"on","neve_meta_content_width":100,"neve_meta_title_alignment":"","neve_meta_author_avatar":"","neve_post_elements_order":"","neve_meta_disable_header":"","neve_meta_disable_footer":"","neve_meta_disable_title":"","spay_email":""},"_links":{"self":[{"href":"https:\/\/informedeactividesfesi.iztacala.unam.mx\/index.php\/wp-json\/wp\/v2\/pages\/750"}],"collection":[{"href":"https:\/\/informedeactividesfesi.iztacala.unam.mx\/index.php\/wp-json\/wp\/v2\/pages"}],"about":[{"href":"https:\/\/informedeactividesfesi.iztacala.unam.mx\/index.php\/wp-json\/wp\/v2\/types\/page"}],"author":[{"embeddable":true,"href":"https:\/\/informedeactividesfesi.iztacala.unam.mx\/index.php\/wp-json\/wp\/v2\/users\/3"}],"replies":[{"embeddable":true,"href":"https:\/\/informedeactividesfesi.iztacala.unam.mx\/index.php\/wp-json\/wp\/v2\/comments?post=750"}],"version-history":[{"count":17,"href":"https:\/\/informedeactividesfesi.iztacala.unam.mx\/index.php\/wp-json\/wp\/v2\/pages\/750\/revisions"}],"predecessor-version":[{"id":1356,"href":"https:\/\/informedeactividesfesi.iztacala.unam.mx\/index.php\/wp-json\/wp\/v2\/pages\/750\/revisions\/1356"}],"wp:attachment":[{"href":"https:\/\/informedeactividesfesi.iztacala.unam.mx\/index.php\/wp-json\/wp\/v2\/media?parent=750"}],"curies":[{"name":"wp","href":"https:\/\/api.w.org\/{rel}","templated":true}]}}