{"id":752,"date":"2023-03-02T17:14:52","date_gmt":"2023-03-02T17:14:52","guid":{"rendered":"https:\/\/informedeactividesfesi.iztacala.unam.mx\/?page_id=752"},"modified":"2023-03-21T19:17:11","modified_gmt":"2023-03-21T19:17:11","slug":"eduacion-continua-3","status":"publish","type":"page","link":"https:\/\/informedeactividesfesi.iztacala.unam.mx\/index.php\/eduacion-continua-3\/","title":{"rendered":"Educaci\u00f3n continua y extensi\u00f3n universitaria"},"content":{"rendered":"\n<p>La Divisi\u00f3n de Extensi\u00f3n Universitaria (DEU) en el a\u00f1o 2022 ofert\u00f3 <strong>139 <\/strong>actividades de educaci\u00f3n continua: <strong>56<\/strong> webinars, <strong>27<\/strong> cursos, <strong>cuatro <\/strong>talleres y <strong>52<\/strong> diplomados. Es importante recalcar que los webinars son gratuitos como apoyo a nuestra comunidad y en ellos los egresados de la FESI participan como ponentes a trav\u00e9s del programa Regresa a Casa.&nbsp;<\/p>\n\n\n\n<p>Todos los eventos tienen alcance internacional pues han participado asistentes de otros pa\u00edses como Bolivia, Canad\u00e1, Colombia, Chile, Cuba, Ecuador, Estados Unidos, Guatemala, Puerto Rico, Per\u00fa, Rep\u00fablica Dominicana y Venezuela, beneficiando a <strong>16,873 <\/strong>personas y con la participaci\u00f3n de <strong>735 <\/strong>acad\u00e9micos.<\/p>\n\n\n<div class=\"wp-block-image\">\n<figure class=\"alignright size-large is-resized\"><img decoding=\"async\" loading=\"lazy\" src=\"https:\/\/informedeactividesfesi.iztacala.unam.mx\/wp-content\/uploads\/2023\/02\/4-1024x683.png\" alt=\"\" class=\"wp-image-844\" width=\"447\" height=\"298\" srcset=\"https:\/\/informedeactividesfesi.iztacala.unam.mx\/wp-content\/uploads\/2023\/02\/4-1024x683.png 1024w, https:\/\/informedeactividesfesi.iztacala.unam.mx\/wp-content\/uploads\/2023\/02\/4-300x200.png 300w, https:\/\/informedeactividesfesi.iztacala.unam.mx\/wp-content\/uploads\/2023\/02\/4-768x512.png 768w, https:\/\/informedeactividesfesi.iztacala.unam.mx\/wp-content\/uploads\/2023\/02\/4-1536x1024.png 1536w, https:\/\/informedeactividesfesi.iztacala.unam.mx\/wp-content\/uploads\/2023\/02\/4-2048x1365.png 2048w, https:\/\/informedeactividesfesi.iztacala.unam.mx\/wp-content\/uploads\/2023\/02\/4-930x620.png 930w\" sizes=\"(max-width: 447px) 100vw, 447px\" \/><\/figure><\/div>\n\n\n<p>Posterior a la experiencia de la pandemia, la DEU ha evolucionado, dise\u00f1ando una oferta acad\u00e9mica h\u00edbrida haciendo uso de recursos tecnol\u00f3gicos y plataformas digitales y con la finalidad de darla a conocer se cre\u00f3 el programa transmitido en vivo NEXO: con\u00e9ctate con la DEU, en colaboraci\u00f3n con el Departamento de Comunicaci\u00f3n Social y en el que hemos realizado <strong>17<\/strong> transmisiones, a trav\u00e9s de las redes sociales de la FESI.<\/p>\n\n\n\n<p>Con el prop\u00f3sito de apoyar la eficiencia terminal a nivel licenciatura, se logr\u00f3 que el <strong>98%<\/strong> de los diplomados abiertos sean con apoyo a la titulaci\u00f3n para los egresados de las carreras de nuestra Facultad y para los egresados de las FES Acatl\u00e1n, Arag\u00f3n, Cuautitl\u00e1n y Zaragoza; adem\u00e1s de las Facultades de Ciencias, Derecho y Psicolog\u00eda y Escuelas del Sistema Incorporado.<\/p>\n\n\n\n<p>En \u00e9sta misma l\u00ednea, se increment\u00f3 la oferta de diplomados como opci\u00f3n a titulaci\u00f3n con <strong>nueve <\/strong>programas nuevos, de los que <strong>cinco<\/strong> son Cirujano Dentista, <strong>uno<\/strong> de Enfermer\u00eda, <strong>uno<\/strong> de Psicolog\u00eda y <strong>dos<\/strong> de Optometr\u00eda. En este a\u00f1o se ofertaron <strong>63<\/strong> diplomados como opci\u00f3n a titulaci\u00f3n: <strong>cuatro<\/strong> de Biolog\u00eda, <strong>13<\/strong> de Cirujano Dentista, <strong>siete<\/strong> de Enfermer\u00eda, <strong>10<\/strong> de Optometr\u00eda, <strong>25<\/strong> de Psicolog\u00eda y <strong>cuatro<\/strong> multidisciplinarios.<\/p>\n\n\n<div class=\"wp-block-image\">\n<figure class=\"aligncenter size-full\"><img decoding=\"async\" loading=\"lazy\" width=\"806\" height=\"356\" src=\"https:\/\/informedeactividesfesi.iztacala.unam.mx\/wp-content\/uploads\/2023\/03\/8.1.png\" alt=\"\" class=\"wp-image-1326\" srcset=\"https:\/\/informedeactividesfesi.iztacala.unam.mx\/wp-content\/uploads\/2023\/03\/8.1.png 806w, https:\/\/informedeactividesfesi.iztacala.unam.mx\/wp-content\/uploads\/2023\/03\/8.1-300x133.png 300w, https:\/\/informedeactividesfesi.iztacala.unam.mx\/wp-content\/uploads\/2023\/03\/8.1-768x339.png 768w\" sizes=\"(max-width: 806px) 100vw, 806px\" \/><figcaption class=\"wp-element-caption\">Tabla 8.1<\/figcaption><\/figure><\/div>\n\n\n<p>En el \u00c1rea de Capacitaci\u00f3n y en colaboraci\u00f3n con otras entidades del sector p\u00fablico o privado del pa\u00eds, se realizaron <strong>96 <\/strong>actividades acad\u00e9micas en la modalidad h\u00edbrida con presencia en Morelia, Jalisco, Tijuana, CDMX, Oaxaca, Chiapas, Quer\u00e9taro, Estado de M\u00e9xico y Guanajuato. Estas capacitaciones se distribuyeron en <strong>66<\/strong> cursos y <strong>30 <\/strong>diplomados, con la participaci\u00f3n de <strong>1,929<\/strong> asistentes y <strong>553 <\/strong>acad\u00e9micos; adem\u00e1s, se firmaron <strong>92<\/strong> convenios de colaboraci\u00f3n, de los que <strong>19<\/strong> fueron internacionales.<\/p>\n\n\n\n<p>La presencia internacional de la FES Iztacala a trav\u00e9s de la Extensi\u00f3n Universitaria se refleja en la impartici\u00f3n de <strong>19<\/strong> cursos-taller a grupos provenientes de Ecuador, con <strong>212 <\/strong>participantes.<\/p>\n\n\n\n<figure class=\"wp-block-image alignfull size-full\"><img decoding=\"async\" loading=\"lazy\" width=\"766\" height=\"512\" src=\"https:\/\/informedeactividesfesi.iztacala.unam.mx\/wp-content\/uploads\/2023\/02\/cursos-ecuador.png\" alt=\"\" class=\"wp-image-1038\" srcset=\"https:\/\/informedeactividesfesi.iztacala.unam.mx\/wp-content\/uploads\/2023\/02\/cursos-ecuador.png 766w, https:\/\/informedeactividesfesi.iztacala.unam.mx\/wp-content\/uploads\/2023\/02\/cursos-ecuador-300x201.png 300w\" sizes=\"(max-width: 766px) 100vw, 766px\" \/><\/figure>\n\n\n\n<p>Con el objetivo de brindar a los alumnos y egresados herramientas que les permitan su inserci\u00f3n en el mercado laboral, la Bolsa de Trabajo Iztacala organiz\u00f3 <strong>62<\/strong> actividades acad\u00e9micas gratuitas: <strong>38 <\/strong>cursos y <strong>24<\/strong> webinars, con la participaci\u00f3n de <strong>4,820<\/strong> estudiantes y el apoyo de empresas como: Nestl\u00e9, AXA, Ver bien para aprender mejor, Educa por M\u00e9xico y Berlitz.<\/p>\n\n\n<div class=\"wp-block-image\">\n<figure class=\"alignleft size-full is-resized\"><img decoding=\"async\" loading=\"lazy\" src=\"https:\/\/informedeactividesfesi.iztacala.unam.mx\/wp-content\/uploads\/2023\/02\/22.8.1-edited-2.png\" alt=\"\" class=\"wp-image-927\" width=\"292\" height=\"219\" srcset=\"https:\/\/informedeactividesfesi.iztacala.unam.mx\/wp-content\/uploads\/2023\/02\/22.8.1-edited-2.png 637w, https:\/\/informedeactividesfesi.iztacala.unam.mx\/wp-content\/uploads\/2023\/02\/22.8.1-edited-2-300x225.png 300w\" sizes=\"(max-width: 292px) 100vw, 292px\" \/><\/figure><\/div>\n\n\n<p>En coordinaci\u00f3n con las carreras de nuestra Facultad se llevaron a cabo el <strong>Octavo<\/strong> Encuentro Odontol\u00f3gico y el <strong>Tercer <\/strong>Encuentro de Optometr\u00eda; en suma, ambos encuentros registraron una asistencia de <strong>3,650<\/strong> personas, lo que permite y fortalece la vinculaci\u00f3n con los alumnos y egresados de la Facultad.<\/p>\n\n\n\n<p>Se llev\u00f3 a cabo tambi\u00e9n la <strong>S\u00e9ptima<\/strong> Feria de Educaci\u00f3n Continua, en la que se present\u00f3 la oferta de <strong>56<\/strong> actividades acad\u00e9micas con una asistencia de <strong>645<\/strong> personas.<\/p>\n\n\n\n<p>Las actividades dise\u00f1adas por esta divisi\u00f3n, generaron un ingreso extraordinario de $29,054,525, recursos fundamentales para el desarrollo de esta y otras \u00e1reas de nuestra Facultad.<\/p>\n\n\n\n<div class=\"wp-block-buttons is-content-justification-center is-layout-flex wp-container-1\" style=\"letter-spacing:1px\">\n<div class=\"wp-block-button\" style=\"font-style:normal;font-weight:600\"><a class=\"wp-block-button__link has-nv-text-dark-bg-color has-neve-text-color-background-color has-text-color has-background wp-element-button\" style=\"border-radius:100px\">&lt;<\/a><\/div>\n\n\n\n<div class=\"wp-block-button has-custom-font-size\" style=\"font-size:18px\"><a class=\"wp-block-button__link has-neve-text-color-color has-nv-light-bg-background-color has-text-color has-background wp-element-button\" href=\"https:\/\/informedeactividesfesi.iztacala.unam.mx\/index.php\/tercer-informe\/\" style=\"border-radius:100px\">MEN\u00da PRINCIPAL<\/a><\/div>\n\n\n\n<div class=\"wp-block-button\" style=\"font-style:normal;font-weight:600\"><a class=\"wp-block-button__link has-nv-text-dark-bg-color has-neve-text-color-background-color has-text-color has-background wp-element-button\" style=\"border-radius:100px\">&gt;<\/a><\/div>\n<\/div>\n","protected":false},"excerpt":{"rendered":"<p>La Divisi\u00f3n de Extensi\u00f3n Universitaria (DEU) en el a\u00f1o 2022 ofert\u00f3 139 actividades de educaci\u00f3n continua: 56 webinars, 27 cursos, cuatro talleres y 52 diplomados. Es importante recalcar que los webinars son gratuitos como apoyo a nuestra comunidad y en ellos los egresados de la FESI participan como ponentes a trav\u00e9s del programa Regresa a&hellip;&nbsp;<a href=\"https:\/\/informedeactividesfesi.iztacala.unam.mx\/index.php\/eduacion-continua-3\/\" class=\"\" rel=\"bookmark\">Leer m\u00e1s &raquo;<span class=\"screen-reader-text\">Educaci\u00f3n continua y extensi\u00f3n universitaria<\/span><\/a><\/p>\n","protected":false},"author":3,"featured_media":0,"parent":0,"menu_order":0,"comment_status":"closed","ping_status":"closed","template":"","meta":{"neve_meta_sidebar":"full-width","neve_meta_container":"","neve_meta_enable_content_width":"on","neve_meta_content_width":100,"neve_meta_title_alignment":"","neve_meta_author_avatar":"","neve_post_elements_order":"","neve_meta_disable_header":"","neve_meta_disable_footer":"","neve_meta_disable_title":"","spay_email":""},"_links":{"self":[{"href":"https:\/\/informedeactividesfesi.iztacala.unam.mx\/index.php\/wp-json\/wp\/v2\/pages\/752"}],"collection":[{"href":"https:\/\/informedeactividesfesi.iztacala.unam.mx\/index.php\/wp-json\/wp\/v2\/pages"}],"about":[{"href":"https:\/\/informedeactividesfesi.iztacala.unam.mx\/index.php\/wp-json\/wp\/v2\/types\/page"}],"author":[{"embeddable":true,"href":"https:\/\/informedeactividesfesi.iztacala.unam.mx\/index.php\/wp-json\/wp\/v2\/users\/3"}],"replies":[{"embeddable":true,"href":"https:\/\/informedeactividesfesi.iztacala.unam.mx\/index.php\/wp-json\/wp\/v2\/comments?post=752"}],"version-history":[{"count":13,"href":"https:\/\/informedeactividesfesi.iztacala.unam.mx\/index.php\/wp-json\/wp\/v2\/pages\/752\/revisions"}],"predecessor-version":[{"id":1327,"href":"https:\/\/informedeactividesfesi.iztacala.unam.mx\/index.php\/wp-json\/wp\/v2\/pages\/752\/revisions\/1327"}],"wp:attachment":[{"href":"https:\/\/informedeactividesfesi.iztacala.unam.mx\/index.php\/wp-json\/wp\/v2\/media?parent=752"}],"curies":[{"name":"wp","href":"https:\/\/api.w.org\/{rel}","templated":true}]}}