{"id":758,"date":"2023-03-02T18:15:45","date_gmt":"2023-03-02T18:15:45","guid":{"rendered":"https:\/\/informedeactividesfesi.iztacala.unam.mx\/?page_id=758"},"modified":"2023-03-21T19:16:19","modified_gmt":"2023-03-21T19:16:19","slug":"actividades-deportivas-3","status":"publish","type":"page","link":"https:\/\/informedeactividesfesi.iztacala.unam.mx\/index.php\/actividades-deportivas-3\/","title":{"rendered":"Actividades deportivas"},"content":{"rendered":"\n<p>En 2022 la FES Iztacala, a trav\u00e9s del Departamento de Actividades Deportivas y Recreativas (DADyR), pudo llevar a cabo sus actividades formativas y representativas al 100%.<\/p>\n\n\n\n<figure class=\"wp-block-image alignfull size-large\"><img decoding=\"async\" loading=\"lazy\" width=\"1024\" height=\"683\" src=\"https:\/\/informedeactividesfesi.iztacala.unam.mx\/wp-content\/uploads\/2023\/02\/IMG_9372-4-1024x683.jpg\" alt=\"\" class=\"wp-image-1057\" srcset=\"https:\/\/informedeactividesfesi.iztacala.unam.mx\/wp-content\/uploads\/2023\/02\/IMG_9372-4-1024x683.jpg 1024w, https:\/\/informedeactividesfesi.iztacala.unam.mx\/wp-content\/uploads\/2023\/02\/IMG_9372-4-300x200.jpg 300w, https:\/\/informedeactividesfesi.iztacala.unam.mx\/wp-content\/uploads\/2023\/02\/IMG_9372-4-768x512.jpg 768w, https:\/\/informedeactividesfesi.iztacala.unam.mx\/wp-content\/uploads\/2023\/02\/IMG_9372-4-1536x1025.jpg 1536w, https:\/\/informedeactividesfesi.iztacala.unam.mx\/wp-content\/uploads\/2023\/02\/IMG_9372-4-930x620.jpg 930w, https:\/\/informedeactividesfesi.iztacala.unam.mx\/wp-content\/uploads\/2023\/02\/IMG_9372-4.jpg 2048w\" sizes=\"(max-width: 1024px) 100vw, 1024px\" \/><\/figure>\n\n\n\n<p>A inicio de a\u00f1o tuvimos representaci\u00f3n en la Universiada Nacional a trav\u00e9s de los deportistas: Mar\u00eda Gala Camacho Tapia, estudiante de la carrera de Psicolog\u00eda y competidora en la disciplina de Karate; Paulina Isabel Mej\u00eda, estudiante de la carrera de M\u00e9dico Cirujano y Citlali Santiago, estudiante de Psicolog\u00eda, ambas competidoras de la disciplina de Ajedrez. Sum\u00e1ndose los taekwondoines Lucero Monserrat Vidal Jim\u00e9nez y Luis Alberto Cort\u00e9s Flores, estudiantes de M\u00e9dico Cirujano y Enfermer\u00eda respectivamente; as\u00ed como la nadadora en Deporte Adaptado Itzayana Daniela Guevara Soto, estudiante del SUAyED Psicolog\u00eda quien, adem\u00e1s, form\u00f3 parte de la escolta en la ceremonia de abanderamiento previo a las justas deportivas.<\/p>\n\n\n\n<p>Tambi\u00e9n se obtuvieron <strong>50<\/strong> becas para uso de la alberca Adolfo L\u00f3pez Mateos como parte del convenio entre el DADyR, y el Municipio de Tlalnepantla, en beneficio de los estudiantes de la Facultad.<\/p>\n\n\n\n<p>Otros eventos realizados durante el 2022 fueron:<\/p>\n\n\n\n<ul>\n<li>Durante el primer periodo inter semestral, se llevaron a cabo talleres de defensa personal, acondicionamiento f\u00edsico y entrenamiento con kettlebell. Tambi\u00e9n participamos en las ediciones 11, 12 y 13 del Encuentro de Responsables del Deporte Universitario; en la edici\u00f3n once, el jefe del DADyR particip\u00f3 como ponente con el tema: \u201cEthos y la inclusi\u00f3n en el deporte\u201d.<\/li>\n\n\n\n<li>Se dio inicio al proyecto de la Escuela de F\u00fatbol Infantil Pumas Iztacala y se llev\u00f3 a cabo la Segunda Semana de Ciencia y Deporte en el Aula Magna de FES Iztacala, con ponencias a cargo de especialistas en medicina deportiva, psicolog\u00eda deportiva y salud, donde se abordaron temas en: Muerte S\u00fabita en el Deporte, Psicolog\u00eda Deportiva, Fisioterapia y Metodolog\u00eda del Entrenamiento Deportivo.<\/li>\n\n\n\n<li>Para el segundo semestre de 2022, se realiz\u00f3 la entrega de uniformes para los equipos representativos de disciplinas de conjunto rumbo a los juegos \u201c5F\u201d (Inter FES).<\/li>\n\n\n\n<li>Se llev\u00f3 a cabo la remodelaci\u00f3n total de la cancha de f\u00fatbol r\u00e1pido.<\/li>\n\n\n\n<li>El mantenimiento correctivo de la pista de atletismo.<\/li>\n\n\n\n<li>Participaci\u00f3n con <strong>tres<\/strong> representantes como asistentes al Primer Congreso del Deporte universitario.<\/li>\n\n\n\n<li>Se hizo la toma de la fotograf\u00eda oficial de equipos representativos en el gimnasio central, junto a las autoridades de la FESI.<\/li>\n<\/ul>\n\n\n\n<div class=\"wp-block-buttons is-content-justification-center is-layout-flex wp-container-1\" style=\"letter-spacing:1px\">\n<div class=\"wp-block-button\" style=\"font-style:normal;font-weight:600\"><a class=\"wp-block-button__link has-nv-text-dark-bg-color has-neve-text-color-background-color has-text-color has-background wp-element-button\" style=\"border-radius:100px\">&lt;<\/a><\/div>\n\n\n\n<div class=\"wp-block-button has-custom-font-size\" style=\"font-size:18px\"><a class=\"wp-block-button__link has-neve-text-color-color has-nv-light-bg-background-color has-text-color has-background wp-element-button\" href=\"https:\/\/informedeactividesfesi.iztacala.unam.mx\/index.php\/tercer-informe\/\" style=\"border-radius:100px\">MEN\u00da PRINCIPAL<\/a><\/div>\n\n\n\n<div class=\"wp-block-button\" style=\"font-style:normal;font-weight:600\"><a class=\"wp-block-button__link has-nv-text-dark-bg-color has-neve-text-color-background-color has-text-color has-background wp-element-button\" style=\"border-radius:100px\">&gt;<\/a><\/div>\n<\/div>\n","protected":false},"excerpt":{"rendered":"<p>En 2022 la FES Iztacala, a trav\u00e9s del Departamento de Actividades Deportivas y Recreativas (DADyR), pudo llevar a cabo sus actividades formativas y representativas al 100%. A inicio de a\u00f1o tuvimos representaci\u00f3n en la Universiada Nacional a trav\u00e9s de los deportistas: Mar\u00eda Gala Camacho Tapia, estudiante de la carrera de Psicolog\u00eda y competidora en la&hellip;&nbsp;<a href=\"https:\/\/informedeactividesfesi.iztacala.unam.mx\/index.php\/actividades-deportivas-3\/\" class=\"\" rel=\"bookmark\">Leer m\u00e1s &raquo;<span class=\"screen-reader-text\">Actividades deportivas<\/span><\/a><\/p>\n","protected":false},"author":3,"featured_media":0,"parent":0,"menu_order":0,"comment_status":"closed","ping_status":"closed","template":"","meta":{"neve_meta_sidebar":"full-width","neve_meta_container":"","neve_meta_enable_content_width":"on","neve_meta_content_width":100,"neve_meta_title_alignment":"","neve_meta_author_avatar":"","neve_post_elements_order":"","neve_meta_disable_header":"","neve_meta_disable_footer":"","neve_meta_disable_title":"","spay_email":""},"_links":{"self":[{"href":"https:\/\/informedeactividesfesi.iztacala.unam.mx\/index.php\/wp-json\/wp\/v2\/pages\/758"}],"collection":[{"href":"https:\/\/informedeactividesfesi.iztacala.unam.mx\/index.php\/wp-json\/wp\/v2\/pages"}],"about":[{"href":"https:\/\/informedeactividesfesi.iztacala.unam.mx\/index.php\/wp-json\/wp\/v2\/types\/page"}],"author":[{"embeddable":true,"href":"https:\/\/informedeactividesfesi.iztacala.unam.mx\/index.php\/wp-json\/wp\/v2\/users\/3"}],"replies":[{"embeddable":true,"href":"https:\/\/informedeactividesfesi.iztacala.unam.mx\/index.php\/wp-json\/wp\/v2\/comments?post=758"}],"version-history":[{"count":10,"href":"https:\/\/informedeactividesfesi.iztacala.unam.mx\/index.php\/wp-json\/wp\/v2\/pages\/758\/revisions"}],"predecessor-version":[{"id":1354,"href":"https:\/\/informedeactividesfesi.iztacala.unam.mx\/index.php\/wp-json\/wp\/v2\/pages\/758\/revisions\/1354"}],"wp:attachment":[{"href":"https:\/\/informedeactividesfesi.iztacala.unam.mx\/index.php\/wp-json\/wp\/v2\/media?parent=758"}],"curies":[{"name":"wp","href":"https:\/\/api.w.org\/{rel}","templated":true}]}}