{"id":760,"date":"2023-02-03T00:24:14","date_gmt":"2023-02-03T00:24:14","guid":{"rendered":"https:\/\/informedeactividesfesi.iztacala.unam.mx\/?page_id=760"},"modified":"2023-03-21T19:17:04","modified_gmt":"2023-03-21T19:17:04","slug":"actividades-culturales-3","status":"publish","type":"page","link":"https:\/\/informedeactividesfesi.iztacala.unam.mx\/index.php\/actividades-culturales-3\/","title":{"rendered":"Actividades culturales"},"content":{"rendered":"<div class=\"wp-block-image\">\n<figure class=\"alignleft size-large is-resized\"><img decoding=\"async\" loading=\"lazy\" src=\"https:\/\/informedeactividesfesi.iztacala.unam.mx\/wp-content\/uploads\/2023\/02\/IMG_0139-1024x683.png\" alt=\"\" class=\"wp-image-954\" width=\"451\" height=\"301\" srcset=\"https:\/\/informedeactividesfesi.iztacala.unam.mx\/wp-content\/uploads\/2023\/02\/IMG_0139-1024x683.png 1024w, https:\/\/informedeactividesfesi.iztacala.unam.mx\/wp-content\/uploads\/2023\/02\/IMG_0139-300x200.png 300w, https:\/\/informedeactividesfesi.iztacala.unam.mx\/wp-content\/uploads\/2023\/02\/IMG_0139-768x512.png 768w, https:\/\/informedeactividesfesi.iztacala.unam.mx\/wp-content\/uploads\/2023\/02\/IMG_0139-1536x1024.png 1536w, https:\/\/informedeactividesfesi.iztacala.unam.mx\/wp-content\/uploads\/2023\/02\/IMG_0139-2048x1365.png 2048w, https:\/\/informedeactividesfesi.iztacala.unam.mx\/wp-content\/uploads\/2023\/02\/IMG_0139-930x620.png 930w\" sizes=\"(max-width: 451px) 100vw, 451px\" \/><\/figure><\/div>\n\n\n<p>Durante 2022, la promoci\u00f3n y realizaci\u00f3n de eventos culturales se mantuvo de manera presencial, h\u00edbrida y a distancia, se ofrecieron <strong>74<\/strong> talleres art\u00edsticos y culturales; se realizaron m\u00e1s de <strong>350<\/strong> actividades, destacando la apertura de la divisi\u00f3n de &#8220;Danza Terap\u00e9utica&#8221; del Taller Coreogr\u00e1fico Danza Iztacala, la Exposici\u00f3n Fotogr\u00e1fica Internacional &#8220;N\u00f3mada&#8221; de Enrique Mart\u00ednez, as\u00ed como la instauraci\u00f3n y permanencia de actividades con perspectiva de g\u00e9nero por parte de la tuna femenil de la FESI y el Taller de Creatividad Literaria.<\/p>\n\n\n\n<p>En cuanto a divulgaci\u00f3n cient\u00edfica, se consolid\u00f3 el programa <strong>Nuestros Em\u00e9ritos en Iztacala<\/strong>, con la participaci\u00f3n de la <strong>Dra. Herminia Pasantes Ord\u00f3\u00f1ez y el Dr. Juan Pedro Laclette San Rom\u00e1n<\/strong>, quienes compartieron su conocimiento y trayectoria con nuestra comunidad; adem\u00e1s, se apoy\u00f3 la realizaci\u00f3n de los Seminarios Institucionales.&nbsp;<\/p>\n\n\n\n<p>Por <strong>s\u00e9ptimo a\u00f1o<\/strong> consecutivo, Iztacala fue sede de la Fiesta de las Ciencias y de las Humanidades, organizada por la Direcci\u00f3n General de Divulgaci\u00f3n de la Ciencia (DGDC) en donde nuestras profesoras y profesores compartieron una muestra de la investigaci\u00f3n que se genera en la Facultad.<\/p>\n\n\n\n<p>Respecto a los v\u00ednculos internacionales para el intercambio art\u00edstico y cultural, estos se realizaron con universidades de Argentina, Chile, Colombia, Per\u00fa y Bolivia.<\/p>\n\n\n\n<p>Con apoyo de las plataformas digitales, las actividades culturales y de divulgaci\u00f3n cient\u00edfica alcanzaron a lo largo del a\u00f1o a <strong>220,200<\/strong> personas. Por \u00faltimo, hago menci\u00f3n que nuestro <strong>Centro Cultural Iztacala<\/strong> celebr\u00f3 su aniversario n\u00famero veinte.<\/p>\n\n\n\n<div class=\"wp-block-buttons is-content-justification-center is-layout-flex wp-container-1\" style=\"letter-spacing:1px\">\n<div class=\"wp-block-button\" style=\"font-style:normal;font-weight:600\"><a class=\"wp-block-button__link has-nv-text-dark-bg-color has-neve-text-color-background-color has-text-color has-background wp-element-button\" style=\"border-radius:100px\">&lt;<\/a><\/div>\n\n\n\n<div class=\"wp-block-button has-custom-font-size\" style=\"font-size:18px\"><a class=\"wp-block-button__link has-neve-text-color-color has-nv-light-bg-background-color has-text-color has-background wp-element-button\" href=\"https:\/\/informedeactividesfesi.iztacala.unam.mx\/index.php\/tercer-informe\/\" style=\"border-radius:100px\">MEN\u00da PRINCIPAL<\/a><\/div>\n\n\n\n<div class=\"wp-block-button\" style=\"font-style:normal;font-weight:600\"><a class=\"wp-block-button__link has-nv-text-dark-bg-color has-neve-text-color-background-color has-text-color has-background wp-element-button\" style=\"border-radius:100px\">&gt;<\/a><\/div>\n<\/div>\n","protected":false},"excerpt":{"rendered":"<p>Durante 2022, la promoci\u00f3n y realizaci\u00f3n de eventos culturales se mantuvo de manera presencial, h\u00edbrida y a distancia, se ofrecieron 74 talleres art\u00edsticos y culturales; se realizaron m\u00e1s de 350 actividades, destacando la apertura de la divisi\u00f3n de &#8220;Danza Terap\u00e9utica&#8221; del Taller Coreogr\u00e1fico Danza Iztacala, la Exposici\u00f3n Fotogr\u00e1fica Internacional &#8220;N\u00f3mada&#8221; de Enrique Mart\u00ednez, as\u00ed como&hellip;&nbsp;<a href=\"https:\/\/informedeactividesfesi.iztacala.unam.mx\/index.php\/actividades-culturales-3\/\" class=\"\" rel=\"bookmark\">Leer m\u00e1s &raquo;<span class=\"screen-reader-text\">Actividades culturales<\/span><\/a><\/p>\n","protected":false},"author":7,"featured_media":0,"parent":0,"menu_order":0,"comment_status":"closed","ping_status":"closed","template":"","meta":{"neve_meta_sidebar":"full-width","neve_meta_container":"","neve_meta_enable_content_width":"on","neve_meta_content_width":100,"neve_meta_title_alignment":"","neve_meta_author_avatar":"","neve_post_elements_order":"","neve_meta_disable_header":"","neve_meta_disable_footer":"","neve_meta_disable_title":"","spay_email":""},"_links":{"self":[{"href":"https:\/\/informedeactividesfesi.iztacala.unam.mx\/index.php\/wp-json\/wp\/v2\/pages\/760"}],"collection":[{"href":"https:\/\/informedeactividesfesi.iztacala.unam.mx\/index.php\/wp-json\/wp\/v2\/pages"}],"about":[{"href":"https:\/\/informedeactividesfesi.iztacala.unam.mx\/index.php\/wp-json\/wp\/v2\/types\/page"}],"author":[{"embeddable":true,"href":"https:\/\/informedeactividesfesi.iztacala.unam.mx\/index.php\/wp-json\/wp\/v2\/users\/7"}],"replies":[{"embeddable":true,"href":"https:\/\/informedeactividesfesi.iztacala.unam.mx\/index.php\/wp-json\/wp\/v2\/comments?post=760"}],"version-history":[{"count":8,"href":"https:\/\/informedeactividesfesi.iztacala.unam.mx\/index.php\/wp-json\/wp\/v2\/pages\/760\/revisions"}],"predecessor-version":[{"id":1338,"href":"https:\/\/informedeactividesfesi.iztacala.unam.mx\/index.php\/wp-json\/wp\/v2\/pages\/760\/revisions\/1338"}],"wp:attachment":[{"href":"https:\/\/informedeactividesfesi.iztacala.unam.mx\/index.php\/wp-json\/wp\/v2\/media?parent=760"}],"curies":[{"name":"wp","href":"https:\/\/api.w.org\/{rel}","templated":true}]}}