{"id":764,"date":"2023-03-02T17:57:11","date_gmt":"2023-03-02T17:57:11","guid":{"rendered":"https:\/\/informedeactividesfesi.iztacala.unam.mx\/?page_id=764"},"modified":"2023-03-21T19:16:50","modified_gmt":"2023-03-21T19:16:50","slug":"comisiones-3","status":"publish","type":"page","link":"https:\/\/informedeactividesfesi.iztacala.unam.mx\/index.php\/comisiones-3\/","title":{"rendered":"Comisiones"},"content":{"rendered":"\n<h2 class=\"has-nv-site-bg-color has-nv-c-1-background-color has-text-color has-background wp-block-heading\" style=\"font-size:30px;letter-spacing:2px\">Comisi\u00f3n Local de Seguridad<\/h2>\n\n\n<div class=\"wp-block-image\">\n<figure class=\"alignleft size-large is-resized\"><img decoding=\"async\" loading=\"lazy\" src=\"https:\/\/informedeactividesfesi.iztacala.unam.mx\/wp-content\/uploads\/2023\/02\/5-683x1024.jpg\" alt=\"\" class=\"wp-image-945\" width=\"353\" height=\"528\" srcset=\"https:\/\/informedeactividesfesi.iztacala.unam.mx\/wp-content\/uploads\/2023\/02\/5-683x1024.jpg 683w, https:\/\/informedeactividesfesi.iztacala.unam.mx\/wp-content\/uploads\/2023\/02\/5-200x300.jpg 200w, https:\/\/informedeactividesfesi.iztacala.unam.mx\/wp-content\/uploads\/2023\/02\/5-scaled.jpg 1707w\" sizes=\"(max-width: 353px) 100vw, 353px\" \/><\/figure><\/div>\n\n\n<p>Con el objetivo de mantener a nuestra comunidad en el menor riesgo posible de infecci\u00f3n por SARS-CoV-2, durante el primer semestre del a\u00f1o se actualiz\u00f3 el protocolo de medidas de seguridad sanitaria en la Facultad en 2 ocasiones. Durante la \u00faltima etapa de esta contingencia se mantuvieron las medidas de seguridad sanitaria (higiene de manos, uso de cubrebocas, ventilaci\u00f3n de espacios y mantener sana distancia). Se implement\u00f3 un centro de acopio para apoyar a las v\u00edctimas del hurac\u00e1n Agatha; se realizaron <strong>10<\/strong> sesiones ordinarias de la Comisi\u00f3n Local de Seguridad Iztacala, <strong>11<\/strong> pruebas del sistema de perifoneo de la alerta s\u00edsmica, <strong>20<\/strong> recorridos de seguridad con el fin de identificar condiciones de riesgo y reforzar medidas de seguridad en nuestro campus. Adem\u00e1s, tuvimos <strong>24<\/strong> reuniones con autoridades municipales y estatales en materia de seguridad p\u00fablica, procuraci\u00f3n de justicia y robo al transporte p\u00fablico. Con estas instancias se gestiona la cobertura con elementos de la polic\u00eda, la vigilancia de rutas sugeridas en horarios de acceso y de salida de la comunidad universitaria.<\/p>\n\n\n\n<p>Con la mayor actividad en nuestro plantel, se atendieron a <strong>115<\/strong> lesionados en el campus central; por lo anterior, se mantiene un v\u00ednculo de comunicaci\u00f3n permanente con la Unidad de Rescate de Urgencias M\u00e9dicas Base F\u00e9nix para el apoyo en caso de requerirse traslados de emergencia.<\/p>\n\n\n\n<p>Se ha mantenido el Programa de Capacitaci\u00f3n Itinerante a las Unidades de Investigaci\u00f3n, que comprende primeros auxilios y soporte vital b\u00e1sico, con la asistencia de <strong>63 <\/strong>acad\u00e9micos y estudiantes.&nbsp;<\/p>\n\n\n\n<p>Para mejorar la seguridad de nuestra comunidad, se reforzaron acuerdos con autoridades de la Secretar\u00eda de Movilidad y l\u00edderes de transporte de las <strong>rutas 1 y 26<\/strong> para mantener el programa de transporte seguro y operar los servicios directos a las estaciones del Metro El Rosario, La Raza y la estaci\u00f3n del Tren Suburbano Tlalnepantla, teniendo un retorno favorable a las actividades presenciales.<\/p>\n\n\n\n<h2 class=\"has-nv-site-bg-color has-nv-c-1-background-color has-text-color has-background wp-block-heading\" style=\"font-size:30px;letter-spacing:2px\">Comisi\u00f3n Interna para la Igualdad de G\u00e9nero (CInIG)<\/h2>\n\n\n\n<p>Parte esencial de este 2022 fue el trabajo que realiz\u00f3 la CInIG al participar activamente en las mesas de trabajo para la igualdad y la prevenci\u00f3nde la violencia de g\u00e9nero; al ser un \u00f3rgano auxiliar de la Facultad que tiene como objetivo impulsar la implementaci\u00f3n de la pol\u00edtica institucional en materia de igualdad de g\u00e9nero de la Universidad y prevenir cualquier tipo de discriminaci\u00f3n y violencia por razones de g\u00e9nero, a trav\u00e9s de acciones sistem\u00e1ticas y profundas dise\u00f1adas con la participaci\u00f3n de las autoridades y la comunidad.<\/p>\n\n\n\n<p>Esta comisi\u00f3n realiz\u00f3 diversas acciones de dise\u00f1o, promoci\u00f3n y difusi\u00f3n de convocatorias, cursos, talleres, microtalleres, charlas y conferencias de diversos temas en materia de igualdad y prevenci\u00f3n de la violencia de g\u00e9nero dentro de nuestra comunidad con la finalidad de fortalecer la pol\u00edtica universitaria, dentro. Dentro de los que destacan los siguientes:<\/p>\n\n\n<div class=\"wp-block-image\">\n<figure class=\"aligncenter size-full is-resized\"><img decoding=\"async\" loading=\"lazy\" src=\"https:\/\/informedeactividesfesi.iztacala.unam.mx\/wp-content\/uploads\/2023\/03\/13.1.png\" alt=\"\" class=\"wp-image-1340\" width=\"-47\" height=\"-30\" srcset=\"https:\/\/informedeactividesfesi.iztacala.unam.mx\/wp-content\/uploads\/2023\/03\/13.1.png 800w, https:\/\/informedeactividesfesi.iztacala.unam.mx\/wp-content\/uploads\/2023\/03\/13.1-300x190.png 300w, https:\/\/informedeactividesfesi.iztacala.unam.mx\/wp-content\/uploads\/2023\/03\/13.1-768x486.png 768w\" sizes=\"(max-width: 800px) 100vw, 800px\" \/><figcaption class=\"wp-element-caption\">Tabla 13.1<\/figcaption><\/figure><\/div>\n\n\n<p>Se particip\u00f3 en difusi\u00f3n de eventos como fueron: 11F, 8M, 25N, y el Mes del orgullo puma 2022; se estableci\u00f3 el Programa Anual de Actividades y Seguimientos Trimestrales de la CInIG-FESI en el Sistema de Seguimiento y Transversalizaci\u00f3n de la Pol\u00edtica Institucional en materia de Igualdad de G\u00e9nero de la UNAM. Adem\u00e1s, se dio inicio del dise\u00f1o de la Asignatura: Igualdad de G\u00e9nero, junto con la Coordinaci\u00f3n de Dise\u00f1o y Evaluaci\u00f3n Curricular (CODEC) por el prop\u00f3sito de que todo el estudiantado de la Facultad la curse como requisito obligatorio de permanencia para todas las carreras.&nbsp;&nbsp;<\/p>\n\n\n\n<p>El sitio web oficial de la CInIG se puede consultar en: <a href=\"https:\/\/sitios.iztacala.unam.mx\/cinig\/\">https:\/\/sitios.iztacala.unam.mx\/cinig\/<\/a>&nbsp;<\/p>\n\n\n\n<figure class=\"wp-block-image alignfull size-large\"><img decoding=\"async\" loading=\"lazy\" width=\"1024\" height=\"531\" src=\"https:\/\/informedeactividesfesi.iztacala.unam.mx\/wp-content\/uploads\/2023\/02\/22.13.1-1024x531.png\" alt=\"\" class=\"wp-image-930\" srcset=\"https:\/\/informedeactividesfesi.iztacala.unam.mx\/wp-content\/uploads\/2023\/02\/22.13.1-1024x531.png 1024w, https:\/\/informedeactividesfesi.iztacala.unam.mx\/wp-content\/uploads\/2023\/02\/22.13.1-300x156.png 300w, https:\/\/informedeactividesfesi.iztacala.unam.mx\/wp-content\/uploads\/2023\/02\/22.13.1-768x398.png 768w, https:\/\/informedeactividesfesi.iztacala.unam.mx\/wp-content\/uploads\/2023\/02\/22.13.1-1536x797.png 1536w, https:\/\/informedeactividesfesi.iztacala.unam.mx\/wp-content\/uploads\/2023\/02\/22.13.1.png 1575w\" sizes=\"(max-width: 1024px) 100vw, 1024px\" \/><\/figure>\n\n\n\n<div class=\"wp-block-buttons is-content-justification-center is-layout-flex wp-container-1\" style=\"letter-spacing:1px\">\n<div class=\"wp-block-button\" style=\"font-style:normal;font-weight:600\"><a class=\"wp-block-button__link has-nv-text-dark-bg-color has-neve-text-color-background-color has-text-color has-background wp-element-button\" style=\"border-radius:100px\">&lt;<\/a><\/div>\n\n\n\n<div class=\"wp-block-button has-custom-font-size\" style=\"font-size:18px\"><a class=\"wp-block-button__link has-neve-text-color-color has-nv-light-bg-background-color has-text-color has-background wp-element-button\" href=\"https:\/\/informedeactividesfesi.iztacala.unam.mx\/index.php\/tercer-informe\/\" style=\"border-radius:100px\">MEN\u00da PRINCIPAL<\/a><\/div>\n\n\n\n<div class=\"wp-block-button\" style=\"font-style:normal;font-weight:600\"><a class=\"wp-block-button__link has-nv-text-dark-bg-color has-neve-text-color-background-color has-text-color has-background wp-element-button\" style=\"border-radius:100px\">&gt;<\/a><\/div>\n<\/div>\n","protected":false},"excerpt":{"rendered":"<p>Comisi\u00f3n Local de Seguridad Con el objetivo de mantener a nuestra comunidad en el menor riesgo posible de infecci\u00f3n por SARS-CoV-2, durante el primer semestre del a\u00f1o se actualiz\u00f3 el protocolo de medidas de seguridad sanitaria en la Facultad en 2 ocasiones. Durante la \u00faltima etapa de esta contingencia se mantuvieron las medidas de seguridad&hellip;&nbsp;<a href=\"https:\/\/informedeactividesfesi.iztacala.unam.mx\/index.php\/comisiones-3\/\" class=\"\" rel=\"bookmark\">Leer m\u00e1s &raquo;<span class=\"screen-reader-text\">Comisiones<\/span><\/a><\/p>\n","protected":false},"author":3,"featured_media":0,"parent":0,"menu_order":0,"comment_status":"closed","ping_status":"closed","template":"","meta":{"neve_meta_sidebar":"full-width","neve_meta_container":"","neve_meta_enable_content_width":"on","neve_meta_content_width":100,"neve_meta_title_alignment":"","neve_meta_author_avatar":"","neve_post_elements_order":"","neve_meta_disable_header":"","neve_meta_disable_footer":"","neve_meta_disable_title":"","spay_email":""},"_links":{"self":[{"href":"https:\/\/informedeactividesfesi.iztacala.unam.mx\/index.php\/wp-json\/wp\/v2\/pages\/764"}],"collection":[{"href":"https:\/\/informedeactividesfesi.iztacala.unam.mx\/index.php\/wp-json\/wp\/v2\/pages"}],"about":[{"href":"https:\/\/informedeactividesfesi.iztacala.unam.mx\/index.php\/wp-json\/wp\/v2\/types\/page"}],"author":[{"embeddable":true,"href":"https:\/\/informedeactividesfesi.iztacala.unam.mx\/index.php\/wp-json\/wp\/v2\/users\/3"}],"replies":[{"embeddable":true,"href":"https:\/\/informedeactividesfesi.iztacala.unam.mx\/index.php\/wp-json\/wp\/v2\/comments?post=764"}],"version-history":[{"count":10,"href":"https:\/\/informedeactividesfesi.iztacala.unam.mx\/index.php\/wp-json\/wp\/v2\/pages\/764\/revisions"}],"predecessor-version":[{"id":1341,"href":"https:\/\/informedeactividesfesi.iztacala.unam.mx\/index.php\/wp-json\/wp\/v2\/pages\/764\/revisions\/1341"}],"wp:attachment":[{"href":"https:\/\/informedeactividesfesi.iztacala.unam.mx\/index.php\/wp-json\/wp\/v2\/media?parent=764"}],"curies":[{"name":"wp","href":"https:\/\/api.w.org\/{rel}","templated":true}]}}