{"id":768,"date":"2023-02-22T17:44:32","date_gmt":"2023-02-22T17:44:32","guid":{"rendered":"https:\/\/informedeactividesfesi.iztacala.unam.mx\/?page_id=768"},"modified":"2023-03-21T19:17:25","modified_gmt":"2023-03-21T19:17:25","slug":"conclusiones-3","status":"publish","type":"page","link":"https:\/\/informedeactividesfesi.iztacala.unam.mx\/index.php\/conclusiones-3\/","title":{"rendered":"Conclusiones"},"content":{"rendered":"<div class=\"wp-block-image\">\n<figure class=\"alignleft size-large is-resized\"><img decoding=\"async\" loading=\"lazy\" src=\"https:\/\/informedeactividesfesi.iztacala.unam.mx\/wp-content\/uploads\/2023\/02\/08-1-788x1024.jpg\" alt=\"\" class=\"wp-image-1196\" width=\"438\" height=\"570\" srcset=\"https:\/\/informedeactividesfesi.iztacala.unam.mx\/wp-content\/uploads\/2023\/02\/08-1-788x1024.jpg 788w, https:\/\/informedeactividesfesi.iztacala.unam.mx\/wp-content\/uploads\/2023\/02\/08-1-231x300.jpg 231w, https:\/\/informedeactividesfesi.iztacala.unam.mx\/wp-content\/uploads\/2023\/02\/08-1-768x998.jpg 768w, https:\/\/informedeactividesfesi.iztacala.unam.mx\/wp-content\/uploads\/2023\/02\/08-1-1182x1536.jpg 1182w, https:\/\/informedeactividesfesi.iztacala.unam.mx\/wp-content\/uploads\/2023\/02\/08-1-1576x2048.jpg 1576w, https:\/\/informedeactividesfesi.iztacala.unam.mx\/wp-content\/uploads\/2023\/02\/08-1-scaled.jpg 1970w\" sizes=\"(max-width: 438px) 100vw, 438px\" \/><\/figure><\/div>\n\n\n<p>Concluyo este informe profundamente satisfecha con los esfuerzos y logros por parte de la comunidad universitaria en Iztacala y, sobre todo, muy consciente de los retos y \u00e1reas de oportunidad que a\u00fan tenemos y que afrontaremos en este \u00faltimo a\u00f1o de mi administraci\u00f3n.<\/p>\n\n\n\n<p>Me siento honrada de continuar compartiendo trinchera con profesionales comprometidos con los objetivos que tenemos como instituci\u00f3n y que procuran y priorizan la salud y el desarrollo de nuestra comunidad y de la sociedad en general.<\/p>\n\n\n\n<p>A pesar de las vicisitudes propias de la \u00e9poca, celebro la actitud proactiva y propositiva que hemos manifestado ante el reencuentro social que estamos viviendo y nos han hecho ver nuestras diferencias, mismas que hemos sabido resolver con base en el di\u00e1logo, el respeto y la empat\u00eda.<\/p>\n\n\n\n<p>En la FES Iztacala la ciencia es una tradici\u00f3n y el conocimiento, un compromiso; por lo que quiero dar las gracias a quienes, desde cada unidad de investigaci\u00f3n y laboratorio, refrendan su vocaci\u00f3n con la calidad en el trabajo, sobre todo a los j\u00f3venes, quienes empujan generacionalmente con nuevas ideas, perspectivas y estructuras, tan necesarias actualmente.<\/p>\n\n\n\n<p>Hemos vuelto a las brigadas y a la atenci\u00f3n en cl\u00ednicas y a pesar de la situaci\u00f3n alarmante en cuestiones de seguridad a nivel nacional, nuestro campus y cl\u00ednicas son espacios seguros.<\/p>\n\n\n\n<p>Agradezco al equipo de vigilancia por su labor constante y a todas y todos los trabajadores administrativos en los que descansan los procesos y cuidados de nuestra Facultad; reconozco la disposici\u00f3n y apoyo de las autoridades municipales de Cuautitl\u00e1n, Ecatepec, Naucalpan, de la Ciudad de M\u00e9xico y, sobre todo, del municipio de Tlalnepantla, por el trabajo colaborativo en beneficio de nuestra comunidad.<\/p>\n\n\n\n<p>Reitero que este informe de actividades, resume de manera injusta la labor de un gran equipo de personas trabajadoras, nobles y creativas; y la constancia y esfuerzo por adaptarse a una nueva realidad por parte de las y los j\u00f3venes; del empe\u00f1o y vocaci\u00f3n de las y los docentes que recibieron nuevamente a sus alumnos, enfrent\u00e1ndose a una nueva generaci\u00f3n, con todo lo que ello implica.<\/p>\n\n\n\n<p>Reconozco a mis compa\u00f1eros de trabajo, a las y los funcionarios que dieron continuidad a los tr\u00e1mites y servicios, y a quienes les agradezco su compa\u00f1\u00eda, asesor\u00eda y apoyo en todo momento.<\/p>\n\n\n\n<p>El presente de nuestra Facultad en nuestra Universidad es bueno y nuestro futuro promisorio; quienes pertenecemos a la FES Iztacala debemos sentirnos satisfechos por todo lo que construimos, as\u00ed como profundamente comprometidos con el desarrollo de nuestra instituci\u00f3n, como parte de la Universidad Nacional y como factor de cambio en nuestro pa\u00eds.<\/p>\n\n\n\n<p>A pesar de que jam\u00e1s dejamos de trabajar, hoy m\u00e1s que nunca me siento feliz de poder decirles que hemos vuelto.<\/p>\n\n\n\n<p>Es un privilegio trabajar junto a todas y todos ustedes.<\/p>\n\n\n\n<p><strong>\u201cPor mi raza hablar\u00e1 el esp\u00edritu\u201d<\/strong><\/p>\n\n\n\n<p>Dra. Mar\u00eda del Coro Arizmendi Arriaga<\/p>\n\n\n\n<figure class=\"wp-block-image alignwide size-large\"><img decoding=\"async\" loading=\"lazy\" width=\"1024\" height=\"683\" src=\"https:\/\/informedeactividesfesi.iztacala.unam.mx\/wp-content\/uploads\/2023\/02\/27-1024x683.jpg\" alt=\"\" class=\"wp-image-1197\" srcset=\"https:\/\/informedeactividesfesi.iztacala.unam.mx\/wp-content\/uploads\/2023\/02\/27-1024x683.jpg 1024w, https:\/\/informedeactividesfesi.iztacala.unam.mx\/wp-content\/uploads\/2023\/02\/27-300x200.jpg 300w, https:\/\/informedeactividesfesi.iztacala.unam.mx\/wp-content\/uploads\/2023\/02\/27-768x512.jpg 768w, https:\/\/informedeactividesfesi.iztacala.unam.mx\/wp-content\/uploads\/2023\/02\/27-1536x1024.jpg 1536w, https:\/\/informedeactividesfesi.iztacala.unam.mx\/wp-content\/uploads\/2023\/02\/27-2048x1365.jpg 2048w, https:\/\/informedeactividesfesi.iztacala.unam.mx\/wp-content\/uploads\/2023\/02\/27-930x620.jpg 930w\" sizes=\"(max-width: 1024px) 100vw, 1024px\" \/><\/figure>\n\n\n\n<div class=\"wp-block-buttons is-content-justification-center is-layout-flex wp-container-1\" style=\"letter-spacing:1px\">\n<div class=\"wp-block-button\" style=\"font-style:normal;font-weight:600\"><a class=\"wp-block-button__link has-nv-text-dark-bg-color has-neve-text-color-background-color has-text-color has-background wp-element-button\" style=\"border-radius:100px\">&lt;<\/a><\/div>\n\n\n\n<div class=\"wp-block-button has-custom-font-size\" style=\"font-size:18px\"><a class=\"wp-block-button__link has-neve-text-color-color has-nv-light-bg-background-color has-text-color has-background wp-element-button\" href=\"https:\/\/informedeactividesfesi.iztacala.unam.mx\/index.php\/tercer-informe\/\" style=\"border-radius:100px\">MEN\u00da PRINCIPAL<\/a><\/div>\n\n\n\n<div class=\"wp-block-button\" style=\"font-style:normal;font-weight:600\"><a class=\"wp-block-button__link has-nv-text-dark-bg-color has-neve-text-color-background-color has-text-color has-background wp-element-button\" style=\"border-radius:100px\">&gt;<\/a><\/div>\n<\/div>\n","protected":false},"excerpt":{"rendered":"<p>Concluyo este informe profundamente satisfecha con los esfuerzos y logros por parte de la comunidad universitaria en Iztacala y, sobre todo, muy consciente de los retos y \u00e1reas de oportunidad que a\u00fan tenemos y que afrontaremos en este \u00faltimo a\u00f1o de mi administraci\u00f3n. Me siento honrada de continuar compartiendo trinchera con profesionales comprometidos con los&hellip;&nbsp;<a href=\"https:\/\/informedeactividesfesi.iztacala.unam.mx\/index.php\/conclusiones-3\/\" class=\"\" rel=\"bookmark\">Leer m\u00e1s &raquo;<span class=\"screen-reader-text\">Conclusiones<\/span><\/a><\/p>\n","protected":false},"author":3,"featured_media":0,"parent":0,"menu_order":0,"comment_status":"closed","ping_status":"closed","template":"","meta":{"neve_meta_sidebar":"full-width","neve_meta_container":"","neve_meta_enable_content_width":"on","neve_meta_content_width":100,"neve_meta_title_alignment":"","neve_meta_author_avatar":"","neve_post_elements_order":"","neve_meta_disable_header":"","neve_meta_disable_footer":"","neve_meta_disable_title":"","spay_email":""},"_links":{"self":[{"href":"https:\/\/informedeactividesfesi.iztacala.unam.mx\/index.php\/wp-json\/wp\/v2\/pages\/768"}],"collection":[{"href":"https:\/\/informedeactividesfesi.iztacala.unam.mx\/index.php\/wp-json\/wp\/v2\/pages"}],"about":[{"href":"https:\/\/informedeactividesfesi.iztacala.unam.mx\/index.php\/wp-json\/wp\/v2\/types\/page"}],"author":[{"embeddable":true,"href":"https:\/\/informedeactividesfesi.iztacala.unam.mx\/index.php\/wp-json\/wp\/v2\/users\/3"}],"replies":[{"embeddable":true,"href":"https:\/\/informedeactividesfesi.iztacala.unam.mx\/index.php\/wp-json\/wp\/v2\/comments?post=768"}],"version-history":[{"count":9,"href":"https:\/\/informedeactividesfesi.iztacala.unam.mx\/index.php\/wp-json\/wp\/v2\/pages\/768\/revisions"}],"predecessor-version":[{"id":1229,"href":"https:\/\/informedeactividesfesi.iztacala.unam.mx\/index.php\/wp-json\/wp\/v2\/pages\/768\/revisions\/1229"}],"wp:attachment":[{"href":"https:\/\/informedeactividesfesi.iztacala.unam.mx\/index.php\/wp-json\/wp\/v2\/media?parent=768"}],"curies":[{"name":"wp","href":"https:\/\/api.w.org\/{rel}","templated":true}]}}